{"id":888,"date":"2013-01-30T12:39:00","date_gmt":"2013-01-30T17:39:00","guid":{"rendered":"http:\/\/54.225.232.228\/us\/store\/uncategorized\/sendas-antiguas\/"},"modified":"2026-03-31T07:57:22","modified_gmt":"2026-03-31T12:57:22","slug":"sendas-antiguas","status":"publish","type":"product","link":"https:\/\/staging.banneroftruth.org\/us\/store\/theology\/sendas-antiguas\/","title":{"rendered":"Sendas Antiguas"},"content":{"rendered":"<h2>Book Description<\/h2>\n<p>El primero en utilizar la expresi\u00f3n sendas antiguas fue el profeta Jerem\u00edas, que garantiz\u00f3\u00a0aquienes las siguieran que hallar\u00edan descanso para [su] alma (Jer. 6:16). J.C. Ryle ten\u00eda la misma convicci\u00f3n, y escribi\u00f3: Cuantos m\u00e1s a\u00f1os pasan, m\u00e1s convencido estoy de que el mundo no necesita un nuevo evangelio, tal como algunos parecen pensar. Estoy completamente seguro de que el mundo solo necesita una ense\u00f1anza plena, valiente y sin concesiones de las &#8216;sendas antiguas&#8217;. En este libro, Ryle expone las grandes cuestiones del evangelio y demuestra que, ciertamente, este es el buen camino donde hallar verdadero descanso para el alma.<\/p>\n","protected":false},"excerpt":{"rendered":"<p>Book Description El primero en utilizar la expresi\u00f3n sendas antiguas fue el profeta Jerem\u00edas, que garantiz\u00f3\u00a0aquienes las siguieran que hallar\u00edan descanso para [su] alma (Jer. 6:16). J.C. Ryle ten\u00eda la misma convicci\u00f3n, y escribi\u00f3: Cuantos m\u00e1s a\u00f1os pasan, m\u00e1s convencido estoy de que el mundo no necesita un nuevo evangelio, tal como algunos parecen pensar. [&hellip;]<\/p>\n","protected":false},"featured_media":9810,"comment_status":"open","ping_status":"closed","template":"","meta":[],"product_brand":[],"product_cat":[19836],"product_tag":[],"class_list":{"0":"post-888","1":"product","2":"type-product","3":"status-publish","4":"has-post-thumbnail","6":"product_cat-theology","7":"pa_binding-paperback","8":"pa_class-sp","9":"pa_format-book","10":"pa_isbn-5125","11":"pa_language-spanish","12":"pa_original-pub-date-3214","13":"pa_page-count-4688","14":"pa_recent-pub-date-may-30-2012","15":"pa_recent-pub-date-year-6224","16":"pa_scripture-whole-bible","17":"pa_short-isbn-4689","18":"pa_subtitle-old-paths","19":"pa_theauthor-ryle-j-c","20":"pa_topic-general-theology","22":"first","23":"outofstock","24":"sale","25":"taxable","26":"shipping-taxable","27":"purchasable","28":"product-type-simple"},"bundled_by":[],"bundle_stock_status":"outofstock","bundle_stock_quantity":0,"bundle_virtual":false,"bundle_layout":"","bundle_add_to_cart_form_location":"","bundle_editable_in_cart":false,"bundle_sold_individually_context":"","bundle_item_grouping":"","bundle_min_size":"","bundle_max_size":"","bundle_price":[],"bundled_items":[],"bundle_sell_ids":[],"yoast_head":"<!-- This site is optimized with the Yoast SEO Premium plugin v27.3 (Yoast SEO v27.3) - https:\/\/yoast.com\/product\/yoast-seo-premium-wordpress\/ -->\n<title>Sendas Antiguas &#8211; Banner of Truth USA<\/title>\n<meta name=\"robots\" content=\"noindex, follow, max-snippet:-1, max-image-preview:large, max-video-preview:-1\" \/>\n<meta property=\"og:locale\" content=\"en_US\" \/>\n<meta property=\"og:type\" content=\"article\" \/>\n<meta property=\"og:title\" content=\"Sendas Antiguas &#8211; Banner of Truth USA\" \/>\n<meta property=\"og:description\" content=\"Book Description El primero en utilizar la expresi\u00f3n sendas antiguas fue el profeta Jerem\u00edas, que garantiz\u00f3\u00a0aquienes las siguieran que hallar\u00edan descanso para [su] alma (Jer. 6:16). J.C. Ryle ten\u00eda la misma convicci\u00f3n, y escribi\u00f3: Cuantos m\u00e1s a\u00f1os pasan, m\u00e1s convencido estoy de que el mundo no necesita un nuevo evangelio, tal como algunos parecen pensar. [&hellip;]\" \/>\n<meta property=\"og:url\" content=\"https:\/\/staging.banneroftruth.org\/us\/store\/theology-books\/sendas-antiguas\/\" \/>\n<meta property=\"og:site_name\" content=\"Banner of Truth USA\" \/>\n<meta property=\"article:publisher\" content=\"https:\/\/www.facebook.com\/TheBannerofTruth\" \/>\n<meta property=\"article:modified_time\" content=\"2026-03-31T12:57:22+00:00\" \/>\n<meta property=\"og:image\" content=\"https:\/\/staging.banneroftruth.org\/us\/wp-content\/uploads\/sites\/2\/2013\/01\/SendasAntiguas_FINAL.jpg\" \/>\n\t<meta property=\"og:image:width\" content=\"1529\" \/>\n\t<meta property=\"og:image:height\" content=\"2541\" \/>\n\t<meta property=\"og:image:type\" content=\"image\/jpeg\" \/>\n<meta name=\"twitter:card\" content=\"summary_large_image\" \/>\n<meta name=\"twitter:site\" content=\"@banneroftruth\" \/>\n<meta name=\"twitter:label1\" content=\"Price\" \/>\n\t<meta name=\"twitter:data1\" content=\"&#036;12.60\" \/>\n\t<meta name=\"twitter:label2\" content=\"Availability\" \/>\n\t<meta name=\"twitter:data2\" content=\"Out of stock\" \/>\n<script type=\"application\/ld+json\" class=\"yoast-schema-graph\">{\"@context\":\"https:\\\/\\\/schema.org\",\"@graph\":[{\"@type\":\"WebPage\",\"@id\":\"https:\\\/\\\/staging.banneroftruth.org\\\/us\\\/store\\\/theology-books\\\/sendas-antiguas\\\/\",\"url\":\"https:\\\/\\\/staging.banneroftruth.org\\\/us\\\/store\\\/theology-books\\\/sendas-antiguas\\\/\",\"name\":\"Sendas Antiguas &#8211; Banner of Truth USA\",\"isPartOf\":{\"@id\":\"https:\\\/\\\/staging.banneroftruth.org\\\/us\\\/#website\"},\"primaryImageOfPage\":{\"@id\":\"https:\\\/\\\/staging.banneroftruth.org\\\/us\\\/store\\\/theology-books\\\/sendas-antiguas\\\/#primaryimage\"},\"image\":{\"@id\":\"https:\\\/\\\/staging.banneroftruth.org\\\/us\\\/store\\\/theology-books\\\/sendas-antiguas\\\/#primaryimage\"},\"thumbnailUrl\":\"https:\\\/\\\/staging.banneroftruth.org\\\/us\\\/wp-content\\\/uploads\\\/sites\\\/2\\\/2013\\\/01\\\/SendasAntiguas_FINAL.jpg\",\"datePublished\":\"2013-01-30T17:39:00+00:00\",\"dateModified\":\"2026-03-31T12:57:22+00:00\",\"breadcrumb\":{\"@id\":\"https:\\\/\\\/staging.banneroftruth.org\\\/us\\\/store\\\/theology-books\\\/sendas-antiguas\\\/#breadcrumb\"},\"inLanguage\":\"en-US\",\"potentialAction\":[{\"@type\":\"ReadAction\",\"target\":[\"https:\\\/\\\/staging.banneroftruth.org\\\/us\\\/store\\\/theology-books\\\/sendas-antiguas\\\/\"]}]},{\"@type\":\"ImageObject\",\"inLanguage\":\"en-US\",\"@id\":\"https:\\\/\\\/staging.banneroftruth.org\\\/us\\\/store\\\/theology-books\\\/sendas-antiguas\\\/#primaryimage\",\"url\":\"https:\\\/\\\/staging.banneroftruth.org\\\/us\\\/wp-content\\\/uploads\\\/sites\\\/2\\\/2013\\\/01\\\/SendasAntiguas_FINAL.jpg\",\"contentUrl\":\"https:\\\/\\\/staging.banneroftruth.org\\\/us\\\/wp-content\\\/uploads\\\/sites\\\/2\\\/2013\\\/01\\\/SendasAntiguas_FINAL.jpg\",\"width\":1529,\"height\":2541},{\"@type\":\"BreadcrumbList\",\"@id\":\"https:\\\/\\\/staging.banneroftruth.org\\\/us\\\/store\\\/theology-books\\\/sendas-antiguas\\\/#breadcrumb\",\"itemListElement\":[{\"@type\":\"ListItem\",\"position\":1,\"name\":\"Home\",\"item\":\"https:\\\/\\\/staging.banneroftruth.org\\\/us\\\/\"},{\"@type\":\"ListItem\",\"position\":2,\"name\":\"Store\",\"item\":\"https:\\\/\\\/staging.banneroftruth.org\\\/us\\\/store\\\/\"},{\"@type\":\"ListItem\",\"position\":3,\"name\":\"Sendas Antiguas\"}]},{\"@type\":\"WebSite\",\"@id\":\"https:\\\/\\\/staging.banneroftruth.org\\\/us\\\/#website\",\"url\":\"https:\\\/\\\/staging.banneroftruth.org\\\/us\\\/\",\"name\":\"Banner of Truth USA\",\"description\":\"Christian Publisher of Reformed &amp; Puritan Books\",\"publisher\":{\"@id\":\"https:\\\/\\\/staging.banneroftruth.org\\\/us\\\/#organization\"},\"potentialAction\":[{\"@type\":\"SearchAction\",\"target\":{\"@type\":\"EntryPoint\",\"urlTemplate\":\"https:\\\/\\\/staging.banneroftruth.org\\\/us\\\/?s={search_term_string}\"},\"query-input\":{\"@type\":\"PropertyValueSpecification\",\"valueRequired\":true,\"valueName\":\"search_term_string\"}}],\"inLanguage\":\"en-US\"},{\"@type\":\"Organization\",\"@id\":\"https:\\\/\\\/staging.banneroftruth.org\\\/us\\\/#organization\",\"name\":\"Banner of Truth USA\",\"url\":\"https:\\\/\\\/staging.banneroftruth.org\\\/us\\\/\",\"logo\":{\"@type\":\"ImageObject\",\"inLanguage\":\"en-US\",\"@id\":\"https:\\\/\\\/staging.banneroftruth.org\\\/us\\\/#\\\/schema\\\/logo\\\/image\\\/\",\"url\":\"https:\\\/\\\/staging.banneroftruth.org\\\/us\\\/wp-content\\\/uploads\\\/sites\\\/2\\\/2023\\\/04\\\/Profile-Royal-Blue.png\",\"contentUrl\":\"https:\\\/\\\/staging.banneroftruth.org\\\/us\\\/wp-content\\\/uploads\\\/sites\\\/2\\\/2023\\\/04\\\/Profile-Royal-Blue.png\",\"width\":2048,\"height\":2048,\"caption\":\"Banner of Truth USA\"},\"image\":{\"@id\":\"https:\\\/\\\/staging.banneroftruth.org\\\/us\\\/#\\\/schema\\\/logo\\\/image\\\/\"},\"sameAs\":[\"https:\\\/\\\/www.facebook.com\\\/TheBannerofTruth\",\"https:\\\/\\\/x.com\\\/banneroftruth\",\"https:\\\/\\\/www.instagram.com\\\/banneroftruth\\\/\",\"https:\\\/\\\/www.pinterest.com\\\/banneroftruth\\\/\",\"https:\\\/\\\/www.youtube.com\\\/banneroftruth\"]}]}<\/script>\n<meta property=\"product:price:amount\" content=\"12.60\" \/>\n<meta property=\"product:price:currency\" content=\"USD\" \/>\n<meta property=\"og:availability\" content=\"out of stock\" \/>\n<meta property=\"product:availability\" content=\"out of stock\" \/>\n<meta property=\"product:retailer_item_id\" content=\"9781848711556\" \/>\n<meta property=\"product:condition\" content=\"new\" \/>\n<!-- \/ Yoast SEO Premium plugin. -->","yoast_head_json":{"title":"Sendas Antiguas &#8211; Banner of Truth USA","robots":{"index":"noindex","follow":"follow","max-snippet":"max-snippet:-1","max-image-preview":"max-image-preview:large","max-video-preview":"max-video-preview:-1"},"og_locale":"en_US","og_type":"article","og_title":"Sendas Antiguas &#8211; Banner of Truth USA","og_description":"Book Description El primero en utilizar la expresi\u00f3n sendas antiguas fue el profeta Jerem\u00edas, que garantiz\u00f3\u00a0aquienes las siguieran que hallar\u00edan descanso para [su] alma (Jer. 6:16). J.C. Ryle ten\u00eda la misma convicci\u00f3n, y escribi\u00f3: Cuantos m\u00e1s a\u00f1os pasan, m\u00e1s convencido estoy de que el mundo no necesita un nuevo evangelio, tal como algunos parecen pensar. [&hellip;]","og_url":"https:\/\/staging.banneroftruth.org\/us\/store\/theology-books\/sendas-antiguas\/","og_site_name":"Banner of Truth USA","article_publisher":"https:\/\/www.facebook.com\/TheBannerofTruth","article_modified_time":"2026-03-31T12:57:22+00:00","og_image":[{"width":1529,"height":2541,"url":"https:\/\/staging.banneroftruth.org\/us\/wp-content\/uploads\/sites\/2\/2013\/01\/SendasAntiguas_FINAL.jpg","type":"image\/jpeg"}],"twitter_card":"summary_large_image","twitter_site":"@banneroftruth","twitter_misc":{"Price":"&#36;12.60","Availability":"Out of stock"},"schema":{"@context":"https:\/\/schema.org","@graph":[{"@type":"WebPage","@id":"https:\/\/staging.banneroftruth.org\/us\/store\/theology-books\/sendas-antiguas\/","url":"https:\/\/staging.banneroftruth.org\/us\/store\/theology-books\/sendas-antiguas\/","name":"Sendas Antiguas &#8211; Banner of Truth USA","isPartOf":{"@id":"https:\/\/staging.banneroftruth.org\/us\/#website"},"primaryImageOfPage":{"@id":"https:\/\/staging.banneroftruth.org\/us\/store\/theology-books\/sendas-antiguas\/#primaryimage"},"image":{"@id":"https:\/\/staging.banneroftruth.org\/us\/store\/theology-books\/sendas-antiguas\/#primaryimage"},"thumbnailUrl":"https:\/\/staging.banneroftruth.org\/us\/wp-content\/uploads\/sites\/2\/2013\/01\/SendasAntiguas_FINAL.jpg","datePublished":"2013-01-30T17:39:00+00:00","dateModified":"2026-03-31T12:57:22+00:00","breadcrumb":{"@id":"https:\/\/staging.banneroftruth.org\/us\/store\/theology-books\/sendas-antiguas\/#breadcrumb"},"inLanguage":"en-US","potentialAction":[{"@type":"ReadAction","target":["https:\/\/staging.banneroftruth.org\/us\/store\/theology-books\/sendas-antiguas\/"]}]},{"@type":"ImageObject","inLanguage":"en-US","@id":"https:\/\/staging.banneroftruth.org\/us\/store\/theology-books\/sendas-antiguas\/#primaryimage","url":"https:\/\/staging.banneroftruth.org\/us\/wp-content\/uploads\/sites\/2\/2013\/01\/SendasAntiguas_FINAL.jpg","contentUrl":"https:\/\/staging.banneroftruth.org\/us\/wp-content\/uploads\/sites\/2\/2013\/01\/SendasAntiguas_FINAL.jpg","width":1529,"height":2541},{"@type":"BreadcrumbList","@id":"https:\/\/staging.banneroftruth.org\/us\/store\/theology-books\/sendas-antiguas\/#breadcrumb","itemListElement":[{"@type":"ListItem","position":1,"name":"Home","item":"https:\/\/staging.banneroftruth.org\/us\/"},{"@type":"ListItem","position":2,"name":"Store","item":"https:\/\/staging.banneroftruth.org\/us\/store\/"},{"@type":"ListItem","position":3,"name":"Sendas Antiguas"}]},{"@type":"WebSite","@id":"https:\/\/staging.banneroftruth.org\/us\/#website","url":"https:\/\/staging.banneroftruth.org\/us\/","name":"Banner of Truth USA","description":"Christian Publisher of Reformed &amp; Puritan Books","publisher":{"@id":"https:\/\/staging.banneroftruth.org\/us\/#organization"},"potentialAction":[{"@type":"SearchAction","target":{"@type":"EntryPoint","urlTemplate":"https:\/\/staging.banneroftruth.org\/us\/?s={search_term_string}"},"query-input":{"@type":"PropertyValueSpecification","valueRequired":true,"valueName":"search_term_string"}}],"inLanguage":"en-US"},{"@type":"Organization","@id":"https:\/\/staging.banneroftruth.org\/us\/#organization","name":"Banner of Truth USA","url":"https:\/\/staging.banneroftruth.org\/us\/","logo":{"@type":"ImageObject","inLanguage":"en-US","@id":"https:\/\/staging.banneroftruth.org\/us\/#\/schema\/logo\/image\/","url":"https:\/\/staging.banneroftruth.org\/us\/wp-content\/uploads\/sites\/2\/2023\/04\/Profile-Royal-Blue.png","contentUrl":"https:\/\/staging.banneroftruth.org\/us\/wp-content\/uploads\/sites\/2\/2023\/04\/Profile-Royal-Blue.png","width":2048,"height":2048,"caption":"Banner of Truth USA"},"image":{"@id":"https:\/\/staging.banneroftruth.org\/us\/#\/schema\/logo\/image\/"},"sameAs":["https:\/\/www.facebook.com\/TheBannerofTruth","https:\/\/x.com\/banneroftruth","https:\/\/www.instagram.com\/banneroftruth\/","https:\/\/www.pinterest.com\/banneroftruth\/","https:\/\/www.youtube.com\/banneroftruth"]}]},"product_price_amount":"12.60","product_price_currency":"USD","og_availability":"out of stock","product_availability":"out of stock","product_retailer_item_id":"9781848711556","product_condition":"new"},"_links":{"self":[{"href":"https:\/\/staging.banneroftruth.org\/us\/wp-json\/wp\/v2\/product\/888","targetHints":{"allow":["GET"]}}],"collection":[{"href":"https:\/\/staging.banneroftruth.org\/us\/wp-json\/wp\/v2\/product"}],"about":[{"href":"https:\/\/staging.banneroftruth.org\/us\/wp-json\/wp\/v2\/types\/product"}],"replies":[{"embeddable":true,"href":"https:\/\/staging.banneroftruth.org\/us\/wp-json\/wp\/v2\/comments?post=888"}],"wp:featuredmedia":[{"embeddable":true,"href":"https:\/\/staging.banneroftruth.org\/us\/wp-json\/wp\/v2\/media\/9810"}],"wp:attachment":[{"href":"https:\/\/staging.banneroftruth.org\/us\/wp-json\/wp\/v2\/media?parent=888"}],"wp:term":[{"taxonomy":"product_brand","embeddable":true,"href":"https:\/\/staging.banneroftruth.org\/us\/wp-json\/wp\/v2\/product_brand?post=888"},{"taxonomy":"product_cat","embeddable":true,"href":"https:\/\/staging.banneroftruth.org\/us\/wp-json\/wp\/v2\/product_cat?post=888"},{"taxonomy":"product_tag","embeddable":true,"href":"https:\/\/staging.banneroftruth.org\/us\/wp-json\/wp\/v2\/product_tag?post=888"}],"curies":[{"name":"wp","href":"https:\/\/api.w.org\/{rel}","templated":true}]}}