{"id":18747,"date":"2014-09-22T10:32:06","date_gmt":"2014-09-22T15:32:06","guid":{"rendered":"http:\/\/\/us\/?post_type=product&#038;p=18747"},"modified":"2026-03-31T07:57:24","modified_gmt":"2026-03-31T12:57:24","slug":"mi-dios-es-fiel","status":"publish","type":"product","link":"https:\/\/staging.banneroftruth.org\/us\/store\/christian-living\/mi-dios-es-fiel\/","title":{"rendered":"Mi Dios Es Fiel!"},"content":{"rendered":"<h2>Book Description<\/h2>\n<p>C\u00e1ncer. Casi todo el mundo conoce a alguien que lo ha tenido. Pero sabemos bien las ense\u00f1anzas de la Biblia que nos fortalecer\u00e1 en la cara de ella? Todo el mundo se somete a pruebas y ensayos. Pero, lo hacemos confiando firmemente en la bondad, la sabidur\u00eda y el poder de Dios? Este es un libro que te ayudar\u00e1.<\/p>\n<p><em> Mi Dios es Fiel! <\/em> es la cr\u00f3nica de un hombre de c\u00e1ncer y las lecciones que aprendi\u00f3 a trav\u00e9s de \u00e9l. En estas p\u00e1ginas Paul Wolfe cuenta su historia de diagn\u00f3stico, el tratamiento y la supervivencia, y que apunta a la gloria y de la gracia de Dios en el camino. Por encima de todo lo que apunta a la fidelidad de Dios cuyas promesas seguramente sea cierto. Lea esta historia y recordar que hay buenas razonable, incluso en medio de sufrimiento &#8211; para adorar y regocijarse.<\/p>\n","protected":false},"excerpt":{"rendered":"<p>Book Description C\u00e1ncer. Casi todo el mundo conoce a alguien que lo ha tenido. Pero sabemos bien las ense\u00f1anzas de la Biblia que nos fortalecer\u00e1 en la cara de ella? Todo el mundo se somete a pruebas y ensayos. Pero, lo hacemos confiando firmemente en la bondad, la sabidur\u00eda y el poder de Dios? Este [&hellip;]<\/p>\n","protected":false},"featured_media":18759,"comment_status":"open","ping_status":"closed","template":"","meta":[],"product_brand":[],"product_cat":[1249],"product_tag":[5647],"class_list":{"0":"post-18747","1":"product","2":"type-product","3":"status-publish","4":"has-post-thumbnail","6":"product_cat-christian-living","7":"product_tag-my-god-is-true-in-spanish","8":"pa_binding-paperback","9":"pa_class-sp","10":"pa_era-today","11":"pa_format-book","12":"pa_isbn-5648","13":"pa_language-spanish","14":"pa_original-pub-date-1430","15":"pa_page-count-3017","16":"pa_recent-pub-date-aug-1-2009","17":"pa_recent-pub-date-year-6363","18":"pa_short-isbn-5649","19":"pa_subtitle-my-god-is-true","20":"pa_theauthor-wolfe-paul-d","21":"pa_topic-life-issues","23":"first","24":"instock","25":"sale","26":"taxable","27":"shipping-taxable","28":"purchasable","29":"product-type-simple"},"bundled_by":[],"bundle_stock_status":"instock","bundle_stock_quantity":500,"bundle_virtual":false,"bundle_layout":"","bundle_add_to_cart_form_location":"","bundle_editable_in_cart":false,"bundle_sold_individually_context":"","bundle_item_grouping":"","bundle_min_size":"","bundle_max_size":"","bundle_price":[],"bundled_items":[],"bundle_sell_ids":[],"yoast_head":"<!-- This site is optimized with the Yoast SEO Premium plugin v27.3 (Yoast SEO v27.3) - https:\/\/yoast.com\/product\/yoast-seo-premium-wordpress\/ -->\n<title>Mi Dios Es Fiel! &#8211; Banner of Truth USA<\/title>\n<meta name=\"description\" content=\"Mi Dios es Fiel! es la cr\u00f3nica de un hombre de c\u00e1ncer y las lecciones que aprendi\u00f3 a trav\u00e9s de \u00e9l.\" \/>\n<meta name=\"robots\" content=\"noindex, follow, max-snippet:-1, max-image-preview:large, max-video-preview:-1\" \/>\n<meta property=\"og:locale\" content=\"en_US\" \/>\n<meta property=\"og:type\" content=\"article\" \/>\n<meta property=\"og:title\" content=\"Mi Dios Es Fiel! &#8211; Banner of Truth USA\" \/>\n<meta property=\"og:description\" content=\"Mi Dios es Fiel! es la cr\u00f3nica de un hombre de c\u00e1ncer y las lecciones que aprendi\u00f3 a trav\u00e9s de \u00e9l.\" \/>\n<meta property=\"og:url\" content=\"https:\/\/staging.banneroftruth.org\/us\/store\/christian-living\/mi-dios-es-fiel\/\" \/>\n<meta property=\"og:site_name\" content=\"Banner of Truth USA\" \/>\n<meta property=\"article:publisher\" content=\"https:\/\/www.facebook.com\/TheBannerofTruth\" \/>\n<meta property=\"article:modified_time\" content=\"2026-03-31T12:57:24+00:00\" \/>\n<meta property=\"og:image\" content=\"https:\/\/staging.banneroftruth.org\/us\/wp-content\/uploads\/sites\/2\/2014\/09\/MI-DIOS-ES-FIEL-front.jpg\" \/>\n\t<meta property=\"og:image:width\" content=\"1555\" \/>\n\t<meta property=\"og:image:height\" content=\"2552\" \/>\n\t<meta property=\"og:image:type\" content=\"image\/jpeg\" \/>\n<meta name=\"twitter:card\" content=\"summary_large_image\" \/>\n<meta name=\"twitter:site\" content=\"@banneroftruth\" \/>\n<meta name=\"twitter:label1\" content=\"Price\" \/>\n\t<meta name=\"twitter:data1\" content=\"&#036;10.80\" \/>\n\t<meta name=\"twitter:label2\" content=\"Availability\" \/>\n\t<meta name=\"twitter:data2\" content=\"In stock\" \/>\n<script type=\"application\/ld+json\" class=\"yoast-schema-graph\">{\"@context\":\"https:\\\/\\\/schema.org\",\"@graph\":[{\"@type\":\"WebPage\",\"@id\":\"https:\\\/\\\/staging.banneroftruth.org\\\/us\\\/store\\\/christian-living\\\/mi-dios-es-fiel\\\/\",\"url\":\"https:\\\/\\\/staging.banneroftruth.org\\\/us\\\/store\\\/christian-living\\\/mi-dios-es-fiel\\\/\",\"name\":\"Mi Dios Es Fiel! &#8211; Banner of Truth USA\",\"isPartOf\":{\"@id\":\"https:\\\/\\\/staging.banneroftruth.org\\\/us\\\/#website\"},\"primaryImageOfPage\":{\"@id\":\"https:\\\/\\\/staging.banneroftruth.org\\\/us\\\/store\\\/christian-living\\\/mi-dios-es-fiel\\\/#primaryimage\"},\"image\":{\"@id\":\"https:\\\/\\\/staging.banneroftruth.org\\\/us\\\/store\\\/christian-living\\\/mi-dios-es-fiel\\\/#primaryimage\"},\"thumbnailUrl\":\"https:\\\/\\\/staging.banneroftruth.org\\\/us\\\/wp-content\\\/uploads\\\/sites\\\/2\\\/2014\\\/09\\\/MI-DIOS-ES-FIEL-front.jpg\",\"datePublished\":\"2014-09-22T15:32:06+00:00\",\"dateModified\":\"2026-03-31T12:57:24+00:00\",\"description\":\"Mi Dios es Fiel! es la cr\u00f3nica de un hombre de c\u00e1ncer y las lecciones que aprendi\u00f3 a trav\u00e9s de \u00e9l.\",\"breadcrumb\":{\"@id\":\"https:\\\/\\\/staging.banneroftruth.org\\\/us\\\/store\\\/christian-living\\\/mi-dios-es-fiel\\\/#breadcrumb\"},\"inLanguage\":\"en-US\",\"potentialAction\":[{\"@type\":\"ReadAction\",\"target\":[\"https:\\\/\\\/staging.banneroftruth.org\\\/us\\\/store\\\/christian-living\\\/mi-dios-es-fiel\\\/\"]}]},{\"@type\":\"ImageObject\",\"inLanguage\":\"en-US\",\"@id\":\"https:\\\/\\\/staging.banneroftruth.org\\\/us\\\/store\\\/christian-living\\\/mi-dios-es-fiel\\\/#primaryimage\",\"url\":\"https:\\\/\\\/staging.banneroftruth.org\\\/us\\\/wp-content\\\/uploads\\\/sites\\\/2\\\/2014\\\/09\\\/MI-DIOS-ES-FIEL-front.jpg\",\"contentUrl\":\"https:\\\/\\\/staging.banneroftruth.org\\\/us\\\/wp-content\\\/uploads\\\/sites\\\/2\\\/2014\\\/09\\\/MI-DIOS-ES-FIEL-front.jpg\",\"width\":1555,\"height\":2552,\"caption\":\"Front cover for 'Mi Dios es Fiel!'\"},{\"@type\":\"BreadcrumbList\",\"@id\":\"https:\\\/\\\/staging.banneroftruth.org\\\/us\\\/store\\\/christian-living\\\/mi-dios-es-fiel\\\/#breadcrumb\",\"itemListElement\":[{\"@type\":\"ListItem\",\"position\":1,\"name\":\"Home\",\"item\":\"https:\\\/\\\/staging.banneroftruth.org\\\/us\\\/\"},{\"@type\":\"ListItem\",\"position\":2,\"name\":\"Store\",\"item\":\"https:\\\/\\\/staging.banneroftruth.org\\\/us\\\/store\\\/\"},{\"@type\":\"ListItem\",\"position\":3,\"name\":\"Mi Dios Es Fiel!\"}]},{\"@type\":\"WebSite\",\"@id\":\"https:\\\/\\\/staging.banneroftruth.org\\\/us\\\/#website\",\"url\":\"https:\\\/\\\/staging.banneroftruth.org\\\/us\\\/\",\"name\":\"Banner of Truth USA\",\"description\":\"Christian Publisher of Reformed &amp; Puritan Books\",\"publisher\":{\"@id\":\"https:\\\/\\\/staging.banneroftruth.org\\\/us\\\/#organization\"},\"potentialAction\":[{\"@type\":\"SearchAction\",\"target\":{\"@type\":\"EntryPoint\",\"urlTemplate\":\"https:\\\/\\\/staging.banneroftruth.org\\\/us\\\/?s={search_term_string}\"},\"query-input\":{\"@type\":\"PropertyValueSpecification\",\"valueRequired\":true,\"valueName\":\"search_term_string\"}}],\"inLanguage\":\"en-US\"},{\"@type\":\"Organization\",\"@id\":\"https:\\\/\\\/staging.banneroftruth.org\\\/us\\\/#organization\",\"name\":\"Banner of Truth USA\",\"url\":\"https:\\\/\\\/staging.banneroftruth.org\\\/us\\\/\",\"logo\":{\"@type\":\"ImageObject\",\"inLanguage\":\"en-US\",\"@id\":\"https:\\\/\\\/staging.banneroftruth.org\\\/us\\\/#\\\/schema\\\/logo\\\/image\\\/\",\"url\":\"https:\\\/\\\/staging.banneroftruth.org\\\/us\\\/wp-content\\\/uploads\\\/sites\\\/2\\\/2023\\\/04\\\/Profile-Royal-Blue.png\",\"contentUrl\":\"https:\\\/\\\/staging.banneroftruth.org\\\/us\\\/wp-content\\\/uploads\\\/sites\\\/2\\\/2023\\\/04\\\/Profile-Royal-Blue.png\",\"width\":2048,\"height\":2048,\"caption\":\"Banner of Truth USA\"},\"image\":{\"@id\":\"https:\\\/\\\/staging.banneroftruth.org\\\/us\\\/#\\\/schema\\\/logo\\\/image\\\/\"},\"sameAs\":[\"https:\\\/\\\/www.facebook.com\\\/TheBannerofTruth\",\"https:\\\/\\\/x.com\\\/banneroftruth\",\"https:\\\/\\\/www.instagram.com\\\/banneroftruth\\\/\",\"https:\\\/\\\/www.pinterest.com\\\/banneroftruth\\\/\",\"https:\\\/\\\/www.youtube.com\\\/banneroftruth\"]}]}<\/script>\n<meta property=\"product:price:amount\" content=\"10.80\" \/>\n<meta property=\"product:price:currency\" content=\"USD\" \/>\n<meta property=\"og:availability\" content=\"instock\" \/>\n<meta property=\"product:availability\" content=\"instock\" \/>\n<meta property=\"product:retailer_item_id\" content=\"9781848714168\" \/>\n<meta property=\"product:condition\" content=\"new\" \/>\n<!-- \/ Yoast SEO Premium plugin. -->","yoast_head_json":{"title":"Mi Dios Es Fiel! &#8211; Banner of Truth USA","description":"Mi Dios es Fiel! es la cr\u00f3nica de un hombre de c\u00e1ncer y las lecciones que aprendi\u00f3 a trav\u00e9s de \u00e9l.","robots":{"index":"noindex","follow":"follow","max-snippet":"max-snippet:-1","max-image-preview":"max-image-preview:large","max-video-preview":"max-video-preview:-1"},"og_locale":"en_US","og_type":"article","og_title":"Mi Dios Es Fiel! &#8211; Banner of Truth USA","og_description":"Mi Dios es Fiel! es la cr\u00f3nica de un hombre de c\u00e1ncer y las lecciones que aprendi\u00f3 a trav\u00e9s de \u00e9l.","og_url":"https:\/\/staging.banneroftruth.org\/us\/store\/christian-living\/mi-dios-es-fiel\/","og_site_name":"Banner of Truth USA","article_publisher":"https:\/\/www.facebook.com\/TheBannerofTruth","article_modified_time":"2026-03-31T12:57:24+00:00","og_image":[{"width":1555,"height":2552,"url":"https:\/\/staging.banneroftruth.org\/us\/wp-content\/uploads\/sites\/2\/2014\/09\/MI-DIOS-ES-FIEL-front.jpg","type":"image\/jpeg"}],"twitter_card":"summary_large_image","twitter_site":"@banneroftruth","twitter_misc":{"Price":"&#36;10.80","Availability":"In stock"},"schema":{"@context":"https:\/\/schema.org","@graph":[{"@type":"WebPage","@id":"https:\/\/staging.banneroftruth.org\/us\/store\/christian-living\/mi-dios-es-fiel\/","url":"https:\/\/staging.banneroftruth.org\/us\/store\/christian-living\/mi-dios-es-fiel\/","name":"Mi Dios Es Fiel! &#8211; Banner of Truth USA","isPartOf":{"@id":"https:\/\/staging.banneroftruth.org\/us\/#website"},"primaryImageOfPage":{"@id":"https:\/\/staging.banneroftruth.org\/us\/store\/christian-living\/mi-dios-es-fiel\/#primaryimage"},"image":{"@id":"https:\/\/staging.banneroftruth.org\/us\/store\/christian-living\/mi-dios-es-fiel\/#primaryimage"},"thumbnailUrl":"https:\/\/staging.banneroftruth.org\/us\/wp-content\/uploads\/sites\/2\/2014\/09\/MI-DIOS-ES-FIEL-front.jpg","datePublished":"2014-09-22T15:32:06+00:00","dateModified":"2026-03-31T12:57:24+00:00","description":"Mi Dios es Fiel! es la cr\u00f3nica de un hombre de c\u00e1ncer y las lecciones que aprendi\u00f3 a trav\u00e9s de \u00e9l.","breadcrumb":{"@id":"https:\/\/staging.banneroftruth.org\/us\/store\/christian-living\/mi-dios-es-fiel\/#breadcrumb"},"inLanguage":"en-US","potentialAction":[{"@type":"ReadAction","target":["https:\/\/staging.banneroftruth.org\/us\/store\/christian-living\/mi-dios-es-fiel\/"]}]},{"@type":"ImageObject","inLanguage":"en-US","@id":"https:\/\/staging.banneroftruth.org\/us\/store\/christian-living\/mi-dios-es-fiel\/#primaryimage","url":"https:\/\/staging.banneroftruth.org\/us\/wp-content\/uploads\/sites\/2\/2014\/09\/MI-DIOS-ES-FIEL-front.jpg","contentUrl":"https:\/\/staging.banneroftruth.org\/us\/wp-content\/uploads\/sites\/2\/2014\/09\/MI-DIOS-ES-FIEL-front.jpg","width":1555,"height":2552,"caption":"Front cover for 'Mi Dios es Fiel!'"},{"@type":"BreadcrumbList","@id":"https:\/\/staging.banneroftruth.org\/us\/store\/christian-living\/mi-dios-es-fiel\/#breadcrumb","itemListElement":[{"@type":"ListItem","position":1,"name":"Home","item":"https:\/\/staging.banneroftruth.org\/us\/"},{"@type":"ListItem","position":2,"name":"Store","item":"https:\/\/staging.banneroftruth.org\/us\/store\/"},{"@type":"ListItem","position":3,"name":"Mi Dios Es Fiel!"}]},{"@type":"WebSite","@id":"https:\/\/staging.banneroftruth.org\/us\/#website","url":"https:\/\/staging.banneroftruth.org\/us\/","name":"Banner of Truth USA","description":"Christian Publisher of Reformed &amp; Puritan Books","publisher":{"@id":"https:\/\/staging.banneroftruth.org\/us\/#organization"},"potentialAction":[{"@type":"SearchAction","target":{"@type":"EntryPoint","urlTemplate":"https:\/\/staging.banneroftruth.org\/us\/?s={search_term_string}"},"query-input":{"@type":"PropertyValueSpecification","valueRequired":true,"valueName":"search_term_string"}}],"inLanguage":"en-US"},{"@type":"Organization","@id":"https:\/\/staging.banneroftruth.org\/us\/#organization","name":"Banner of Truth USA","url":"https:\/\/staging.banneroftruth.org\/us\/","logo":{"@type":"ImageObject","inLanguage":"en-US","@id":"https:\/\/staging.banneroftruth.org\/us\/#\/schema\/logo\/image\/","url":"https:\/\/staging.banneroftruth.org\/us\/wp-content\/uploads\/sites\/2\/2023\/04\/Profile-Royal-Blue.png","contentUrl":"https:\/\/staging.banneroftruth.org\/us\/wp-content\/uploads\/sites\/2\/2023\/04\/Profile-Royal-Blue.png","width":2048,"height":2048,"caption":"Banner of Truth USA"},"image":{"@id":"https:\/\/staging.banneroftruth.org\/us\/#\/schema\/logo\/image\/"},"sameAs":["https:\/\/www.facebook.com\/TheBannerofTruth","https:\/\/x.com\/banneroftruth","https:\/\/www.instagram.com\/banneroftruth\/","https:\/\/www.pinterest.com\/banneroftruth\/","https:\/\/www.youtube.com\/banneroftruth"]}]},"product_price_amount":"10.80","product_price_currency":"USD","og_availability":"instock","product_availability":"instock","product_retailer_item_id":"9781848714168","product_condition":"new"},"_links":{"self":[{"href":"https:\/\/staging.banneroftruth.org\/us\/wp-json\/wp\/v2\/product\/18747","targetHints":{"allow":["GET"]}}],"collection":[{"href":"https:\/\/staging.banneroftruth.org\/us\/wp-json\/wp\/v2\/product"}],"about":[{"href":"https:\/\/staging.banneroftruth.org\/us\/wp-json\/wp\/v2\/types\/product"}],"replies":[{"embeddable":true,"href":"https:\/\/staging.banneroftruth.org\/us\/wp-json\/wp\/v2\/comments?post=18747"}],"wp:featuredmedia":[{"embeddable":true,"href":"https:\/\/staging.banneroftruth.org\/us\/wp-json\/wp\/v2\/media\/18759"}],"wp:attachment":[{"href":"https:\/\/staging.banneroftruth.org\/us\/wp-json\/wp\/v2\/media?parent=18747"}],"wp:term":[{"taxonomy":"product_brand","embeddable":true,"href":"https:\/\/staging.banneroftruth.org\/us\/wp-json\/wp\/v2\/product_brand?post=18747"},{"taxonomy":"product_cat","embeddable":true,"href":"https:\/\/staging.banneroftruth.org\/us\/wp-json\/wp\/v2\/product_cat?post=18747"},{"taxonomy":"product_tag","embeddable":true,"href":"https:\/\/staging.banneroftruth.org\/us\/wp-json\/wp\/v2\/product_tag?post=18747"}],"curies":[{"name":"wp","href":"https:\/\/api.w.org\/{rel}","templated":true}]}}