{"id":894,"date":"2013-01-30T17:39:01","date_gmt":"2013-01-30T17:39:01","guid":{"rendered":"http:\/\/54.225.232.228\/us\/store\/uncategorized\/vamos-a-estudiar-hechos\/"},"modified":"2021-01-04T16:07:45","modified_gmt":"2021-01-04T16:07:45","slug":"vamos-a-estudiar-hechos","status":"publish","type":"product","link":"https:\/\/staging.banneroftruth.org\/uk\/store\/commentaries\/vamos-a-estudiar-hechos\/","title":{"rendered":"Vamos a estudiar Hechos"},"content":{"rendered":"<h2>Book Description<\/h2>\n<p>Hechos de los Ap\u00f3stoles es \u00fanico entre libros del Nuevo Testamento. De los cuatro hombres que escribieron un relato del ministerio, la vida, muerte y resurrecci\u00f3n de Jesucristo, solo uno, Lucas, prolong\u00f3 la narraci\u00f3n a las d\u00e9cadas que siguieron a esos acontecimientos. Sin este libro no podr\u00edamos explicarnos c\u00f3mo aquel grupo de disc\u00edpulos a\u00fan atemorizados que descubrimos al final de los Evangelios tras unas puertas cerradas, se convirti\u00f3 en el osado y expansivo movimiento que vemos en el resto del Nuevo Testamento.<\/p>\n","protected":false},"excerpt":{"rendered":"<p>&#8220;Cada uno de los vol\u00famenes de la serie Vamos a estudiar&#8230;deber\u00eda estar presente en todo hogar cristiano que tome en serio el llegar a conocer la Palabra de Dios&#8221;. -Covenanter Witness. 461pp.<\/p>\n","protected":false},"featured_media":9814,"comment_status":"open","ping_status":"closed","template":"","meta":[],"product_brand":[],"product_cat":[1499],"product_tag":[4673],"class_list":{"0":"post-894","1":"product","2":"type-product","3":"status-publish","4":"has-post-thumbnail","6":"product_cat-commentaries","7":"product_tag-bible-study","8":"pa_binding-paperback","9":"pa_class-sp","10":"pa_format-book","11":"pa_isbn-5337","12":"pa_language-spanish","13":"pa_original-pub-date-1561","14":"pa_page-count-4708","15":"pa_recent-pub-date-sep-14-2012","16":"pa_recent-pub-date-year-6134","17":"pa_scripture-acts","18":"pa_series-lets-study","19":"pa_subtitle-lets-study-acts","20":"pa_theauthor-johnson-dennis","22":"first","23":"instock","24":"purchasable","25":"product-type-simple"},"bundled_by":[],"bundle_stock_status":"instock","bundle_stock_quantity":null,"bundle_virtual":false,"bundle_layout":"","bundle_add_to_cart_form_location":"","bundle_editable_in_cart":false,"bundle_sold_individually_context":"","bundle_item_grouping":"","bundle_min_size":"","bundle_max_size":"","bundle_price":[],"bundled_items":[],"bundle_sell_ids":[],"yoast_head":"<!-- This site is optimized with the Yoast SEO Premium plugin v27.3 (Yoast SEO v27.3) - https:\/\/yoast.com\/product\/yoast-seo-premium-wordpress\/ -->\n<title>Vamos a estudiar Hechos - Banner of Truth UK<\/title>\n<meta name=\"robots\" content=\"noindex, follow, max-snippet:-1, max-image-preview:large, max-video-preview:-1\" \/>\n<meta property=\"og:locale\" content=\"en_GB\" \/>\n<meta property=\"og:type\" content=\"article\" \/>\n<meta property=\"og:title\" content=\"Vamos a estudiar Hechos\" \/>\n<meta property=\"og:description\" content=\"&quot;Cada uno de los vol\u00famenes de la serie Vamos a estudiar...deber\u00eda estar presente en todo hogar cristiano que tome en serio el llegar a conocer la Palabra de Dios&quot;. -Covenanter Witness. 461pp.\" \/>\n<meta property=\"og:url\" content=\"https:\/\/staging.banneroftruth.org\/uk\/store\/commentaries\/vamos-a-estudiar-hechos\/\" \/>\n<meta property=\"og:site_name\" content=\"Banner of Truth UK\" \/>\n<meta property=\"article:publisher\" content=\"https:\/\/www.facebook.com\/TheBannerofTruth\" \/>\n<meta property=\"article:modified_time\" content=\"2021-01-04T16:07:45+00:00\" \/>\n<meta property=\"og:image\" content=\"https:\/\/staging.banneroftruth.org\/uk\/wp-content\/uploads\/sites\/6\/2013\/01\/VamosAEstudiarHechos_FINAL.jpg\" \/>\n\t<meta property=\"og:image:width\" content=\"1503\" \/>\n\t<meta property=\"og:image:height\" content=\"2529\" \/>\n\t<meta property=\"og:image:type\" content=\"image\/jpeg\" \/>\n<meta name=\"twitter:card\" content=\"summary_large_image\" \/>\n<meta name=\"twitter:site\" content=\"@Banneroftruth\" \/>\n<meta name=\"twitter:label1\" content=\"Price\" \/>\n\t<meta name=\"twitter:data1\" content=\"&pound;9.50\" \/>\n\t<meta name=\"twitter:label2\" content=\"Availability\" \/>\n\t<meta name=\"twitter:data2\" content=\"In stock\" \/>\n<script type=\"application\/ld+json\" class=\"yoast-schema-graph\">{\"@context\":\"https:\\\/\\\/schema.org\",\"@graph\":[{\"@type\":\"WebPage\",\"@id\":\"https:\\\/\\\/staging.banneroftruth.org\\\/uk\\\/store\\\/commentaries\\\/vamos-a-estudiar-hechos\\\/\",\"url\":\"https:\\\/\\\/staging.banneroftruth.org\\\/uk\\\/store\\\/commentaries\\\/vamos-a-estudiar-hechos\\\/\",\"name\":\"Vamos a estudiar Hechos - Banner of Truth UK\",\"isPartOf\":{\"@id\":\"https:\\\/\\\/staging.banneroftruth.org\\\/uk\\\/#website\"},\"primaryImageOfPage\":{\"@id\":\"https:\\\/\\\/staging.banneroftruth.org\\\/uk\\\/store\\\/commentaries\\\/vamos-a-estudiar-hechos\\\/#primaryimage\"},\"image\":{\"@id\":\"https:\\\/\\\/staging.banneroftruth.org\\\/uk\\\/store\\\/commentaries\\\/vamos-a-estudiar-hechos\\\/#primaryimage\"},\"thumbnailUrl\":\"https:\\\/\\\/staging.banneroftruth.org\\\/uk\\\/wp-content\\\/uploads\\\/sites\\\/6\\\/2013\\\/01\\\/VamosAEstudiarHechos_FINAL.jpg\",\"datePublished\":\"2013-01-30T17:39:01+00:00\",\"dateModified\":\"2021-01-04T16:07:45+00:00\",\"breadcrumb\":{\"@id\":\"https:\\\/\\\/staging.banneroftruth.org\\\/uk\\\/store\\\/commentaries\\\/vamos-a-estudiar-hechos\\\/#breadcrumb\"},\"inLanguage\":\"en-GB\",\"potentialAction\":[{\"@type\":\"ReadAction\",\"target\":[\"https:\\\/\\\/staging.banneroftruth.org\\\/uk\\\/store\\\/commentaries\\\/vamos-a-estudiar-hechos\\\/\"]}]},{\"@type\":\"ImageObject\",\"inLanguage\":\"en-GB\",\"@id\":\"https:\\\/\\\/staging.banneroftruth.org\\\/uk\\\/store\\\/commentaries\\\/vamos-a-estudiar-hechos\\\/#primaryimage\",\"url\":\"https:\\\/\\\/staging.banneroftruth.org\\\/uk\\\/wp-content\\\/uploads\\\/sites\\\/6\\\/2013\\\/01\\\/VamosAEstudiarHechos_FINAL.jpg\",\"contentUrl\":\"https:\\\/\\\/staging.banneroftruth.org\\\/uk\\\/wp-content\\\/uploads\\\/sites\\\/6\\\/2013\\\/01\\\/VamosAEstudiarHechos_FINAL.jpg\",\"width\":1503,\"height\":2529},{\"@type\":\"BreadcrumbList\",\"@id\":\"https:\\\/\\\/staging.banneroftruth.org\\\/uk\\\/store\\\/commentaries\\\/vamos-a-estudiar-hechos\\\/#breadcrumb\",\"itemListElement\":[{\"@type\":\"ListItem\",\"position\":1,\"name\":\"Home\",\"item\":\"https:\\\/\\\/staging.banneroftruth.org\\\/uk\\\/\"},{\"@type\":\"ListItem\",\"position\":2,\"name\":\"Store\",\"item\":\"https:\\\/\\\/staging.banneroftruth.org\\\/uk\\\/store\\\/\"},{\"@type\":\"ListItem\",\"position\":3,\"name\":\"Vamos a estudiar Hechos\"}]},{\"@type\":\"WebSite\",\"@id\":\"https:\\\/\\\/staging.banneroftruth.org\\\/uk\\\/#website\",\"url\":\"https:\\\/\\\/staging.banneroftruth.org\\\/uk\\\/\",\"name\":\"Banner of Truth UK\",\"description\":\"Christian Publisher of Reformed &amp; Puritan Books\",\"publisher\":{\"@id\":\"https:\\\/\\\/staging.banneroftruth.org\\\/uk\\\/#organization\"},\"potentialAction\":[{\"@type\":\"SearchAction\",\"target\":{\"@type\":\"EntryPoint\",\"urlTemplate\":\"https:\\\/\\\/staging.banneroftruth.org\\\/uk\\\/?s={search_term_string}\"},\"query-input\":{\"@type\":\"PropertyValueSpecification\",\"valueRequired\":true,\"valueName\":\"search_term_string\"}}],\"inLanguage\":\"en-GB\"},{\"@type\":\"Organization\",\"@id\":\"https:\\\/\\\/staging.banneroftruth.org\\\/uk\\\/#organization\",\"name\":\"Banner of Truth UK\",\"url\":\"https:\\\/\\\/staging.banneroftruth.org\\\/uk\\\/\",\"logo\":{\"@type\":\"ImageObject\",\"inLanguage\":\"en-GB\",\"@id\":\"https:\\\/\\\/staging.banneroftruth.org\\\/uk\\\/#\\\/schema\\\/logo\\\/image\\\/\",\"url\":\"https:\\\/\\\/staging.banneroftruth.org\\\/uk\\\/wp-content\\\/uploads\\\/sites\\\/6\\\/2021\\\/04\\\/logo_and_text_Jun2015.png\",\"contentUrl\":\"https:\\\/\\\/staging.banneroftruth.org\\\/uk\\\/wp-content\\\/uploads\\\/sites\\\/6\\\/2021\\\/04\\\/logo_and_text_Jun2015.png\",\"width\":377,\"height\":132,\"caption\":\"Banner of Truth UK\"},\"image\":{\"@id\":\"https:\\\/\\\/staging.banneroftruth.org\\\/uk\\\/#\\\/schema\\\/logo\\\/image\\\/\"},\"sameAs\":[\"https:\\\/\\\/www.facebook.com\\\/TheBannerofTruth\",\"https:\\\/\\\/x.com\\\/Banneroftruth\",\"https:\\\/\\\/www.instagram.com\\\/banneroftruth\\\/?hl=en\"]}]}<\/script>\n<meta property=\"product:price:amount\" content=\"9.50\" \/>\n<meta property=\"product:price:currency\" content=\"GBP\" \/>\n<meta property=\"og:availability\" content=\"instock\" \/>\n<meta property=\"product:availability\" content=\"instock\" \/>\n<meta property=\"product:retailer_item_id\" content=\"9781848711761\" \/>\n<meta property=\"product:condition\" content=\"new\" \/>\n<!-- \/ Yoast SEO Premium plugin. -->","yoast_head_json":{"title":"Vamos a estudiar Hechos - Banner of Truth UK","robots":{"index":"noindex","follow":"follow","max-snippet":"max-snippet:-1","max-image-preview":"max-image-preview:large","max-video-preview":"max-video-preview:-1"},"og_locale":"en_GB","og_type":"article","og_title":"Vamos a estudiar Hechos","og_description":"\"Cada uno de los vol\u00famenes de la serie Vamos a estudiar...deber\u00eda estar presente en todo hogar cristiano que tome en serio el llegar a conocer la Palabra de Dios\". -Covenanter Witness. 461pp.","og_url":"https:\/\/staging.banneroftruth.org\/uk\/store\/commentaries\/vamos-a-estudiar-hechos\/","og_site_name":"Banner of Truth UK","article_publisher":"https:\/\/www.facebook.com\/TheBannerofTruth","article_modified_time":"2021-01-04T16:07:45+00:00","og_image":[{"width":1503,"height":2529,"url":"https:\/\/staging.banneroftruth.org\/uk\/wp-content\/uploads\/sites\/6\/2013\/01\/VamosAEstudiarHechos_FINAL.jpg","type":"image\/jpeg"}],"twitter_card":"summary_large_image","twitter_site":"@Banneroftruth","twitter_misc":{"Price":"&pound;9.50","Availability":"In stock"},"schema":{"@context":"https:\/\/schema.org","@graph":[{"@type":"WebPage","@id":"https:\/\/staging.banneroftruth.org\/uk\/store\/commentaries\/vamos-a-estudiar-hechos\/","url":"https:\/\/staging.banneroftruth.org\/uk\/store\/commentaries\/vamos-a-estudiar-hechos\/","name":"Vamos a estudiar Hechos - Banner of Truth UK","isPartOf":{"@id":"https:\/\/staging.banneroftruth.org\/uk\/#website"},"primaryImageOfPage":{"@id":"https:\/\/staging.banneroftruth.org\/uk\/store\/commentaries\/vamos-a-estudiar-hechos\/#primaryimage"},"image":{"@id":"https:\/\/staging.banneroftruth.org\/uk\/store\/commentaries\/vamos-a-estudiar-hechos\/#primaryimage"},"thumbnailUrl":"https:\/\/staging.banneroftruth.org\/uk\/wp-content\/uploads\/sites\/6\/2013\/01\/VamosAEstudiarHechos_FINAL.jpg","datePublished":"2013-01-30T17:39:01+00:00","dateModified":"2021-01-04T16:07:45+00:00","breadcrumb":{"@id":"https:\/\/staging.banneroftruth.org\/uk\/store\/commentaries\/vamos-a-estudiar-hechos\/#breadcrumb"},"inLanguage":"en-GB","potentialAction":[{"@type":"ReadAction","target":["https:\/\/staging.banneroftruth.org\/uk\/store\/commentaries\/vamos-a-estudiar-hechos\/"]}]},{"@type":"ImageObject","inLanguage":"en-GB","@id":"https:\/\/staging.banneroftruth.org\/uk\/store\/commentaries\/vamos-a-estudiar-hechos\/#primaryimage","url":"https:\/\/staging.banneroftruth.org\/uk\/wp-content\/uploads\/sites\/6\/2013\/01\/VamosAEstudiarHechos_FINAL.jpg","contentUrl":"https:\/\/staging.banneroftruth.org\/uk\/wp-content\/uploads\/sites\/6\/2013\/01\/VamosAEstudiarHechos_FINAL.jpg","width":1503,"height":2529},{"@type":"BreadcrumbList","@id":"https:\/\/staging.banneroftruth.org\/uk\/store\/commentaries\/vamos-a-estudiar-hechos\/#breadcrumb","itemListElement":[{"@type":"ListItem","position":1,"name":"Home","item":"https:\/\/staging.banneroftruth.org\/uk\/"},{"@type":"ListItem","position":2,"name":"Store","item":"https:\/\/staging.banneroftruth.org\/uk\/store\/"},{"@type":"ListItem","position":3,"name":"Vamos a estudiar Hechos"}]},{"@type":"WebSite","@id":"https:\/\/staging.banneroftruth.org\/uk\/#website","url":"https:\/\/staging.banneroftruth.org\/uk\/","name":"Banner of Truth UK","description":"Christian Publisher of Reformed &amp; Puritan Books","publisher":{"@id":"https:\/\/staging.banneroftruth.org\/uk\/#organization"},"potentialAction":[{"@type":"SearchAction","target":{"@type":"EntryPoint","urlTemplate":"https:\/\/staging.banneroftruth.org\/uk\/?s={search_term_string}"},"query-input":{"@type":"PropertyValueSpecification","valueRequired":true,"valueName":"search_term_string"}}],"inLanguage":"en-GB"},{"@type":"Organization","@id":"https:\/\/staging.banneroftruth.org\/uk\/#organization","name":"Banner of Truth UK","url":"https:\/\/staging.banneroftruth.org\/uk\/","logo":{"@type":"ImageObject","inLanguage":"en-GB","@id":"https:\/\/staging.banneroftruth.org\/uk\/#\/schema\/logo\/image\/","url":"https:\/\/staging.banneroftruth.org\/uk\/wp-content\/uploads\/sites\/6\/2021\/04\/logo_and_text_Jun2015.png","contentUrl":"https:\/\/staging.banneroftruth.org\/uk\/wp-content\/uploads\/sites\/6\/2021\/04\/logo_and_text_Jun2015.png","width":377,"height":132,"caption":"Banner of Truth UK"},"image":{"@id":"https:\/\/staging.banneroftruth.org\/uk\/#\/schema\/logo\/image\/"},"sameAs":["https:\/\/www.facebook.com\/TheBannerofTruth","https:\/\/x.com\/Banneroftruth","https:\/\/www.instagram.com\/banneroftruth\/?hl=en"]}]},"product_price_amount":"9.50","product_price_currency":"GBP","og_availability":"instock","product_availability":"instock","product_retailer_item_id":"9781848711761","product_condition":"new"},"_links":{"self":[{"href":"https:\/\/staging.banneroftruth.org\/uk\/wp-json\/wp\/v2\/product\/894","targetHints":{"allow":["GET"]}}],"collection":[{"href":"https:\/\/staging.banneroftruth.org\/uk\/wp-json\/wp\/v2\/product"}],"about":[{"href":"https:\/\/staging.banneroftruth.org\/uk\/wp-json\/wp\/v2\/types\/product"}],"replies":[{"embeddable":true,"href":"https:\/\/staging.banneroftruth.org\/uk\/wp-json\/wp\/v2\/comments?post=894"}],"wp:featuredmedia":[{"embeddable":true,"href":"https:\/\/staging.banneroftruth.org\/uk\/wp-json\/wp\/v2\/media\/9814"}],"wp:attachment":[{"href":"https:\/\/staging.banneroftruth.org\/uk\/wp-json\/wp\/v2\/media?parent=894"}],"wp:term":[{"taxonomy":"product_brand","embeddable":true,"href":"https:\/\/staging.banneroftruth.org\/uk\/wp-json\/wp\/v2\/product_brand?post=894"},{"taxonomy":"product_cat","embeddable":true,"href":"https:\/\/staging.banneroftruth.org\/uk\/wp-json\/wp\/v2\/product_cat?post=894"},{"taxonomy":"product_tag","embeddable":true,"href":"https:\/\/staging.banneroftruth.org\/uk\/wp-json\/wp\/v2\/product_tag?post=894"}],"curies":[{"name":"wp","href":"https:\/\/api.w.org\/{rel}","templated":true}]}}