{"id":892,"date":"2013-01-30T17:39:00","date_gmt":"2013-01-30T17:39:00","guid":{"rendered":"http:\/\/54.225.232.228\/us\/store\/uncategorized\/vamos-a-estudiar-el-apocalipsis\/"},"modified":"2017-08-09T13:47:41","modified_gmt":"2017-08-09T12:47:41","slug":"vamos-a-estudiar-el-apocalipsis","status":"publish","type":"product","link":"https:\/\/staging.banneroftruth.org\/uk\/store\/commentaries\/vamos-a-estudiar-el-apocalipsis\/","title":{"rendered":"Vamos a estudiar el Apocalipsis"},"content":{"rendered":"<h2>Book Description<\/h2>\n<p>El libro del Apocalipsis es la palabra final de Dios para la Iglesia: una impactante revelaci\u00f3n de las cosas que \u00c9l quiere que esta conozca, expresada en un lenguaje y mediante unas formas que deslumbran y a menudo sobresaltan. Tal vez por ello muchos cristianos lo encuentren intimidatorio.<\/p>\n<p>Derek Thomas escribe para disipar un poco ese miedo, y demuestra que el Apocalipsis es \u2013 por encima de todo \u2013 un libro acerca de Jesucristo: cuya intenci\u00f3n, adem\u00e1s de doblegar nuestro orgullo con una visi\u00f3n de la soberan\u00eda absouta de Dios sobre todo acontecimiento pasado, presente y futuro, es confortarnos en los momentos dificiles con el conocimiento de la victoria final de Cristo.<\/p>\n<p>Derek Thomas nos gu\u00eda a trav\u00e9s de esta serie de siete visiones asombrosas que representan el desarrolo de aquellas palabras que Jes\u00fas le dijera Pedro: &#8216;Edifica&#8217; mi iglesia: y las puertas del Hades no prevalecer\u00e1n contra ella&#8217;.<\/p>\n<p>&#8216;Cada uno de los vol\u00famenes de la serie Vamos a estudiar&#8230;deber\u00eda estar presente en todo hogar cristiano que tome en serio el llegar a conocer la Palabra de Dios&#8217;. Covenanter Witness<\/p>\n","protected":false},"excerpt":{"rendered":"<p>Book Description El libro del Apocalipsis es la palabra final de Dios para la Iglesia: una impactante revelaci\u00f3n de las cosas que \u00c9l quiere que esta conozca, expresada en un lenguaje y mediante unas formas que deslumbran y a menudo sobresaltan. Tal vez por ello muchos cristianos lo encuentren intimidatorio. Derek Thomas escribe para disipar [&hellip;]<\/p>\n","protected":false},"featured_media":9813,"comment_status":"open","ping_status":"closed","template":"","meta":[],"product_brand":[],"product_cat":[1499],"product_tag":[4673],"class_list":{"0":"post-892","1":"product","2":"type-product","3":"status-publish","4":"has-post-thumbnail","6":"product_cat-commentaries","7":"product_tag-bible-study","8":"pa_binding-paperback","9":"pa_class-sp","10":"pa_format-book","11":"pa_isbn-5243","12":"pa_language-spanish","13":"pa_original-pub-date-1561","14":"pa_page-count-4699","15":"pa_recent-pub-date-jun-1-2010","16":"pa_recent-pub-date-year-6078","17":"pa_scripture-revelation-new-testament","18":"pa_subtitle-lets-study-revelation","19":"pa_theauthor-thomas-derek","21":"first","22":"instock","23":"purchasable","24":"product-type-simple"},"bundled_by":[],"bundle_stock_status":"instock","bundle_stock_quantity":null,"bundle_virtual":false,"bundle_layout":"","bundle_add_to_cart_form_location":"","bundle_editable_in_cart":false,"bundle_sold_individually_context":"","bundle_item_grouping":"","bundle_min_size":"","bundle_max_size":"","bundle_price":[],"bundled_items":[],"bundle_sell_ids":[],"yoast_head":"<!-- This site is optimized with the Yoast SEO Premium plugin v27.3 (Yoast SEO v27.3) - https:\/\/yoast.com\/product\/yoast-seo-premium-wordpress\/ -->\n<title>Vamos a estudiar el Apocalipsis - Banner of Truth UK<\/title>\n<meta name=\"robots\" content=\"noindex, follow, max-snippet:-1, max-image-preview:large, max-video-preview:-1\" \/>\n<meta property=\"og:locale\" content=\"en_GB\" \/>\n<meta property=\"og:type\" content=\"article\" \/>\n<meta property=\"og:title\" content=\"Vamos a estudiar el Apocalipsis\" \/>\n<meta property=\"og:description\" content=\"Book Description El libro del Apocalipsis es la palabra final de Dios para la Iglesia: una impactante revelaci\u00f3n de las cosas que \u00c9l quiere que esta conozca, expresada en un lenguaje y mediante unas formas que deslumbran y a menudo sobresaltan. Tal vez por ello muchos cristianos lo encuentren intimidatorio. Derek Thomas escribe para disipar [&hellip;]\" \/>\n<meta property=\"og:url\" content=\"https:\/\/staging.banneroftruth.org\/uk\/store\/commentaries\/vamos-a-estudiar-el-apocalipsis\/\" \/>\n<meta property=\"og:site_name\" content=\"Banner of Truth UK\" \/>\n<meta property=\"article:publisher\" content=\"https:\/\/www.facebook.com\/TheBannerofTruth\" \/>\n<meta property=\"article:modified_time\" content=\"2017-08-09T12:47:41+00:00\" \/>\n<meta property=\"og:image\" content=\"https:\/\/staging.banneroftruth.org\/uk\/wp-content\/uploads\/sites\/6\/2013\/01\/VamosAEstudiarElApocalipsis_FINAL.jpg\" \/>\n\t<meta property=\"og:image:width\" content=\"1554\" \/>\n\t<meta property=\"og:image:height\" content=\"2531\" \/>\n\t<meta property=\"og:image:type\" content=\"image\/jpeg\" \/>\n<meta name=\"twitter:card\" content=\"summary_large_image\" \/>\n<meta name=\"twitter:site\" content=\"@Banneroftruth\" \/>\n<meta name=\"twitter:label1\" content=\"Price\" \/>\n\t<meta name=\"twitter:data1\" content=\"&pound;7.25\" \/>\n\t<meta name=\"twitter:label2\" content=\"Availability\" \/>\n\t<meta name=\"twitter:data2\" content=\"In stock\" \/>\n<script type=\"application\/ld+json\" class=\"yoast-schema-graph\">{\"@context\":\"https:\\\/\\\/schema.org\",\"@graph\":[{\"@type\":\"WebPage\",\"@id\":\"https:\\\/\\\/staging.banneroftruth.org\\\/uk\\\/store\\\/commentaries\\\/vamos-a-estudiar-el-apocalipsis\\\/\",\"url\":\"https:\\\/\\\/staging.banneroftruth.org\\\/uk\\\/store\\\/commentaries\\\/vamos-a-estudiar-el-apocalipsis\\\/\",\"name\":\"Vamos a estudiar el Apocalipsis - Banner of Truth UK\",\"isPartOf\":{\"@id\":\"https:\\\/\\\/staging.banneroftruth.org\\\/uk\\\/#website\"},\"primaryImageOfPage\":{\"@id\":\"https:\\\/\\\/staging.banneroftruth.org\\\/uk\\\/store\\\/commentaries\\\/vamos-a-estudiar-el-apocalipsis\\\/#primaryimage\"},\"image\":{\"@id\":\"https:\\\/\\\/staging.banneroftruth.org\\\/uk\\\/store\\\/commentaries\\\/vamos-a-estudiar-el-apocalipsis\\\/#primaryimage\"},\"thumbnailUrl\":\"https:\\\/\\\/staging.banneroftruth.org\\\/uk\\\/wp-content\\\/uploads\\\/sites\\\/6\\\/2013\\\/01\\\/VamosAEstudiarElApocalipsis_FINAL.jpg\",\"datePublished\":\"2013-01-30T17:39:00+00:00\",\"dateModified\":\"2017-08-09T12:47:41+00:00\",\"breadcrumb\":{\"@id\":\"https:\\\/\\\/staging.banneroftruth.org\\\/uk\\\/store\\\/commentaries\\\/vamos-a-estudiar-el-apocalipsis\\\/#breadcrumb\"},\"inLanguage\":\"en-GB\",\"potentialAction\":[{\"@type\":\"ReadAction\",\"target\":[\"https:\\\/\\\/staging.banneroftruth.org\\\/uk\\\/store\\\/commentaries\\\/vamos-a-estudiar-el-apocalipsis\\\/\"]}]},{\"@type\":\"ImageObject\",\"inLanguage\":\"en-GB\",\"@id\":\"https:\\\/\\\/staging.banneroftruth.org\\\/uk\\\/store\\\/commentaries\\\/vamos-a-estudiar-el-apocalipsis\\\/#primaryimage\",\"url\":\"https:\\\/\\\/staging.banneroftruth.org\\\/uk\\\/wp-content\\\/uploads\\\/sites\\\/6\\\/2013\\\/01\\\/VamosAEstudiarElApocalipsis_FINAL.jpg\",\"contentUrl\":\"https:\\\/\\\/staging.banneroftruth.org\\\/uk\\\/wp-content\\\/uploads\\\/sites\\\/6\\\/2013\\\/01\\\/VamosAEstudiarElApocalipsis_FINAL.jpg\",\"width\":1554,\"height\":2531},{\"@type\":\"BreadcrumbList\",\"@id\":\"https:\\\/\\\/staging.banneroftruth.org\\\/uk\\\/store\\\/commentaries\\\/vamos-a-estudiar-el-apocalipsis\\\/#breadcrumb\",\"itemListElement\":[{\"@type\":\"ListItem\",\"position\":1,\"name\":\"Home\",\"item\":\"https:\\\/\\\/staging.banneroftruth.org\\\/uk\\\/\"},{\"@type\":\"ListItem\",\"position\":2,\"name\":\"Store\",\"item\":\"https:\\\/\\\/staging.banneroftruth.org\\\/uk\\\/store\\\/\"},{\"@type\":\"ListItem\",\"position\":3,\"name\":\"Vamos a estudiar el Apocalipsis\"}]},{\"@type\":\"WebSite\",\"@id\":\"https:\\\/\\\/staging.banneroftruth.org\\\/uk\\\/#website\",\"url\":\"https:\\\/\\\/staging.banneroftruth.org\\\/uk\\\/\",\"name\":\"Banner of Truth UK\",\"description\":\"Christian Publisher of Reformed &amp; Puritan Books\",\"publisher\":{\"@id\":\"https:\\\/\\\/staging.banneroftruth.org\\\/uk\\\/#organization\"},\"potentialAction\":[{\"@type\":\"SearchAction\",\"target\":{\"@type\":\"EntryPoint\",\"urlTemplate\":\"https:\\\/\\\/staging.banneroftruth.org\\\/uk\\\/?s={search_term_string}\"},\"query-input\":{\"@type\":\"PropertyValueSpecification\",\"valueRequired\":true,\"valueName\":\"search_term_string\"}}],\"inLanguage\":\"en-GB\"},{\"@type\":\"Organization\",\"@id\":\"https:\\\/\\\/staging.banneroftruth.org\\\/uk\\\/#organization\",\"name\":\"Banner of Truth UK\",\"url\":\"https:\\\/\\\/staging.banneroftruth.org\\\/uk\\\/\",\"logo\":{\"@type\":\"ImageObject\",\"inLanguage\":\"en-GB\",\"@id\":\"https:\\\/\\\/staging.banneroftruth.org\\\/uk\\\/#\\\/schema\\\/logo\\\/image\\\/\",\"url\":\"https:\\\/\\\/staging.banneroftruth.org\\\/uk\\\/wp-content\\\/uploads\\\/sites\\\/6\\\/2021\\\/04\\\/logo_and_text_Jun2015.png\",\"contentUrl\":\"https:\\\/\\\/staging.banneroftruth.org\\\/uk\\\/wp-content\\\/uploads\\\/sites\\\/6\\\/2021\\\/04\\\/logo_and_text_Jun2015.png\",\"width\":377,\"height\":132,\"caption\":\"Banner of Truth UK\"},\"image\":{\"@id\":\"https:\\\/\\\/staging.banneroftruth.org\\\/uk\\\/#\\\/schema\\\/logo\\\/image\\\/\"},\"sameAs\":[\"https:\\\/\\\/www.facebook.com\\\/TheBannerofTruth\",\"https:\\\/\\\/x.com\\\/Banneroftruth\",\"https:\\\/\\\/www.instagram.com\\\/banneroftruth\\\/?hl=en\"]}]}<\/script>\n<meta property=\"product:price:amount\" content=\"7.25\" \/>\n<meta property=\"product:price:currency\" content=\"GBP\" \/>\n<meta property=\"og:availability\" content=\"instock\" \/>\n<meta property=\"product:availability\" content=\"instock\" \/>\n<meta property=\"product:retailer_item_id\" content=\"9781848710788\" \/>\n<meta property=\"product:condition\" content=\"new\" \/>\n<!-- \/ Yoast SEO Premium plugin. -->","yoast_head_json":{"title":"Vamos a estudiar el Apocalipsis - Banner of Truth UK","robots":{"index":"noindex","follow":"follow","max-snippet":"max-snippet:-1","max-image-preview":"max-image-preview:large","max-video-preview":"max-video-preview:-1"},"og_locale":"en_GB","og_type":"article","og_title":"Vamos a estudiar el Apocalipsis","og_description":"Book Description El libro del Apocalipsis es la palabra final de Dios para la Iglesia: una impactante revelaci\u00f3n de las cosas que \u00c9l quiere que esta conozca, expresada en un lenguaje y mediante unas formas que deslumbran y a menudo sobresaltan. Tal vez por ello muchos cristianos lo encuentren intimidatorio. Derek Thomas escribe para disipar [&hellip;]","og_url":"https:\/\/staging.banneroftruth.org\/uk\/store\/commentaries\/vamos-a-estudiar-el-apocalipsis\/","og_site_name":"Banner of Truth UK","article_publisher":"https:\/\/www.facebook.com\/TheBannerofTruth","article_modified_time":"2017-08-09T12:47:41+00:00","og_image":[{"width":1554,"height":2531,"url":"https:\/\/staging.banneroftruth.org\/uk\/wp-content\/uploads\/sites\/6\/2013\/01\/VamosAEstudiarElApocalipsis_FINAL.jpg","type":"image\/jpeg"}],"twitter_card":"summary_large_image","twitter_site":"@Banneroftruth","twitter_misc":{"Price":"&pound;7.25","Availability":"In stock"},"schema":{"@context":"https:\/\/schema.org","@graph":[{"@type":"WebPage","@id":"https:\/\/staging.banneroftruth.org\/uk\/store\/commentaries\/vamos-a-estudiar-el-apocalipsis\/","url":"https:\/\/staging.banneroftruth.org\/uk\/store\/commentaries\/vamos-a-estudiar-el-apocalipsis\/","name":"Vamos a estudiar el Apocalipsis - Banner of Truth UK","isPartOf":{"@id":"https:\/\/staging.banneroftruth.org\/uk\/#website"},"primaryImageOfPage":{"@id":"https:\/\/staging.banneroftruth.org\/uk\/store\/commentaries\/vamos-a-estudiar-el-apocalipsis\/#primaryimage"},"image":{"@id":"https:\/\/staging.banneroftruth.org\/uk\/store\/commentaries\/vamos-a-estudiar-el-apocalipsis\/#primaryimage"},"thumbnailUrl":"https:\/\/staging.banneroftruth.org\/uk\/wp-content\/uploads\/sites\/6\/2013\/01\/VamosAEstudiarElApocalipsis_FINAL.jpg","datePublished":"2013-01-30T17:39:00+00:00","dateModified":"2017-08-09T12:47:41+00:00","breadcrumb":{"@id":"https:\/\/staging.banneroftruth.org\/uk\/store\/commentaries\/vamos-a-estudiar-el-apocalipsis\/#breadcrumb"},"inLanguage":"en-GB","potentialAction":[{"@type":"ReadAction","target":["https:\/\/staging.banneroftruth.org\/uk\/store\/commentaries\/vamos-a-estudiar-el-apocalipsis\/"]}]},{"@type":"ImageObject","inLanguage":"en-GB","@id":"https:\/\/staging.banneroftruth.org\/uk\/store\/commentaries\/vamos-a-estudiar-el-apocalipsis\/#primaryimage","url":"https:\/\/staging.banneroftruth.org\/uk\/wp-content\/uploads\/sites\/6\/2013\/01\/VamosAEstudiarElApocalipsis_FINAL.jpg","contentUrl":"https:\/\/staging.banneroftruth.org\/uk\/wp-content\/uploads\/sites\/6\/2013\/01\/VamosAEstudiarElApocalipsis_FINAL.jpg","width":1554,"height":2531},{"@type":"BreadcrumbList","@id":"https:\/\/staging.banneroftruth.org\/uk\/store\/commentaries\/vamos-a-estudiar-el-apocalipsis\/#breadcrumb","itemListElement":[{"@type":"ListItem","position":1,"name":"Home","item":"https:\/\/staging.banneroftruth.org\/uk\/"},{"@type":"ListItem","position":2,"name":"Store","item":"https:\/\/staging.banneroftruth.org\/uk\/store\/"},{"@type":"ListItem","position":3,"name":"Vamos a estudiar el Apocalipsis"}]},{"@type":"WebSite","@id":"https:\/\/staging.banneroftruth.org\/uk\/#website","url":"https:\/\/staging.banneroftruth.org\/uk\/","name":"Banner of Truth UK","description":"Christian Publisher of Reformed &amp; Puritan Books","publisher":{"@id":"https:\/\/staging.banneroftruth.org\/uk\/#organization"},"potentialAction":[{"@type":"SearchAction","target":{"@type":"EntryPoint","urlTemplate":"https:\/\/staging.banneroftruth.org\/uk\/?s={search_term_string}"},"query-input":{"@type":"PropertyValueSpecification","valueRequired":true,"valueName":"search_term_string"}}],"inLanguage":"en-GB"},{"@type":"Organization","@id":"https:\/\/staging.banneroftruth.org\/uk\/#organization","name":"Banner of Truth UK","url":"https:\/\/staging.banneroftruth.org\/uk\/","logo":{"@type":"ImageObject","inLanguage":"en-GB","@id":"https:\/\/staging.banneroftruth.org\/uk\/#\/schema\/logo\/image\/","url":"https:\/\/staging.banneroftruth.org\/uk\/wp-content\/uploads\/sites\/6\/2021\/04\/logo_and_text_Jun2015.png","contentUrl":"https:\/\/staging.banneroftruth.org\/uk\/wp-content\/uploads\/sites\/6\/2021\/04\/logo_and_text_Jun2015.png","width":377,"height":132,"caption":"Banner of Truth UK"},"image":{"@id":"https:\/\/staging.banneroftruth.org\/uk\/#\/schema\/logo\/image\/"},"sameAs":["https:\/\/www.facebook.com\/TheBannerofTruth","https:\/\/x.com\/Banneroftruth","https:\/\/www.instagram.com\/banneroftruth\/?hl=en"]}]},"product_price_amount":"7.25","product_price_currency":"GBP","og_availability":"instock","product_availability":"instock","product_retailer_item_id":"9781848710788","product_condition":"new"},"_links":{"self":[{"href":"https:\/\/staging.banneroftruth.org\/uk\/wp-json\/wp\/v2\/product\/892","targetHints":{"allow":["GET"]}}],"collection":[{"href":"https:\/\/staging.banneroftruth.org\/uk\/wp-json\/wp\/v2\/product"}],"about":[{"href":"https:\/\/staging.banneroftruth.org\/uk\/wp-json\/wp\/v2\/types\/product"}],"replies":[{"embeddable":true,"href":"https:\/\/staging.banneroftruth.org\/uk\/wp-json\/wp\/v2\/comments?post=892"}],"wp:featuredmedia":[{"embeddable":true,"href":"https:\/\/staging.banneroftruth.org\/uk\/wp-json\/wp\/v2\/media\/9813"}],"wp:attachment":[{"href":"https:\/\/staging.banneroftruth.org\/uk\/wp-json\/wp\/v2\/media?parent=892"}],"wp:term":[{"taxonomy":"product_brand","embeddable":true,"href":"https:\/\/staging.banneroftruth.org\/uk\/wp-json\/wp\/v2\/product_brand?post=892"},{"taxonomy":"product_cat","embeddable":true,"href":"https:\/\/staging.banneroftruth.org\/uk\/wp-json\/wp\/v2\/product_cat?post=892"},{"taxonomy":"product_tag","embeddable":true,"href":"https:\/\/staging.banneroftruth.org\/uk\/wp-json\/wp\/v2\/product_tag?post=892"}],"curies":[{"name":"wp","href":"https:\/\/api.w.org\/{rel}","templated":true}]}}