{"id":891,"date":"2013-01-30T17:39:00","date_gmt":"2013-01-30T17:39:00","guid":{"rendered":"http:\/\/54.225.232.228\/us\/store\/uncategorized\/vamos-a-estudiar-efesios\/"},"modified":"2020-02-19T16:41:15","modified_gmt":"2020-02-19T16:41:15","slug":"vamos-a-estudiar-efesios","status":"publish","type":"product","link":"https:\/\/staging.banneroftruth.org\/uk\/store\/commentaries\/vamos-a-estudiar-efesios\/","title":{"rendered":"Vamos a estudiar Efesios"},"content":{"rendered":"<h2>Book Description<\/h2>\n<p>Si Romanos es, humanamente hablando, la m\u00e1s impresionante de las ep\u00edstolas de Pablo, entonces Efesios probablemente sea la m\u00e1s elegante. En la doxolog\u00eda que da comienzo a la ep\u00edstola, las bendiciones caen en cascada sobre el lector. En sus vers\u00edculos finales, el olor del campo de batalla se halla fuertemente en el aire y, entremedias del humo de la guerra, vemos a los cristianos, totalmente vestidos de la armadura de la guerra espiritual, a\u00fan en pie. Desde el comienzo hasta el final. Efesios presenta ante nostros la maravilla de la gracia de Dios, el privilegio de pertenecer a la Iglesia, y el patr\u00f3n de transformaci\u00f3n de vida que produce el Evangelio.<\/p>\n","protected":false},"excerpt":{"rendered":"<p>Book Description Si Romanos es, humanamente hablando, la m\u00e1s impresionante de las ep\u00edstolas de Pablo, entonces Efesios probablemente sea la m\u00e1s elegante. En la doxolog\u00eda que da comienzo a la ep\u00edstola, las bendiciones caen en cascada sobre el lector. En sus vers\u00edculos finales, el olor del campo de batalla se halla fuertemente en el aire [&hellip;]<\/p>\n","protected":false},"featured_media":9812,"comment_status":"open","ping_status":"closed","template":"","meta":[],"product_brand":[],"product_cat":[1499],"product_tag":[4673],"class_list":{"0":"post-891","1":"product","2":"type-product","3":"status-publish","4":"has-post-thumbnail","6":"product_cat-commentaries","7":"product_tag-bible-study","8":"pa_binding-paperback","9":"pa_class-sp","10":"pa_format-book","11":"pa_isbn-5242","12":"pa_language-spanish","13":"pa_original-pub-date-1245","14":"pa_page-count-1433","15":"pa_recent-pub-date-jul-1-2009","16":"pa_recent-pub-date-year-6073","17":"pa_scripture-ephesians","18":"pa_subtitle-lets-study-ephesians","19":"pa_theauthor-ferguson-sinclair","21":"first","22":"instock","23":"purchasable","24":"product-type-simple"},"bundled_by":[],"bundle_stock_status":"instock","bundle_stock_quantity":null,"bundle_virtual":false,"bundle_layout":"","bundle_add_to_cart_form_location":"","bundle_editable_in_cart":false,"bundle_sold_individually_context":"","bundle_item_grouping":"","bundle_min_size":"","bundle_max_size":"","bundle_price":[],"bundled_items":[],"bundle_sell_ids":[],"yoast_head":"<!-- This site is optimized with the Yoast SEO Premium plugin v27.3 (Yoast SEO v27.3) - https:\/\/yoast.com\/product\/yoast-seo-premium-wordpress\/ -->\n<title>Vamos a estudiar Efesios - Banner of Truth UK<\/title>\n<meta name=\"robots\" content=\"noindex, follow, max-snippet:-1, max-image-preview:large, max-video-preview:-1\" \/>\n<meta property=\"og:locale\" content=\"en_GB\" \/>\n<meta property=\"og:type\" content=\"article\" \/>\n<meta property=\"og:title\" content=\"Vamos a estudiar Efesios\" \/>\n<meta property=\"og:description\" content=\"Book Description Si Romanos es, humanamente hablando, la m\u00e1s impresionante de las ep\u00edstolas de Pablo, entonces Efesios probablemente sea la m\u00e1s elegante. En la doxolog\u00eda que da comienzo a la ep\u00edstola, las bendiciones caen en cascada sobre el lector. En sus vers\u00edculos finales, el olor del campo de batalla se halla fuertemente en el aire [&hellip;]\" \/>\n<meta property=\"og:url\" content=\"https:\/\/staging.banneroftruth.org\/uk\/store\/commentaries\/vamos-a-estudiar-efesios\/\" \/>\n<meta property=\"og:site_name\" content=\"Banner of Truth UK\" \/>\n<meta property=\"article:publisher\" content=\"https:\/\/www.facebook.com\/TheBannerofTruth\" \/>\n<meta property=\"article:modified_time\" content=\"2020-02-19T16:41:15+00:00\" \/>\n<meta property=\"og:image\" content=\"https:\/\/staging.banneroftruth.org\/uk\/wp-content\/uploads\/sites\/6\/2013\/01\/VamosAEstudiarEfesios_FINAL.jpg\" \/>\n\t<meta property=\"og:image:width\" content=\"1471\" \/>\n\t<meta property=\"og:image:height\" content=\"2507\" \/>\n\t<meta property=\"og:image:type\" content=\"image\/jpeg\" \/>\n<meta name=\"twitter:card\" content=\"summary_large_image\" \/>\n<meta name=\"twitter:site\" content=\"@Banneroftruth\" \/>\n<meta name=\"twitter:label1\" content=\"Price\" \/>\n\t<meta name=\"twitter:data1\" content=\"&pound;7.25\" \/>\n\t<meta name=\"twitter:label2\" content=\"Availability\" \/>\n\t<meta name=\"twitter:data2\" content=\"In stock\" \/>\n<script type=\"application\/ld+json\" class=\"yoast-schema-graph\">{\"@context\":\"https:\\\/\\\/schema.org\",\"@graph\":[{\"@type\":\"WebPage\",\"@id\":\"https:\\\/\\\/staging.banneroftruth.org\\\/uk\\\/store\\\/commentaries\\\/vamos-a-estudiar-efesios\\\/\",\"url\":\"https:\\\/\\\/staging.banneroftruth.org\\\/uk\\\/store\\\/commentaries\\\/vamos-a-estudiar-efesios\\\/\",\"name\":\"Vamos a estudiar Efesios - Banner of Truth UK\",\"isPartOf\":{\"@id\":\"https:\\\/\\\/staging.banneroftruth.org\\\/uk\\\/#website\"},\"primaryImageOfPage\":{\"@id\":\"https:\\\/\\\/staging.banneroftruth.org\\\/uk\\\/store\\\/commentaries\\\/vamos-a-estudiar-efesios\\\/#primaryimage\"},\"image\":{\"@id\":\"https:\\\/\\\/staging.banneroftruth.org\\\/uk\\\/store\\\/commentaries\\\/vamos-a-estudiar-efesios\\\/#primaryimage\"},\"thumbnailUrl\":\"https:\\\/\\\/staging.banneroftruth.org\\\/uk\\\/wp-content\\\/uploads\\\/sites\\\/6\\\/2013\\\/01\\\/VamosAEstudiarEfesios_FINAL.jpg\",\"datePublished\":\"2013-01-30T17:39:00+00:00\",\"dateModified\":\"2020-02-19T16:41:15+00:00\",\"breadcrumb\":{\"@id\":\"https:\\\/\\\/staging.banneroftruth.org\\\/uk\\\/store\\\/commentaries\\\/vamos-a-estudiar-efesios\\\/#breadcrumb\"},\"inLanguage\":\"en-GB\",\"potentialAction\":[{\"@type\":\"ReadAction\",\"target\":[\"https:\\\/\\\/staging.banneroftruth.org\\\/uk\\\/store\\\/commentaries\\\/vamos-a-estudiar-efesios\\\/\"]}]},{\"@type\":\"ImageObject\",\"inLanguage\":\"en-GB\",\"@id\":\"https:\\\/\\\/staging.banneroftruth.org\\\/uk\\\/store\\\/commentaries\\\/vamos-a-estudiar-efesios\\\/#primaryimage\",\"url\":\"https:\\\/\\\/staging.banneroftruth.org\\\/uk\\\/wp-content\\\/uploads\\\/sites\\\/6\\\/2013\\\/01\\\/VamosAEstudiarEfesios_FINAL.jpg\",\"contentUrl\":\"https:\\\/\\\/staging.banneroftruth.org\\\/uk\\\/wp-content\\\/uploads\\\/sites\\\/6\\\/2013\\\/01\\\/VamosAEstudiarEfesios_FINAL.jpg\",\"width\":1471,\"height\":2507},{\"@type\":\"BreadcrumbList\",\"@id\":\"https:\\\/\\\/staging.banneroftruth.org\\\/uk\\\/store\\\/commentaries\\\/vamos-a-estudiar-efesios\\\/#breadcrumb\",\"itemListElement\":[{\"@type\":\"ListItem\",\"position\":1,\"name\":\"Home\",\"item\":\"https:\\\/\\\/staging.banneroftruth.org\\\/uk\\\/\"},{\"@type\":\"ListItem\",\"position\":2,\"name\":\"Store\",\"item\":\"https:\\\/\\\/staging.banneroftruth.org\\\/uk\\\/store\\\/\"},{\"@type\":\"ListItem\",\"position\":3,\"name\":\"Vamos a estudiar Efesios\"}]},{\"@type\":\"WebSite\",\"@id\":\"https:\\\/\\\/staging.banneroftruth.org\\\/uk\\\/#website\",\"url\":\"https:\\\/\\\/staging.banneroftruth.org\\\/uk\\\/\",\"name\":\"Banner of Truth UK\",\"description\":\"Christian Publisher of Reformed &amp; Puritan Books\",\"publisher\":{\"@id\":\"https:\\\/\\\/staging.banneroftruth.org\\\/uk\\\/#organization\"},\"potentialAction\":[{\"@type\":\"SearchAction\",\"target\":{\"@type\":\"EntryPoint\",\"urlTemplate\":\"https:\\\/\\\/staging.banneroftruth.org\\\/uk\\\/?s={search_term_string}\"},\"query-input\":{\"@type\":\"PropertyValueSpecification\",\"valueRequired\":true,\"valueName\":\"search_term_string\"}}],\"inLanguage\":\"en-GB\"},{\"@type\":\"Organization\",\"@id\":\"https:\\\/\\\/staging.banneroftruth.org\\\/uk\\\/#organization\",\"name\":\"Banner of Truth UK\",\"url\":\"https:\\\/\\\/staging.banneroftruth.org\\\/uk\\\/\",\"logo\":{\"@type\":\"ImageObject\",\"inLanguage\":\"en-GB\",\"@id\":\"https:\\\/\\\/staging.banneroftruth.org\\\/uk\\\/#\\\/schema\\\/logo\\\/image\\\/\",\"url\":\"https:\\\/\\\/staging.banneroftruth.org\\\/uk\\\/wp-content\\\/uploads\\\/sites\\\/6\\\/2021\\\/04\\\/logo_and_text_Jun2015.png\",\"contentUrl\":\"https:\\\/\\\/staging.banneroftruth.org\\\/uk\\\/wp-content\\\/uploads\\\/sites\\\/6\\\/2021\\\/04\\\/logo_and_text_Jun2015.png\",\"width\":377,\"height\":132,\"caption\":\"Banner of Truth UK\"},\"image\":{\"@id\":\"https:\\\/\\\/staging.banneroftruth.org\\\/uk\\\/#\\\/schema\\\/logo\\\/image\\\/\"},\"sameAs\":[\"https:\\\/\\\/www.facebook.com\\\/TheBannerofTruth\",\"https:\\\/\\\/x.com\\\/Banneroftruth\",\"https:\\\/\\\/www.instagram.com\\\/banneroftruth\\\/?hl=en\"]}]}<\/script>\n<meta property=\"product:price:amount\" content=\"7.25\" \/>\n<meta property=\"product:price:currency\" content=\"GBP\" \/>\n<meta property=\"og:availability\" content=\"instock\" \/>\n<meta property=\"product:availability\" content=\"instock\" \/>\n<meta property=\"product:retailer_item_id\" content=\"9781848710290\" \/>\n<meta property=\"product:condition\" content=\"new\" \/>\n<!-- \/ Yoast SEO Premium plugin. -->","yoast_head_json":{"title":"Vamos a estudiar Efesios - Banner of Truth UK","robots":{"index":"noindex","follow":"follow","max-snippet":"max-snippet:-1","max-image-preview":"max-image-preview:large","max-video-preview":"max-video-preview:-1"},"og_locale":"en_GB","og_type":"article","og_title":"Vamos a estudiar Efesios","og_description":"Book Description Si Romanos es, humanamente hablando, la m\u00e1s impresionante de las ep\u00edstolas de Pablo, entonces Efesios probablemente sea la m\u00e1s elegante. En la doxolog\u00eda que da comienzo a la ep\u00edstola, las bendiciones caen en cascada sobre el lector. En sus vers\u00edculos finales, el olor del campo de batalla se halla fuertemente en el aire [&hellip;]","og_url":"https:\/\/staging.banneroftruth.org\/uk\/store\/commentaries\/vamos-a-estudiar-efesios\/","og_site_name":"Banner of Truth UK","article_publisher":"https:\/\/www.facebook.com\/TheBannerofTruth","article_modified_time":"2020-02-19T16:41:15+00:00","og_image":[{"width":1471,"height":2507,"url":"https:\/\/staging.banneroftruth.org\/uk\/wp-content\/uploads\/sites\/6\/2013\/01\/VamosAEstudiarEfesios_FINAL.jpg","type":"image\/jpeg"}],"twitter_card":"summary_large_image","twitter_site":"@Banneroftruth","twitter_misc":{"Price":"&pound;7.25","Availability":"In stock"},"schema":{"@context":"https:\/\/schema.org","@graph":[{"@type":"WebPage","@id":"https:\/\/staging.banneroftruth.org\/uk\/store\/commentaries\/vamos-a-estudiar-efesios\/","url":"https:\/\/staging.banneroftruth.org\/uk\/store\/commentaries\/vamos-a-estudiar-efesios\/","name":"Vamos a estudiar Efesios - Banner of Truth UK","isPartOf":{"@id":"https:\/\/staging.banneroftruth.org\/uk\/#website"},"primaryImageOfPage":{"@id":"https:\/\/staging.banneroftruth.org\/uk\/store\/commentaries\/vamos-a-estudiar-efesios\/#primaryimage"},"image":{"@id":"https:\/\/staging.banneroftruth.org\/uk\/store\/commentaries\/vamos-a-estudiar-efesios\/#primaryimage"},"thumbnailUrl":"https:\/\/staging.banneroftruth.org\/uk\/wp-content\/uploads\/sites\/6\/2013\/01\/VamosAEstudiarEfesios_FINAL.jpg","datePublished":"2013-01-30T17:39:00+00:00","dateModified":"2020-02-19T16:41:15+00:00","breadcrumb":{"@id":"https:\/\/staging.banneroftruth.org\/uk\/store\/commentaries\/vamos-a-estudiar-efesios\/#breadcrumb"},"inLanguage":"en-GB","potentialAction":[{"@type":"ReadAction","target":["https:\/\/staging.banneroftruth.org\/uk\/store\/commentaries\/vamos-a-estudiar-efesios\/"]}]},{"@type":"ImageObject","inLanguage":"en-GB","@id":"https:\/\/staging.banneroftruth.org\/uk\/store\/commentaries\/vamos-a-estudiar-efesios\/#primaryimage","url":"https:\/\/staging.banneroftruth.org\/uk\/wp-content\/uploads\/sites\/6\/2013\/01\/VamosAEstudiarEfesios_FINAL.jpg","contentUrl":"https:\/\/staging.banneroftruth.org\/uk\/wp-content\/uploads\/sites\/6\/2013\/01\/VamosAEstudiarEfesios_FINAL.jpg","width":1471,"height":2507},{"@type":"BreadcrumbList","@id":"https:\/\/staging.banneroftruth.org\/uk\/store\/commentaries\/vamos-a-estudiar-efesios\/#breadcrumb","itemListElement":[{"@type":"ListItem","position":1,"name":"Home","item":"https:\/\/staging.banneroftruth.org\/uk\/"},{"@type":"ListItem","position":2,"name":"Store","item":"https:\/\/staging.banneroftruth.org\/uk\/store\/"},{"@type":"ListItem","position":3,"name":"Vamos a estudiar Efesios"}]},{"@type":"WebSite","@id":"https:\/\/staging.banneroftruth.org\/uk\/#website","url":"https:\/\/staging.banneroftruth.org\/uk\/","name":"Banner of Truth UK","description":"Christian Publisher of Reformed &amp; Puritan Books","publisher":{"@id":"https:\/\/staging.banneroftruth.org\/uk\/#organization"},"potentialAction":[{"@type":"SearchAction","target":{"@type":"EntryPoint","urlTemplate":"https:\/\/staging.banneroftruth.org\/uk\/?s={search_term_string}"},"query-input":{"@type":"PropertyValueSpecification","valueRequired":true,"valueName":"search_term_string"}}],"inLanguage":"en-GB"},{"@type":"Organization","@id":"https:\/\/staging.banneroftruth.org\/uk\/#organization","name":"Banner of Truth UK","url":"https:\/\/staging.banneroftruth.org\/uk\/","logo":{"@type":"ImageObject","inLanguage":"en-GB","@id":"https:\/\/staging.banneroftruth.org\/uk\/#\/schema\/logo\/image\/","url":"https:\/\/staging.banneroftruth.org\/uk\/wp-content\/uploads\/sites\/6\/2021\/04\/logo_and_text_Jun2015.png","contentUrl":"https:\/\/staging.banneroftruth.org\/uk\/wp-content\/uploads\/sites\/6\/2021\/04\/logo_and_text_Jun2015.png","width":377,"height":132,"caption":"Banner of Truth UK"},"image":{"@id":"https:\/\/staging.banneroftruth.org\/uk\/#\/schema\/logo\/image\/"},"sameAs":["https:\/\/www.facebook.com\/TheBannerofTruth","https:\/\/x.com\/Banneroftruth","https:\/\/www.instagram.com\/banneroftruth\/?hl=en"]}]},"product_price_amount":"7.25","product_price_currency":"GBP","og_availability":"instock","product_availability":"instock","product_retailer_item_id":"9781848710290","product_condition":"new"},"_links":{"self":[{"href":"https:\/\/staging.banneroftruth.org\/uk\/wp-json\/wp\/v2\/product\/891","targetHints":{"allow":["GET"]}}],"collection":[{"href":"https:\/\/staging.banneroftruth.org\/uk\/wp-json\/wp\/v2\/product"}],"about":[{"href":"https:\/\/staging.banneroftruth.org\/uk\/wp-json\/wp\/v2\/types\/product"}],"replies":[{"embeddable":true,"href":"https:\/\/staging.banneroftruth.org\/uk\/wp-json\/wp\/v2\/comments?post=891"}],"wp:featuredmedia":[{"embeddable":true,"href":"https:\/\/staging.banneroftruth.org\/uk\/wp-json\/wp\/v2\/media\/9812"}],"wp:attachment":[{"href":"https:\/\/staging.banneroftruth.org\/uk\/wp-json\/wp\/v2\/media?parent=891"}],"wp:term":[{"taxonomy":"product_brand","embeddable":true,"href":"https:\/\/staging.banneroftruth.org\/uk\/wp-json\/wp\/v2\/product_brand?post=891"},{"taxonomy":"product_cat","embeddable":true,"href":"https:\/\/staging.banneroftruth.org\/uk\/wp-json\/wp\/v2\/product_cat?post=891"},{"taxonomy":"product_tag","embeddable":true,"href":"https:\/\/staging.banneroftruth.org\/uk\/wp-json\/wp\/v2\/product_tag?post=891"}],"curies":[{"name":"wp","href":"https:\/\/api.w.org\/{rel}","templated":true}]}}