{"id":884,"date":"2013-01-30T17:38:00","date_gmt":"2013-01-30T17:38:00","guid":{"rendered":"http:\/\/54.225.232.228\/us\/store\/uncategorized\/romanos\/"},"modified":"2020-06-04T16:51:39","modified_gmt":"2020-06-04T15:51:39","slug":"romanos","status":"publish","type":"product","link":"https:\/\/staging.banneroftruth.org\/uk\/store\/sermons-and-expositions\/romanos\/","title":{"rendered":"Romanos"},"content":{"rendered":"<h2>Book Description<\/h2>\n<p>Cuando a mediados de los a\u00f1os cincuenta del siglo XX el gran predicador y maestro gal\u00e9s, Dr. Martyn Lloyd-Jones, incici\u00f3 su \u00e9pica serie sobre la Ep\u00edstola a los Romanos, pocos pod\u00edan imaginar que catorce a\u00f1os\u00a0m\u00e1s tarde a\u00fan seguir\u00eda con su exposici\u00f3n y que, finalmente, se jubilar\u00eda antes de acabarla. y es que, por aquel entonces, se involucr\u00f3 en una ense\u00f1anza tan exhaustiva y de tal profundidad que quiz\u00e1 este resultado fuese casi inevitable. La profundidad y la facilidad de comunicaci\u00f3n fueron dos caracter\u00edsticas muy pronunciadas en la carrera ministerial de Lloyd-Jones que le permitieron, sin embargo, explicar esta ep\u00edstola de una manera en que, por fin, todos pudieran entenderla en su totalidad. A trav\u00e9s del m\u00e1s destacado maestro de la Biblia del siglo XX, como muchos lo consideran, el ministerio del Esp\u00edritu Santo cambi\u00f3 por completo la vida de las numerosas personas que sol\u00edan asistir a sus reuniones del viernes por la noche en Londres. Su &#8216;l\u00f3gica fervorasa&#8217;\u00a0toc\u00f3 una profundidad mas interna, y los oyentes ya no volviernon a ser los mismos. Un Maestro a\u00fan mayor que el mism\u00edsimo Lloyd Jones dijo que la verdad nos har\u00eda verdadermente libres. NO es algo que suceda de forma autom\u00e1tica, claro est\u00e1, ni tampoco m\u00e1gica. Lo que nuestro Se\u00f1or quer\u00eda decir era que entender con el coraz\u00f3n libera. En tiempos recientes, nadie imparti\u00f3 un concepto tan claro de esa verdad que rompe la esclavitud mejor que &#8216;el doctor&#8217;, como se le conoc\u00eda cari\u00f1osamente<\/p>\n","protected":false},"excerpt":{"rendered":"<p>Book Description Cuando a mediados de los a\u00f1os cincuenta del siglo XX el gran predicador y maestro gal\u00e9s, Dr. Martyn Lloyd-Jones, incici\u00f3 su \u00e9pica serie sobre la Ep\u00edstola a los Romanos, pocos pod\u00edan imaginar que catorce a\u00f1os\u00a0m\u00e1s tarde a\u00fan seguir\u00eda con su exposici\u00f3n y que, finalmente, se jubilar\u00eda antes de acabarla. y es que, por [&hellip;]<\/p>\n","protected":false},"featured_media":9806,"comment_status":"open","ping_status":"closed","template":"","meta":[],"product_brand":[],"product_cat":[1228],"product_tag":[4673],"class_list":{"0":"post-884","1":"product","2":"type-product","3":"status-publish","4":"has-post-thumbnail","6":"product_cat-sermons-and-expositions","7":"product_tag-bible-study","8":"pa_binding-paperback","9":"pa_class-sp","10":"pa_format-book","11":"pa_isbn-4722","12":"pa_language-spanish","13":"pa_original-pub-date-2534","14":"pa_page-count-4675","15":"pa_recent-pub-date-may-30-2012","16":"pa_recent-pub-date-year-6134","17":"pa_scripture-romans-new-testament","18":"pa_subtitle-romans","19":"pa_theauthor-jenkins-roy-davey","20":"pa_topic-biblical-studies","22":"first","23":"instock","24":"purchasable","25":"product-type-simple"},"bundled_by":[],"bundle_stock_status":"instock","bundle_stock_quantity":null,"bundle_virtual":false,"bundle_layout":"","bundle_add_to_cart_form_location":"","bundle_editable_in_cart":false,"bundle_sold_individually_context":"","bundle_item_grouping":"","bundle_min_size":"","bundle_max_size":"","bundle_price":[],"bundled_items":[],"bundle_sell_ids":[],"yoast_head":"<!-- This site is optimized with the Yoast SEO Premium plugin v27.3 (Yoast SEO v27.3) - https:\/\/yoast.com\/product\/yoast-seo-premium-wordpress\/ -->\n<title>Romanos - Banner of Truth UK<\/title>\n<meta name=\"robots\" content=\"noindex, follow, max-snippet:-1, max-image-preview:large, max-video-preview:-1\" \/>\n<meta property=\"og:locale\" content=\"en_GB\" \/>\n<meta property=\"og:type\" content=\"article\" \/>\n<meta property=\"og:title\" content=\"Romanos\" \/>\n<meta property=\"og:description\" content=\"Book Description Cuando a mediados de los a\u00f1os cincuenta del siglo XX el gran predicador y maestro gal\u00e9s, Dr. Martyn Lloyd-Jones, incici\u00f3 su \u00e9pica serie sobre la Ep\u00edstola a los Romanos, pocos pod\u00edan imaginar que catorce a\u00f1os\u00a0m\u00e1s tarde a\u00fan seguir\u00eda con su exposici\u00f3n y que, finalmente, se jubilar\u00eda antes de acabarla. y es que, por [&hellip;]\" \/>\n<meta property=\"og:url\" content=\"https:\/\/staging.banneroftruth.org\/uk\/store\/sermons-and-expositions\/romanos\/\" \/>\n<meta property=\"og:site_name\" content=\"Banner of Truth UK\" \/>\n<meta property=\"article:publisher\" content=\"https:\/\/www.facebook.com\/TheBannerofTruth\" \/>\n<meta property=\"article:modified_time\" content=\"2020-06-04T15:51:39+00:00\" \/>\n<meta property=\"og:image\" content=\"https:\/\/staging.banneroftruth.org\/uk\/wp-content\/uploads\/sites\/6\/2013\/01\/Romanos_FINAL.jpg\" \/>\n\t<meta property=\"og:image:width\" content=\"1547\" \/>\n\t<meta property=\"og:image:height\" content=\"2530\" \/>\n\t<meta property=\"og:image:type\" content=\"image\/jpeg\" \/>\n<meta name=\"twitter:card\" content=\"summary_large_image\" \/>\n<meta name=\"twitter:site\" content=\"@Banneroftruth\" \/>\n<meta name=\"twitter:label1\" content=\"Price\" \/>\n\t<meta name=\"twitter:data1\" content=\"&pound;14.00\" \/>\n\t<meta name=\"twitter:label2\" content=\"Availability\" \/>\n\t<meta name=\"twitter:data2\" content=\"In stock\" \/>\n<script type=\"application\/ld+json\" class=\"yoast-schema-graph\">{\"@context\":\"https:\\\/\\\/schema.org\",\"@graph\":[{\"@type\":\"WebPage\",\"@id\":\"https:\\\/\\\/staging.banneroftruth.org\\\/uk\\\/store\\\/sermons-and-expositions\\\/romanos\\\/\",\"url\":\"https:\\\/\\\/staging.banneroftruth.org\\\/uk\\\/store\\\/sermons-and-expositions\\\/romanos\\\/\",\"name\":\"Romanos - Banner of Truth UK\",\"isPartOf\":{\"@id\":\"https:\\\/\\\/staging.banneroftruth.org\\\/uk\\\/#website\"},\"primaryImageOfPage\":{\"@id\":\"https:\\\/\\\/staging.banneroftruth.org\\\/uk\\\/store\\\/sermons-and-expositions\\\/romanos\\\/#primaryimage\"},\"image\":{\"@id\":\"https:\\\/\\\/staging.banneroftruth.org\\\/uk\\\/store\\\/sermons-and-expositions\\\/romanos\\\/#primaryimage\"},\"thumbnailUrl\":\"https:\\\/\\\/staging.banneroftruth.org\\\/uk\\\/wp-content\\\/uploads\\\/sites\\\/6\\\/2013\\\/01\\\/Romanos_FINAL.jpg\",\"datePublished\":\"2013-01-30T17:38:00+00:00\",\"dateModified\":\"2020-06-04T15:51:39+00:00\",\"breadcrumb\":{\"@id\":\"https:\\\/\\\/staging.banneroftruth.org\\\/uk\\\/store\\\/sermons-and-expositions\\\/romanos\\\/#breadcrumb\"},\"inLanguage\":\"en-GB\",\"potentialAction\":[{\"@type\":\"ReadAction\",\"target\":[\"https:\\\/\\\/staging.banneroftruth.org\\\/uk\\\/store\\\/sermons-and-expositions\\\/romanos\\\/\"]}]},{\"@type\":\"ImageObject\",\"inLanguage\":\"en-GB\",\"@id\":\"https:\\\/\\\/staging.banneroftruth.org\\\/uk\\\/store\\\/sermons-and-expositions\\\/romanos\\\/#primaryimage\",\"url\":\"https:\\\/\\\/staging.banneroftruth.org\\\/uk\\\/wp-content\\\/uploads\\\/sites\\\/6\\\/2013\\\/01\\\/Romanos_FINAL.jpg\",\"contentUrl\":\"https:\\\/\\\/staging.banneroftruth.org\\\/uk\\\/wp-content\\\/uploads\\\/sites\\\/6\\\/2013\\\/01\\\/Romanos_FINAL.jpg\",\"width\":1547,\"height\":2530},{\"@type\":\"BreadcrumbList\",\"@id\":\"https:\\\/\\\/staging.banneroftruth.org\\\/uk\\\/store\\\/sermons-and-expositions\\\/romanos\\\/#breadcrumb\",\"itemListElement\":[{\"@type\":\"ListItem\",\"position\":1,\"name\":\"Home\",\"item\":\"https:\\\/\\\/staging.banneroftruth.org\\\/uk\\\/\"},{\"@type\":\"ListItem\",\"position\":2,\"name\":\"Store\",\"item\":\"https:\\\/\\\/staging.banneroftruth.org\\\/uk\\\/store\\\/\"},{\"@type\":\"ListItem\",\"position\":3,\"name\":\"Romanos\"}]},{\"@type\":\"WebSite\",\"@id\":\"https:\\\/\\\/staging.banneroftruth.org\\\/uk\\\/#website\",\"url\":\"https:\\\/\\\/staging.banneroftruth.org\\\/uk\\\/\",\"name\":\"Banner of Truth UK\",\"description\":\"Christian Publisher of Reformed &amp; Puritan Books\",\"publisher\":{\"@id\":\"https:\\\/\\\/staging.banneroftruth.org\\\/uk\\\/#organization\"},\"potentialAction\":[{\"@type\":\"SearchAction\",\"target\":{\"@type\":\"EntryPoint\",\"urlTemplate\":\"https:\\\/\\\/staging.banneroftruth.org\\\/uk\\\/?s={search_term_string}\"},\"query-input\":{\"@type\":\"PropertyValueSpecification\",\"valueRequired\":true,\"valueName\":\"search_term_string\"}}],\"inLanguage\":\"en-GB\"},{\"@type\":\"Organization\",\"@id\":\"https:\\\/\\\/staging.banneroftruth.org\\\/uk\\\/#organization\",\"name\":\"Banner of Truth UK\",\"url\":\"https:\\\/\\\/staging.banneroftruth.org\\\/uk\\\/\",\"logo\":{\"@type\":\"ImageObject\",\"inLanguage\":\"en-GB\",\"@id\":\"https:\\\/\\\/staging.banneroftruth.org\\\/uk\\\/#\\\/schema\\\/logo\\\/image\\\/\",\"url\":\"https:\\\/\\\/staging.banneroftruth.org\\\/uk\\\/wp-content\\\/uploads\\\/sites\\\/6\\\/2021\\\/04\\\/logo_and_text_Jun2015.png\",\"contentUrl\":\"https:\\\/\\\/staging.banneroftruth.org\\\/uk\\\/wp-content\\\/uploads\\\/sites\\\/6\\\/2021\\\/04\\\/logo_and_text_Jun2015.png\",\"width\":377,\"height\":132,\"caption\":\"Banner of Truth UK\"},\"image\":{\"@id\":\"https:\\\/\\\/staging.banneroftruth.org\\\/uk\\\/#\\\/schema\\\/logo\\\/image\\\/\"},\"sameAs\":[\"https:\\\/\\\/www.facebook.com\\\/TheBannerofTruth\",\"https:\\\/\\\/x.com\\\/Banneroftruth\",\"https:\\\/\\\/www.instagram.com\\\/banneroftruth\\\/?hl=en\"]}]}<\/script>\n<meta property=\"product:price:amount\" content=\"14.00\" \/>\n<meta property=\"product:price:currency\" content=\"GBP\" \/>\n<meta property=\"og:availability\" content=\"instock\" \/>\n<meta property=\"product:availability\" content=\"instock\" \/>\n<meta property=\"product:retailer_item_id\" content=\"9781848711389\" \/>\n<meta property=\"product:condition\" content=\"new\" \/>\n<!-- \/ Yoast SEO Premium plugin. -->","yoast_head_json":{"title":"Romanos - Banner of Truth UK","robots":{"index":"noindex","follow":"follow","max-snippet":"max-snippet:-1","max-image-preview":"max-image-preview:large","max-video-preview":"max-video-preview:-1"},"og_locale":"en_GB","og_type":"article","og_title":"Romanos","og_description":"Book Description Cuando a mediados de los a\u00f1os cincuenta del siglo XX el gran predicador y maestro gal\u00e9s, Dr. Martyn Lloyd-Jones, incici\u00f3 su \u00e9pica serie sobre la Ep\u00edstola a los Romanos, pocos pod\u00edan imaginar que catorce a\u00f1os\u00a0m\u00e1s tarde a\u00fan seguir\u00eda con su exposici\u00f3n y que, finalmente, se jubilar\u00eda antes de acabarla. y es que, por [&hellip;]","og_url":"https:\/\/staging.banneroftruth.org\/uk\/store\/sermons-and-expositions\/romanos\/","og_site_name":"Banner of Truth UK","article_publisher":"https:\/\/www.facebook.com\/TheBannerofTruth","article_modified_time":"2020-06-04T15:51:39+00:00","og_image":[{"width":1547,"height":2530,"url":"https:\/\/staging.banneroftruth.org\/uk\/wp-content\/uploads\/sites\/6\/2013\/01\/Romanos_FINAL.jpg","type":"image\/jpeg"}],"twitter_card":"summary_large_image","twitter_site":"@Banneroftruth","twitter_misc":{"Price":"&pound;14.00","Availability":"In stock"},"schema":{"@context":"https:\/\/schema.org","@graph":[{"@type":"WebPage","@id":"https:\/\/staging.banneroftruth.org\/uk\/store\/sermons-and-expositions\/romanos\/","url":"https:\/\/staging.banneroftruth.org\/uk\/store\/sermons-and-expositions\/romanos\/","name":"Romanos - Banner of Truth UK","isPartOf":{"@id":"https:\/\/staging.banneroftruth.org\/uk\/#website"},"primaryImageOfPage":{"@id":"https:\/\/staging.banneroftruth.org\/uk\/store\/sermons-and-expositions\/romanos\/#primaryimage"},"image":{"@id":"https:\/\/staging.banneroftruth.org\/uk\/store\/sermons-and-expositions\/romanos\/#primaryimage"},"thumbnailUrl":"https:\/\/staging.banneroftruth.org\/uk\/wp-content\/uploads\/sites\/6\/2013\/01\/Romanos_FINAL.jpg","datePublished":"2013-01-30T17:38:00+00:00","dateModified":"2020-06-04T15:51:39+00:00","breadcrumb":{"@id":"https:\/\/staging.banneroftruth.org\/uk\/store\/sermons-and-expositions\/romanos\/#breadcrumb"},"inLanguage":"en-GB","potentialAction":[{"@type":"ReadAction","target":["https:\/\/staging.banneroftruth.org\/uk\/store\/sermons-and-expositions\/romanos\/"]}]},{"@type":"ImageObject","inLanguage":"en-GB","@id":"https:\/\/staging.banneroftruth.org\/uk\/store\/sermons-and-expositions\/romanos\/#primaryimage","url":"https:\/\/staging.banneroftruth.org\/uk\/wp-content\/uploads\/sites\/6\/2013\/01\/Romanos_FINAL.jpg","contentUrl":"https:\/\/staging.banneroftruth.org\/uk\/wp-content\/uploads\/sites\/6\/2013\/01\/Romanos_FINAL.jpg","width":1547,"height":2530},{"@type":"BreadcrumbList","@id":"https:\/\/staging.banneroftruth.org\/uk\/store\/sermons-and-expositions\/romanos\/#breadcrumb","itemListElement":[{"@type":"ListItem","position":1,"name":"Home","item":"https:\/\/staging.banneroftruth.org\/uk\/"},{"@type":"ListItem","position":2,"name":"Store","item":"https:\/\/staging.banneroftruth.org\/uk\/store\/"},{"@type":"ListItem","position":3,"name":"Romanos"}]},{"@type":"WebSite","@id":"https:\/\/staging.banneroftruth.org\/uk\/#website","url":"https:\/\/staging.banneroftruth.org\/uk\/","name":"Banner of Truth UK","description":"Christian Publisher of Reformed &amp; Puritan Books","publisher":{"@id":"https:\/\/staging.banneroftruth.org\/uk\/#organization"},"potentialAction":[{"@type":"SearchAction","target":{"@type":"EntryPoint","urlTemplate":"https:\/\/staging.banneroftruth.org\/uk\/?s={search_term_string}"},"query-input":{"@type":"PropertyValueSpecification","valueRequired":true,"valueName":"search_term_string"}}],"inLanguage":"en-GB"},{"@type":"Organization","@id":"https:\/\/staging.banneroftruth.org\/uk\/#organization","name":"Banner of Truth UK","url":"https:\/\/staging.banneroftruth.org\/uk\/","logo":{"@type":"ImageObject","inLanguage":"en-GB","@id":"https:\/\/staging.banneroftruth.org\/uk\/#\/schema\/logo\/image\/","url":"https:\/\/staging.banneroftruth.org\/uk\/wp-content\/uploads\/sites\/6\/2021\/04\/logo_and_text_Jun2015.png","contentUrl":"https:\/\/staging.banneroftruth.org\/uk\/wp-content\/uploads\/sites\/6\/2021\/04\/logo_and_text_Jun2015.png","width":377,"height":132,"caption":"Banner of Truth UK"},"image":{"@id":"https:\/\/staging.banneroftruth.org\/uk\/#\/schema\/logo\/image\/"},"sameAs":["https:\/\/www.facebook.com\/TheBannerofTruth","https:\/\/x.com\/Banneroftruth","https:\/\/www.instagram.com\/banneroftruth\/?hl=en"]}]},"product_price_amount":"14.00","product_price_currency":"GBP","og_availability":"instock","product_availability":"instock","product_retailer_item_id":"9781848711389","product_condition":"new"},"_links":{"self":[{"href":"https:\/\/staging.banneroftruth.org\/uk\/wp-json\/wp\/v2\/product\/884","targetHints":{"allow":["GET"]}}],"collection":[{"href":"https:\/\/staging.banneroftruth.org\/uk\/wp-json\/wp\/v2\/product"}],"about":[{"href":"https:\/\/staging.banneroftruth.org\/uk\/wp-json\/wp\/v2\/types\/product"}],"replies":[{"embeddable":true,"href":"https:\/\/staging.banneroftruth.org\/uk\/wp-json\/wp\/v2\/comments?post=884"}],"wp:featuredmedia":[{"embeddable":true,"href":"https:\/\/staging.banneroftruth.org\/uk\/wp-json\/wp\/v2\/media\/9806"}],"wp:attachment":[{"href":"https:\/\/staging.banneroftruth.org\/uk\/wp-json\/wp\/v2\/media?parent=884"}],"wp:term":[{"taxonomy":"product_brand","embeddable":true,"href":"https:\/\/staging.banneroftruth.org\/uk\/wp-json\/wp\/v2\/product_brand?post=884"},{"taxonomy":"product_cat","embeddable":true,"href":"https:\/\/staging.banneroftruth.org\/uk\/wp-json\/wp\/v2\/product_cat?post=884"},{"taxonomy":"product_tag","embeddable":true,"href":"https:\/\/staging.banneroftruth.org\/uk\/wp-json\/wp\/v2\/product_tag?post=884"}],"curies":[{"name":"wp","href":"https:\/\/api.w.org\/{rel}","templated":true}]}}