{"id":875,"date":"2013-01-30T17:38:00","date_gmt":"2013-01-30T17:38:00","guid":{"rendered":"http:\/\/54.225.232.228\/us\/store\/uncategorized\/la-verdad-en-nuestro-mundo-sermones-prcticos-sobre-temas-vigentes\/"},"modified":"2019-12-23T15:09:59","modified_gmt":"2019-12-23T15:09:59","slug":"la-verdad-en-nuestro-mundo-sermones-prcticos-sobre-temas-vigentes","status":"publish","type":"product","link":"https:\/\/staging.banneroftruth.org\/uk\/store\/sermons-and-expositions\/la-verdad-en-nuestro-mundo-sermones-prcticos-sobre-temas-vigentes\/","title":{"rendered":"La Verdad en Nuestro Mundo, Sermones Pr\u00e1cticos Sobre Temas Vigentes"},"content":{"rendered":"<h2>Book Description<\/h2>\n<p>Con profundo gozo y gran satisfacci\u00f3n presentamos el tercer volumen de sermones del Dr. Juan Samul Boonstra (1926-1995), destacado predicador y radiolocutor argentino. Los sesenta sermones aqu\u00ed presentados son solamente una muestra de las m\u00faltiples exposiciones biblicas que el Dr. Boonstra predic\u00f3 por la radio a trav\u00e9s del programa\u00a0<em>La Hora de la Reforma<\/em> difundido por toda Am\u00e9rica Latina. Este tomo es un compendio de las verdades fundamentales del cristianismo &#8211; la infalibilidad de la Biblia, el pecado del hombre, el perd\u00f3n y la gracia de Dios, el nuevo nacimiento, Cristo como el \u00fanico Mediador entre Dios y los hombres, el poder de la oraci\u00f3n y la doctrina de la Trinidad. Hay mucho de Cristo en estas p\u00e1ginas. El lector percibir\u00e1 la excepcional habilidad del Dr. Boonstra para presentar las profundas verdades del evangelio de forma clara y transparente, conservando toda la riqueza y la autoridad del mensaje de Dios.<\/p>\n","protected":false},"excerpt":{"rendered":"<p>Book Description Con profundo gozo y gran satisfacci\u00f3n presentamos el tercer volumen de sermones del Dr. Juan Samul Boonstra (1926-1995), destacado predicador y radiolocutor argentino. Los sesenta sermones aqu\u00ed presentados son solamente una muestra de las m\u00faltiples exposiciones biblicas que el Dr. Boonstra predic\u00f3 por la radio a trav\u00e9s del programa\u00a0La Hora de la Reforma [&hellip;]<\/p>\n","protected":false},"featured_media":9801,"comment_status":"open","ping_status":"closed","template":"","meta":[],"product_brand":[],"product_cat":[1228],"product_tag":[],"class_list":{"0":"post-875","1":"product","2":"type-product","3":"status-publish","4":"has-post-thumbnail","6":"product_cat-sermons-and-expositions","7":"pa_binding-paperback","8":"pa_class-sp","9":"pa_format-book","10":"pa_isbn-5333","11":"pa_language-spanish","12":"pa_original-pub-date-1320","13":"pa_page-count-4653","14":"pa_recent-pub-date-sep-30-2008","15":"pa_recent-pub-date-year-6052","16":"pa_subtitle-volume-3-truth-in-our-world","17":"pa_theauthor-boonstra-juan","18":"pa_topic-biblical-studies","19":"pa_vol-1564","21":"first","22":"outofstock","23":"purchasable","24":"product-type-simple"},"bundled_by":[],"bundle_stock_status":"outofstock","bundle_stock_quantity":null,"bundle_virtual":false,"bundle_layout":"","bundle_add_to_cart_form_location":"","bundle_editable_in_cart":false,"bundle_sold_individually_context":"","bundle_item_grouping":"","bundle_min_size":"","bundle_max_size":"","bundle_price":[],"bundled_items":[],"bundle_sell_ids":[],"yoast_head":"<!-- This site is optimized with the Yoast SEO Premium plugin v27.3 (Yoast SEO v27.3) - https:\/\/yoast.com\/product\/yoast-seo-premium-wordpress\/ -->\n<title>La Verdad en Nuestro Mundo, Sermones Pr\u00e1cticos Sobre Temas Vigentes - Banner of Truth UK<\/title>\n<meta name=\"robots\" content=\"noindex, follow, max-snippet:-1, max-image-preview:large, max-video-preview:-1\" \/>\n<meta property=\"og:locale\" content=\"en_GB\" \/>\n<meta property=\"og:type\" content=\"article\" \/>\n<meta property=\"og:title\" content=\"La Verdad en Nuestro Mundo, Sermones Pr\u00e1cticos Sobre Temas Vigentes\" \/>\n<meta property=\"og:description\" content=\"Book Description Con profundo gozo y gran satisfacci\u00f3n presentamos el tercer volumen de sermones del Dr. Juan Samul Boonstra (1926-1995), destacado predicador y radiolocutor argentino. Los sesenta sermones aqu\u00ed presentados son solamente una muestra de las m\u00faltiples exposiciones biblicas que el Dr. Boonstra predic\u00f3 por la radio a trav\u00e9s del programa\u00a0La Hora de la Reforma [&hellip;]\" \/>\n<meta property=\"og:url\" content=\"https:\/\/staging.banneroftruth.org\/uk\/store\/sermons-and-expositions\/la-verdad-en-nuestro-mundo-sermones-prcticos-sobre-temas-vigentes\/\" \/>\n<meta property=\"og:site_name\" content=\"Banner of Truth UK\" \/>\n<meta property=\"article:publisher\" content=\"https:\/\/www.facebook.com\/TheBannerofTruth\" \/>\n<meta property=\"article:modified_time\" content=\"2019-12-23T15:09:59+00:00\" \/>\n<meta property=\"og:image\" content=\"https:\/\/staging.banneroftruth.org\/uk\/wp-content\/uploads\/sites\/6\/2013\/01\/VerdadEnNuestroMundo_FINAL.jpg\" \/>\n\t<meta property=\"og:image:width\" content=\"1578\" \/>\n\t<meta property=\"og:image:height\" content=\"2455\" \/>\n\t<meta property=\"og:image:type\" content=\"image\/jpeg\" \/>\n<meta name=\"twitter:card\" content=\"summary_large_image\" \/>\n<meta name=\"twitter:site\" content=\"@Banneroftruth\" \/>\n<meta name=\"twitter:label1\" content=\"Price\" \/>\n\t<meta name=\"twitter:data1\" content=\"&pound;8.00\" \/>\n\t<meta name=\"twitter:label2\" content=\"Availability\" \/>\n\t<meta name=\"twitter:data2\" content=\"Out of stock\" \/>\n<script type=\"application\/ld+json\" class=\"yoast-schema-graph\">{\"@context\":\"https:\\\/\\\/schema.org\",\"@graph\":[{\"@type\":\"WebPage\",\"@id\":\"https:\\\/\\\/staging.banneroftruth.org\\\/uk\\\/store\\\/sermons-and-expositions\\\/la-verdad-en-nuestro-mundo-sermones-prcticos-sobre-temas-vigentes\\\/\",\"url\":\"https:\\\/\\\/staging.banneroftruth.org\\\/uk\\\/store\\\/sermons-and-expositions\\\/la-verdad-en-nuestro-mundo-sermones-prcticos-sobre-temas-vigentes\\\/\",\"name\":\"La Verdad en Nuestro Mundo, Sermones Pr\u00e1cticos Sobre Temas Vigentes - Banner of Truth UK\",\"isPartOf\":{\"@id\":\"https:\\\/\\\/staging.banneroftruth.org\\\/uk\\\/#website\"},\"primaryImageOfPage\":{\"@id\":\"https:\\\/\\\/staging.banneroftruth.org\\\/uk\\\/store\\\/sermons-and-expositions\\\/la-verdad-en-nuestro-mundo-sermones-prcticos-sobre-temas-vigentes\\\/#primaryimage\"},\"image\":{\"@id\":\"https:\\\/\\\/staging.banneroftruth.org\\\/uk\\\/store\\\/sermons-and-expositions\\\/la-verdad-en-nuestro-mundo-sermones-prcticos-sobre-temas-vigentes\\\/#primaryimage\"},\"thumbnailUrl\":\"https:\\\/\\\/staging.banneroftruth.org\\\/uk\\\/wp-content\\\/uploads\\\/sites\\\/6\\\/2013\\\/01\\\/VerdadEnNuestroMundo_FINAL.jpg\",\"datePublished\":\"2013-01-30T17:38:00+00:00\",\"dateModified\":\"2019-12-23T15:09:59+00:00\",\"breadcrumb\":{\"@id\":\"https:\\\/\\\/staging.banneroftruth.org\\\/uk\\\/store\\\/sermons-and-expositions\\\/la-verdad-en-nuestro-mundo-sermones-prcticos-sobre-temas-vigentes\\\/#breadcrumb\"},\"inLanguage\":\"en-GB\",\"potentialAction\":[{\"@type\":\"ReadAction\",\"target\":[\"https:\\\/\\\/staging.banneroftruth.org\\\/uk\\\/store\\\/sermons-and-expositions\\\/la-verdad-en-nuestro-mundo-sermones-prcticos-sobre-temas-vigentes\\\/\"]}]},{\"@type\":\"ImageObject\",\"inLanguage\":\"en-GB\",\"@id\":\"https:\\\/\\\/staging.banneroftruth.org\\\/uk\\\/store\\\/sermons-and-expositions\\\/la-verdad-en-nuestro-mundo-sermones-prcticos-sobre-temas-vigentes\\\/#primaryimage\",\"url\":\"https:\\\/\\\/staging.banneroftruth.org\\\/uk\\\/wp-content\\\/uploads\\\/sites\\\/6\\\/2013\\\/01\\\/VerdadEnNuestroMundo_FINAL.jpg\",\"contentUrl\":\"https:\\\/\\\/staging.banneroftruth.org\\\/uk\\\/wp-content\\\/uploads\\\/sites\\\/6\\\/2013\\\/01\\\/VerdadEnNuestroMundo_FINAL.jpg\",\"width\":1578,\"height\":2455},{\"@type\":\"BreadcrumbList\",\"@id\":\"https:\\\/\\\/staging.banneroftruth.org\\\/uk\\\/store\\\/sermons-and-expositions\\\/la-verdad-en-nuestro-mundo-sermones-prcticos-sobre-temas-vigentes\\\/#breadcrumb\",\"itemListElement\":[{\"@type\":\"ListItem\",\"position\":1,\"name\":\"Home\",\"item\":\"https:\\\/\\\/staging.banneroftruth.org\\\/uk\\\/\"},{\"@type\":\"ListItem\",\"position\":2,\"name\":\"Store\",\"item\":\"https:\\\/\\\/staging.banneroftruth.org\\\/uk\\\/store\\\/\"},{\"@type\":\"ListItem\",\"position\":3,\"name\":\"La Verdad en Nuestro Mundo, Sermones Pr\u00e1cticos Sobre Temas Vigentes\"}]},{\"@type\":\"WebSite\",\"@id\":\"https:\\\/\\\/staging.banneroftruth.org\\\/uk\\\/#website\",\"url\":\"https:\\\/\\\/staging.banneroftruth.org\\\/uk\\\/\",\"name\":\"Banner of Truth UK\",\"description\":\"Christian Publisher of Reformed &amp; Puritan Books\",\"publisher\":{\"@id\":\"https:\\\/\\\/staging.banneroftruth.org\\\/uk\\\/#organization\"},\"potentialAction\":[{\"@type\":\"SearchAction\",\"target\":{\"@type\":\"EntryPoint\",\"urlTemplate\":\"https:\\\/\\\/staging.banneroftruth.org\\\/uk\\\/?s={search_term_string}\"},\"query-input\":{\"@type\":\"PropertyValueSpecification\",\"valueRequired\":true,\"valueName\":\"search_term_string\"}}],\"inLanguage\":\"en-GB\"},{\"@type\":\"Organization\",\"@id\":\"https:\\\/\\\/staging.banneroftruth.org\\\/uk\\\/#organization\",\"name\":\"Banner of Truth UK\",\"url\":\"https:\\\/\\\/staging.banneroftruth.org\\\/uk\\\/\",\"logo\":{\"@type\":\"ImageObject\",\"inLanguage\":\"en-GB\",\"@id\":\"https:\\\/\\\/staging.banneroftruth.org\\\/uk\\\/#\\\/schema\\\/logo\\\/image\\\/\",\"url\":\"https:\\\/\\\/staging.banneroftruth.org\\\/uk\\\/wp-content\\\/uploads\\\/sites\\\/6\\\/2021\\\/04\\\/logo_and_text_Jun2015.png\",\"contentUrl\":\"https:\\\/\\\/staging.banneroftruth.org\\\/uk\\\/wp-content\\\/uploads\\\/sites\\\/6\\\/2021\\\/04\\\/logo_and_text_Jun2015.png\",\"width\":377,\"height\":132,\"caption\":\"Banner of Truth UK\"},\"image\":{\"@id\":\"https:\\\/\\\/staging.banneroftruth.org\\\/uk\\\/#\\\/schema\\\/logo\\\/image\\\/\"},\"sameAs\":[\"https:\\\/\\\/www.facebook.com\\\/TheBannerofTruth\",\"https:\\\/\\\/x.com\\\/Banneroftruth\",\"https:\\\/\\\/www.instagram.com\\\/banneroftruth\\\/?hl=en\"]}]}<\/script>\n<meta property=\"product:price:amount\" content=\"8.00\" \/>\n<meta property=\"product:price:currency\" content=\"GBP\" \/>\n<meta property=\"og:availability\" content=\"out of stock\" \/>\n<meta property=\"product:availability\" content=\"out of stock\" \/>\n<meta property=\"product:retailer_item_id\" content=\"9789588285672\" \/>\n<meta property=\"product:condition\" content=\"new\" \/>\n<!-- \/ Yoast SEO Premium plugin. -->","yoast_head_json":{"title":"La Verdad en Nuestro Mundo, Sermones Pr\u00e1cticos Sobre Temas Vigentes - Banner of Truth UK","robots":{"index":"noindex","follow":"follow","max-snippet":"max-snippet:-1","max-image-preview":"max-image-preview:large","max-video-preview":"max-video-preview:-1"},"og_locale":"en_GB","og_type":"article","og_title":"La Verdad en Nuestro Mundo, Sermones Pr\u00e1cticos Sobre Temas Vigentes","og_description":"Book Description Con profundo gozo y gran satisfacci\u00f3n presentamos el tercer volumen de sermones del Dr. Juan Samul Boonstra (1926-1995), destacado predicador y radiolocutor argentino. Los sesenta sermones aqu\u00ed presentados son solamente una muestra de las m\u00faltiples exposiciones biblicas que el Dr. Boonstra predic\u00f3 por la radio a trav\u00e9s del programa\u00a0La Hora de la Reforma [&hellip;]","og_url":"https:\/\/staging.banneroftruth.org\/uk\/store\/sermons-and-expositions\/la-verdad-en-nuestro-mundo-sermones-prcticos-sobre-temas-vigentes\/","og_site_name":"Banner of Truth UK","article_publisher":"https:\/\/www.facebook.com\/TheBannerofTruth","article_modified_time":"2019-12-23T15:09:59+00:00","og_image":[{"width":1578,"height":2455,"url":"https:\/\/staging.banneroftruth.org\/uk\/wp-content\/uploads\/sites\/6\/2013\/01\/VerdadEnNuestroMundo_FINAL.jpg","type":"image\/jpeg"}],"twitter_card":"summary_large_image","twitter_site":"@Banneroftruth","twitter_misc":{"Price":"&pound;8.00","Availability":"Out of stock"},"schema":{"@context":"https:\/\/schema.org","@graph":[{"@type":"WebPage","@id":"https:\/\/staging.banneroftruth.org\/uk\/store\/sermons-and-expositions\/la-verdad-en-nuestro-mundo-sermones-prcticos-sobre-temas-vigentes\/","url":"https:\/\/staging.banneroftruth.org\/uk\/store\/sermons-and-expositions\/la-verdad-en-nuestro-mundo-sermones-prcticos-sobre-temas-vigentes\/","name":"La Verdad en Nuestro Mundo, Sermones Pr\u00e1cticos Sobre Temas Vigentes - Banner of Truth UK","isPartOf":{"@id":"https:\/\/staging.banneroftruth.org\/uk\/#website"},"primaryImageOfPage":{"@id":"https:\/\/staging.banneroftruth.org\/uk\/store\/sermons-and-expositions\/la-verdad-en-nuestro-mundo-sermones-prcticos-sobre-temas-vigentes\/#primaryimage"},"image":{"@id":"https:\/\/staging.banneroftruth.org\/uk\/store\/sermons-and-expositions\/la-verdad-en-nuestro-mundo-sermones-prcticos-sobre-temas-vigentes\/#primaryimage"},"thumbnailUrl":"https:\/\/staging.banneroftruth.org\/uk\/wp-content\/uploads\/sites\/6\/2013\/01\/VerdadEnNuestroMundo_FINAL.jpg","datePublished":"2013-01-30T17:38:00+00:00","dateModified":"2019-12-23T15:09:59+00:00","breadcrumb":{"@id":"https:\/\/staging.banneroftruth.org\/uk\/store\/sermons-and-expositions\/la-verdad-en-nuestro-mundo-sermones-prcticos-sobre-temas-vigentes\/#breadcrumb"},"inLanguage":"en-GB","potentialAction":[{"@type":"ReadAction","target":["https:\/\/staging.banneroftruth.org\/uk\/store\/sermons-and-expositions\/la-verdad-en-nuestro-mundo-sermones-prcticos-sobre-temas-vigentes\/"]}]},{"@type":"ImageObject","inLanguage":"en-GB","@id":"https:\/\/staging.banneroftruth.org\/uk\/store\/sermons-and-expositions\/la-verdad-en-nuestro-mundo-sermones-prcticos-sobre-temas-vigentes\/#primaryimage","url":"https:\/\/staging.banneroftruth.org\/uk\/wp-content\/uploads\/sites\/6\/2013\/01\/VerdadEnNuestroMundo_FINAL.jpg","contentUrl":"https:\/\/staging.banneroftruth.org\/uk\/wp-content\/uploads\/sites\/6\/2013\/01\/VerdadEnNuestroMundo_FINAL.jpg","width":1578,"height":2455},{"@type":"BreadcrumbList","@id":"https:\/\/staging.banneroftruth.org\/uk\/store\/sermons-and-expositions\/la-verdad-en-nuestro-mundo-sermones-prcticos-sobre-temas-vigentes\/#breadcrumb","itemListElement":[{"@type":"ListItem","position":1,"name":"Home","item":"https:\/\/staging.banneroftruth.org\/uk\/"},{"@type":"ListItem","position":2,"name":"Store","item":"https:\/\/staging.banneroftruth.org\/uk\/store\/"},{"@type":"ListItem","position":3,"name":"La Verdad en Nuestro Mundo, Sermones Pr\u00e1cticos Sobre Temas Vigentes"}]},{"@type":"WebSite","@id":"https:\/\/staging.banneroftruth.org\/uk\/#website","url":"https:\/\/staging.banneroftruth.org\/uk\/","name":"Banner of Truth UK","description":"Christian Publisher of Reformed &amp; Puritan Books","publisher":{"@id":"https:\/\/staging.banneroftruth.org\/uk\/#organization"},"potentialAction":[{"@type":"SearchAction","target":{"@type":"EntryPoint","urlTemplate":"https:\/\/staging.banneroftruth.org\/uk\/?s={search_term_string}"},"query-input":{"@type":"PropertyValueSpecification","valueRequired":true,"valueName":"search_term_string"}}],"inLanguage":"en-GB"},{"@type":"Organization","@id":"https:\/\/staging.banneroftruth.org\/uk\/#organization","name":"Banner of Truth UK","url":"https:\/\/staging.banneroftruth.org\/uk\/","logo":{"@type":"ImageObject","inLanguage":"en-GB","@id":"https:\/\/staging.banneroftruth.org\/uk\/#\/schema\/logo\/image\/","url":"https:\/\/staging.banneroftruth.org\/uk\/wp-content\/uploads\/sites\/6\/2021\/04\/logo_and_text_Jun2015.png","contentUrl":"https:\/\/staging.banneroftruth.org\/uk\/wp-content\/uploads\/sites\/6\/2021\/04\/logo_and_text_Jun2015.png","width":377,"height":132,"caption":"Banner of Truth UK"},"image":{"@id":"https:\/\/staging.banneroftruth.org\/uk\/#\/schema\/logo\/image\/"},"sameAs":["https:\/\/www.facebook.com\/TheBannerofTruth","https:\/\/x.com\/Banneroftruth","https:\/\/www.instagram.com\/banneroftruth\/?hl=en"]}]},"product_price_amount":"8.00","product_price_currency":"GBP","og_availability":"out of stock","product_availability":"out of stock","product_retailer_item_id":"9789588285672","product_condition":"new"},"_links":{"self":[{"href":"https:\/\/staging.banneroftruth.org\/uk\/wp-json\/wp\/v2\/product\/875","targetHints":{"allow":["GET"]}}],"collection":[{"href":"https:\/\/staging.banneroftruth.org\/uk\/wp-json\/wp\/v2\/product"}],"about":[{"href":"https:\/\/staging.banneroftruth.org\/uk\/wp-json\/wp\/v2\/types\/product"}],"replies":[{"embeddable":true,"href":"https:\/\/staging.banneroftruth.org\/uk\/wp-json\/wp\/v2\/comments?post=875"}],"wp:featuredmedia":[{"embeddable":true,"href":"https:\/\/staging.banneroftruth.org\/uk\/wp-json\/wp\/v2\/media\/9801"}],"wp:attachment":[{"href":"https:\/\/staging.banneroftruth.org\/uk\/wp-json\/wp\/v2\/media?parent=875"}],"wp:term":[{"taxonomy":"product_brand","embeddable":true,"href":"https:\/\/staging.banneroftruth.org\/uk\/wp-json\/wp\/v2\/product_brand?post=875"},{"taxonomy":"product_cat","embeddable":true,"href":"https:\/\/staging.banneroftruth.org\/uk\/wp-json\/wp\/v2\/product_cat?post=875"},{"taxonomy":"product_tag","embeddable":true,"href":"https:\/\/staging.banneroftruth.org\/uk\/wp-json\/wp\/v2\/product_tag?post=875"}],"curies":[{"name":"wp","href":"https:\/\/api.w.org\/{rel}","templated":true}]}}