{"id":869,"date":"2013-01-30T17:38:00","date_gmt":"2013-01-30T17:38:00","guid":{"rendered":"http:\/\/54.225.232.228\/us\/store\/uncategorized\/la-familia-en-nuestro-mundo-sermones-practicos-sobre-temas-vigentes\/"},"modified":"2019-12-23T15:12:57","modified_gmt":"2019-12-23T15:12:57","slug":"la-familia-en-nuestro-mundo-sermones-practicos-sobre-temas-vigentes","status":"publish","type":"product","link":"https:\/\/staging.banneroftruth.org\/uk\/store\/sermons-and-expositions\/la-familia-en-nuestro-mundo-sermones-practicos-sobre-temas-vigentes\/","title":{"rendered":"La Familia en Nuestro Mundo: Sermones Practicos Sobre Temas Vigentes"},"content":{"rendered":"<h2>Book Description<\/h2>\n<p>\u201cCon gran gozo presentamos el segundo volumen de sermones del Dr. Juan S. Boonstra. A diferencia del primero, este volumen es un compendio de mensajes que giran sobre un mismo eje: la familia. El lector disfrutar\u00e1 de una unidad a trav\u00e9s de estas p\u00e1ginas dedicadas a un tema de vital trascendencia en nuestros tiempos. Las familias Latinas siempre se han distinguido por su uni\u00f3n y solidez. Desgraciadamente esto no siempre es verdad. El Dr. Boonstra nos hace ver que la verdadera uni\u00f3n de la familia no radica en nuestra raza o cultura, sino en Dios como el creador del hogar.<\/p>\n<p>En estos mensajes el Dr. Boonstra presenta las ense\u00f1anzas de las Escrituras de una manera clara y sencilla. Son <em>leche spiritual no adulterada.\u00a0<\/em>Asimismo, son <em>alimento s\u00f3lido<\/em> que se digiere f\u00e1cilmente \u2013 con toda la sencillez y autoridad de la Biblia. Estamos seguros que estos sermons nutrir\u00e1n tanto a los conocedores de la Palabra, como a aquellos que tienen poco tiempo a los pies de Cristo. Y para los que nunca han escuchado de Jes\u00fas como el Salvador de pecadores, estas p\u00e1ginas les mostrar\u00e1n la urgente necesidad de reconciliarse con Dios.<\/p>\n<p>\u00bfDeseamos ver iglesias s\u00f3lidas que proclamen la sana doctrina de la Biblia? Empecemos por difundir en casa las verdades de la Palabra de Dios. \u00bfAnhelamos ver a nuestras iglesias llenas de lideres y congregaciones fieles al Se\u00f1or? Guiemos a nuestros hijos en el buen camino desde temprana edad. Esta es la medula de los sermons del Dr. Boonstra publicados en este tomo.<\/p>\n<p>Es nuestro deseo que estas p\u00e1ginas generen en su alma el hambre y la sed de escudri\u00f1ar las Escrituras, y que a traves de estos mensajes Dios vivifique y transforme su vida y la de su familia.<\/p>\n","protected":false},"excerpt":{"rendered":"<p>Book Description \u201cCon gran gozo presentamos el segundo volumen de sermones del Dr. Juan S. Boonstra. A diferencia del primero, este volumen es un compendio de mensajes que giran sobre un mismo eje: la familia. El lector disfrutar\u00e1 de una unidad a trav\u00e9s de estas p\u00e1ginas dedicadas a un tema de vital trascendencia en nuestros [&hellip;]<\/p>\n","protected":false},"featured_media":9795,"comment_status":"open","ping_status":"closed","template":"","meta":[],"product_brand":[],"product_cat":[1228],"product_tag":[],"class_list":{"0":"post-869","1":"product","2":"type-product","3":"status-publish","4":"has-post-thumbnail","6":"product_cat-sermons-and-expositions","7":"pa_binding-paperback","8":"pa_class-sp","9":"pa_format-book","10":"pa_isbn-5049","11":"pa_language-spanish","12":"pa_original-pub-date-1566","13":"pa_page-count-4638","14":"pa_recent-pub-date-jun-1-2004","15":"pa_recent-pub-date-year-6090","16":"pa_subtitle-volume-2-family-in-our-world","17":"pa_theauthor-boonstra-juan","18":"pa_topic-biblical-studies","19":"pa_vol-1559","21":"first","22":"outofstock","23":"purchasable","24":"product-type-simple"},"bundled_by":[],"bundle_stock_status":"outofstock","bundle_stock_quantity":null,"bundle_virtual":false,"bundle_layout":"","bundle_add_to_cart_form_location":"","bundle_editable_in_cart":false,"bundle_sold_individually_context":"","bundle_item_grouping":"","bundle_min_size":"","bundle_max_size":"","bundle_price":[],"bundled_items":[],"bundle_sell_ids":[],"yoast_head":"<!-- This site is optimized with the Yoast SEO Premium plugin v27.3 (Yoast SEO v27.3) - https:\/\/yoast.com\/product\/yoast-seo-premium-wordpress\/ -->\n<title>La Familia en Nuestro Mundo: Sermones Practicos Sobre Temas Vigentes - Banner of Truth UK<\/title>\n<meta name=\"robots\" content=\"noindex, follow, max-snippet:-1, max-image-preview:large, max-video-preview:-1\" \/>\n<meta property=\"og:locale\" content=\"en_GB\" \/>\n<meta property=\"og:type\" content=\"article\" \/>\n<meta property=\"og:title\" content=\"La Familia en Nuestro Mundo: Sermones Practicos Sobre Temas Vigentes\" \/>\n<meta property=\"og:description\" content=\"Book Description \u201cCon gran gozo presentamos el segundo volumen de sermones del Dr. Juan S. Boonstra. A diferencia del primero, este volumen es un compendio de mensajes que giran sobre un mismo eje: la familia. El lector disfrutar\u00e1 de una unidad a trav\u00e9s de estas p\u00e1ginas dedicadas a un tema de vital trascendencia en nuestros [&hellip;]\" \/>\n<meta property=\"og:url\" content=\"https:\/\/staging.banneroftruth.org\/uk\/store\/sermons-and-expositions\/la-familia-en-nuestro-mundo-sermones-practicos-sobre-temas-vigentes\/\" \/>\n<meta property=\"og:site_name\" content=\"Banner of Truth UK\" \/>\n<meta property=\"article:publisher\" content=\"https:\/\/www.facebook.com\/TheBannerofTruth\" \/>\n<meta property=\"article:modified_time\" content=\"2019-12-23T15:12:57+00:00\" \/>\n<meta property=\"og:image\" content=\"https:\/\/staging.banneroftruth.org\/uk\/wp-content\/uploads\/sites\/6\/2013\/01\/FamiliaEnNuestroMundo_FINAL.jpg\" \/>\n\t<meta property=\"og:image:width\" content=\"1591\" \/>\n\t<meta property=\"og:image:height\" content=\"2494\" \/>\n\t<meta property=\"og:image:type\" content=\"image\/jpeg\" \/>\n<meta name=\"twitter:card\" content=\"summary_large_image\" \/>\n<meta name=\"twitter:site\" content=\"@Banneroftruth\" \/>\n<meta name=\"twitter:label1\" content=\"Price\" \/>\n\t<meta name=\"twitter:data1\" content=\"&pound;12.00\" \/>\n\t<meta name=\"twitter:label2\" content=\"Availability\" \/>\n\t<meta name=\"twitter:data2\" content=\"Out of stock\" \/>\n<script type=\"application\/ld+json\" class=\"yoast-schema-graph\">{\"@context\":\"https:\\\/\\\/schema.org\",\"@graph\":[{\"@type\":\"WebPage\",\"@id\":\"https:\\\/\\\/staging.banneroftruth.org\\\/uk\\\/store\\\/sermons-and-expositions\\\/la-familia-en-nuestro-mundo-sermones-practicos-sobre-temas-vigentes\\\/\",\"url\":\"https:\\\/\\\/staging.banneroftruth.org\\\/uk\\\/store\\\/sermons-and-expositions\\\/la-familia-en-nuestro-mundo-sermones-practicos-sobre-temas-vigentes\\\/\",\"name\":\"La Familia en Nuestro Mundo: Sermones Practicos Sobre Temas Vigentes - Banner of Truth UK\",\"isPartOf\":{\"@id\":\"https:\\\/\\\/staging.banneroftruth.org\\\/uk\\\/#website\"},\"primaryImageOfPage\":{\"@id\":\"https:\\\/\\\/staging.banneroftruth.org\\\/uk\\\/store\\\/sermons-and-expositions\\\/la-familia-en-nuestro-mundo-sermones-practicos-sobre-temas-vigentes\\\/#primaryimage\"},\"image\":{\"@id\":\"https:\\\/\\\/staging.banneroftruth.org\\\/uk\\\/store\\\/sermons-and-expositions\\\/la-familia-en-nuestro-mundo-sermones-practicos-sobre-temas-vigentes\\\/#primaryimage\"},\"thumbnailUrl\":\"https:\\\/\\\/staging.banneroftruth.org\\\/uk\\\/wp-content\\\/uploads\\\/sites\\\/6\\\/2013\\\/01\\\/FamiliaEnNuestroMundo_FINAL.jpg\",\"datePublished\":\"2013-01-30T17:38:00+00:00\",\"dateModified\":\"2019-12-23T15:12:57+00:00\",\"breadcrumb\":{\"@id\":\"https:\\\/\\\/staging.banneroftruth.org\\\/uk\\\/store\\\/sermons-and-expositions\\\/la-familia-en-nuestro-mundo-sermones-practicos-sobre-temas-vigentes\\\/#breadcrumb\"},\"inLanguage\":\"en-GB\",\"potentialAction\":[{\"@type\":\"ReadAction\",\"target\":[\"https:\\\/\\\/staging.banneroftruth.org\\\/uk\\\/store\\\/sermons-and-expositions\\\/la-familia-en-nuestro-mundo-sermones-practicos-sobre-temas-vigentes\\\/\"]}]},{\"@type\":\"ImageObject\",\"inLanguage\":\"en-GB\",\"@id\":\"https:\\\/\\\/staging.banneroftruth.org\\\/uk\\\/store\\\/sermons-and-expositions\\\/la-familia-en-nuestro-mundo-sermones-practicos-sobre-temas-vigentes\\\/#primaryimage\",\"url\":\"https:\\\/\\\/staging.banneroftruth.org\\\/uk\\\/wp-content\\\/uploads\\\/sites\\\/6\\\/2013\\\/01\\\/FamiliaEnNuestroMundo_FINAL.jpg\",\"contentUrl\":\"https:\\\/\\\/staging.banneroftruth.org\\\/uk\\\/wp-content\\\/uploads\\\/sites\\\/6\\\/2013\\\/01\\\/FamiliaEnNuestroMundo_FINAL.jpg\",\"width\":1591,\"height\":2494},{\"@type\":\"BreadcrumbList\",\"@id\":\"https:\\\/\\\/staging.banneroftruth.org\\\/uk\\\/store\\\/sermons-and-expositions\\\/la-familia-en-nuestro-mundo-sermones-practicos-sobre-temas-vigentes\\\/#breadcrumb\",\"itemListElement\":[{\"@type\":\"ListItem\",\"position\":1,\"name\":\"Home\",\"item\":\"https:\\\/\\\/staging.banneroftruth.org\\\/uk\\\/\"},{\"@type\":\"ListItem\",\"position\":2,\"name\":\"Store\",\"item\":\"https:\\\/\\\/staging.banneroftruth.org\\\/uk\\\/store\\\/\"},{\"@type\":\"ListItem\",\"position\":3,\"name\":\"La Familia en Nuestro Mundo: Sermones Practicos Sobre Temas Vigentes\"}]},{\"@type\":\"WebSite\",\"@id\":\"https:\\\/\\\/staging.banneroftruth.org\\\/uk\\\/#website\",\"url\":\"https:\\\/\\\/staging.banneroftruth.org\\\/uk\\\/\",\"name\":\"Banner of Truth UK\",\"description\":\"Christian Publisher of Reformed &amp; Puritan Books\",\"publisher\":{\"@id\":\"https:\\\/\\\/staging.banneroftruth.org\\\/uk\\\/#organization\"},\"potentialAction\":[{\"@type\":\"SearchAction\",\"target\":{\"@type\":\"EntryPoint\",\"urlTemplate\":\"https:\\\/\\\/staging.banneroftruth.org\\\/uk\\\/?s={search_term_string}\"},\"query-input\":{\"@type\":\"PropertyValueSpecification\",\"valueRequired\":true,\"valueName\":\"search_term_string\"}}],\"inLanguage\":\"en-GB\"},{\"@type\":\"Organization\",\"@id\":\"https:\\\/\\\/staging.banneroftruth.org\\\/uk\\\/#organization\",\"name\":\"Banner of Truth UK\",\"url\":\"https:\\\/\\\/staging.banneroftruth.org\\\/uk\\\/\",\"logo\":{\"@type\":\"ImageObject\",\"inLanguage\":\"en-GB\",\"@id\":\"https:\\\/\\\/staging.banneroftruth.org\\\/uk\\\/#\\\/schema\\\/logo\\\/image\\\/\",\"url\":\"https:\\\/\\\/staging.banneroftruth.org\\\/uk\\\/wp-content\\\/uploads\\\/sites\\\/6\\\/2021\\\/04\\\/logo_and_text_Jun2015.png\",\"contentUrl\":\"https:\\\/\\\/staging.banneroftruth.org\\\/uk\\\/wp-content\\\/uploads\\\/sites\\\/6\\\/2021\\\/04\\\/logo_and_text_Jun2015.png\",\"width\":377,\"height\":132,\"caption\":\"Banner of Truth UK\"},\"image\":{\"@id\":\"https:\\\/\\\/staging.banneroftruth.org\\\/uk\\\/#\\\/schema\\\/logo\\\/image\\\/\"},\"sameAs\":[\"https:\\\/\\\/www.facebook.com\\\/TheBannerofTruth\",\"https:\\\/\\\/x.com\\\/Banneroftruth\",\"https:\\\/\\\/www.instagram.com\\\/banneroftruth\\\/?hl=en\"]}]}<\/script>\n<meta property=\"product:price:amount\" content=\"12.00\" \/>\n<meta property=\"product:price:currency\" content=\"GBP\" \/>\n<meta property=\"og:availability\" content=\"out of stock\" \/>\n<meta property=\"product:availability\" content=\"out of stock\" \/>\n<meta property=\"product:retailer_item_id\" content=\"9780851518916\" \/>\n<meta property=\"product:condition\" content=\"new\" \/>\n<!-- \/ Yoast SEO Premium plugin. -->","yoast_head_json":{"title":"La Familia en Nuestro Mundo: Sermones Practicos Sobre Temas Vigentes - Banner of Truth UK","robots":{"index":"noindex","follow":"follow","max-snippet":"max-snippet:-1","max-image-preview":"max-image-preview:large","max-video-preview":"max-video-preview:-1"},"og_locale":"en_GB","og_type":"article","og_title":"La Familia en Nuestro Mundo: Sermones Practicos Sobre Temas Vigentes","og_description":"Book Description \u201cCon gran gozo presentamos el segundo volumen de sermones del Dr. Juan S. Boonstra. A diferencia del primero, este volumen es un compendio de mensajes que giran sobre un mismo eje: la familia. El lector disfrutar\u00e1 de una unidad a trav\u00e9s de estas p\u00e1ginas dedicadas a un tema de vital trascendencia en nuestros [&hellip;]","og_url":"https:\/\/staging.banneroftruth.org\/uk\/store\/sermons-and-expositions\/la-familia-en-nuestro-mundo-sermones-practicos-sobre-temas-vigentes\/","og_site_name":"Banner of Truth UK","article_publisher":"https:\/\/www.facebook.com\/TheBannerofTruth","article_modified_time":"2019-12-23T15:12:57+00:00","og_image":[{"width":1591,"height":2494,"url":"https:\/\/staging.banneroftruth.org\/uk\/wp-content\/uploads\/sites\/6\/2013\/01\/FamiliaEnNuestroMundo_FINAL.jpg","type":"image\/jpeg"}],"twitter_card":"summary_large_image","twitter_site":"@Banneroftruth","twitter_misc":{"Price":"&pound;12.00","Availability":"Out of stock"},"schema":{"@context":"https:\/\/schema.org","@graph":[{"@type":"WebPage","@id":"https:\/\/staging.banneroftruth.org\/uk\/store\/sermons-and-expositions\/la-familia-en-nuestro-mundo-sermones-practicos-sobre-temas-vigentes\/","url":"https:\/\/staging.banneroftruth.org\/uk\/store\/sermons-and-expositions\/la-familia-en-nuestro-mundo-sermones-practicos-sobre-temas-vigentes\/","name":"La Familia en Nuestro Mundo: Sermones Practicos Sobre Temas Vigentes - Banner of Truth UK","isPartOf":{"@id":"https:\/\/staging.banneroftruth.org\/uk\/#website"},"primaryImageOfPage":{"@id":"https:\/\/staging.banneroftruth.org\/uk\/store\/sermons-and-expositions\/la-familia-en-nuestro-mundo-sermones-practicos-sobre-temas-vigentes\/#primaryimage"},"image":{"@id":"https:\/\/staging.banneroftruth.org\/uk\/store\/sermons-and-expositions\/la-familia-en-nuestro-mundo-sermones-practicos-sobre-temas-vigentes\/#primaryimage"},"thumbnailUrl":"https:\/\/staging.banneroftruth.org\/uk\/wp-content\/uploads\/sites\/6\/2013\/01\/FamiliaEnNuestroMundo_FINAL.jpg","datePublished":"2013-01-30T17:38:00+00:00","dateModified":"2019-12-23T15:12:57+00:00","breadcrumb":{"@id":"https:\/\/staging.banneroftruth.org\/uk\/store\/sermons-and-expositions\/la-familia-en-nuestro-mundo-sermones-practicos-sobre-temas-vigentes\/#breadcrumb"},"inLanguage":"en-GB","potentialAction":[{"@type":"ReadAction","target":["https:\/\/staging.banneroftruth.org\/uk\/store\/sermons-and-expositions\/la-familia-en-nuestro-mundo-sermones-practicos-sobre-temas-vigentes\/"]}]},{"@type":"ImageObject","inLanguage":"en-GB","@id":"https:\/\/staging.banneroftruth.org\/uk\/store\/sermons-and-expositions\/la-familia-en-nuestro-mundo-sermones-practicos-sobre-temas-vigentes\/#primaryimage","url":"https:\/\/staging.banneroftruth.org\/uk\/wp-content\/uploads\/sites\/6\/2013\/01\/FamiliaEnNuestroMundo_FINAL.jpg","contentUrl":"https:\/\/staging.banneroftruth.org\/uk\/wp-content\/uploads\/sites\/6\/2013\/01\/FamiliaEnNuestroMundo_FINAL.jpg","width":1591,"height":2494},{"@type":"BreadcrumbList","@id":"https:\/\/staging.banneroftruth.org\/uk\/store\/sermons-and-expositions\/la-familia-en-nuestro-mundo-sermones-practicos-sobre-temas-vigentes\/#breadcrumb","itemListElement":[{"@type":"ListItem","position":1,"name":"Home","item":"https:\/\/staging.banneroftruth.org\/uk\/"},{"@type":"ListItem","position":2,"name":"Store","item":"https:\/\/staging.banneroftruth.org\/uk\/store\/"},{"@type":"ListItem","position":3,"name":"La Familia en Nuestro Mundo: Sermones Practicos Sobre Temas Vigentes"}]},{"@type":"WebSite","@id":"https:\/\/staging.banneroftruth.org\/uk\/#website","url":"https:\/\/staging.banneroftruth.org\/uk\/","name":"Banner of Truth UK","description":"Christian Publisher of Reformed &amp; Puritan Books","publisher":{"@id":"https:\/\/staging.banneroftruth.org\/uk\/#organization"},"potentialAction":[{"@type":"SearchAction","target":{"@type":"EntryPoint","urlTemplate":"https:\/\/staging.banneroftruth.org\/uk\/?s={search_term_string}"},"query-input":{"@type":"PropertyValueSpecification","valueRequired":true,"valueName":"search_term_string"}}],"inLanguage":"en-GB"},{"@type":"Organization","@id":"https:\/\/staging.banneroftruth.org\/uk\/#organization","name":"Banner of Truth UK","url":"https:\/\/staging.banneroftruth.org\/uk\/","logo":{"@type":"ImageObject","inLanguage":"en-GB","@id":"https:\/\/staging.banneroftruth.org\/uk\/#\/schema\/logo\/image\/","url":"https:\/\/staging.banneroftruth.org\/uk\/wp-content\/uploads\/sites\/6\/2021\/04\/logo_and_text_Jun2015.png","contentUrl":"https:\/\/staging.banneroftruth.org\/uk\/wp-content\/uploads\/sites\/6\/2021\/04\/logo_and_text_Jun2015.png","width":377,"height":132,"caption":"Banner of Truth UK"},"image":{"@id":"https:\/\/staging.banneroftruth.org\/uk\/#\/schema\/logo\/image\/"},"sameAs":["https:\/\/www.facebook.com\/TheBannerofTruth","https:\/\/x.com\/Banneroftruth","https:\/\/www.instagram.com\/banneroftruth\/?hl=en"]}]},"product_price_amount":"12.00","product_price_currency":"GBP","og_availability":"out of stock","product_availability":"out of stock","product_retailer_item_id":"9780851518916","product_condition":"new"},"_links":{"self":[{"href":"https:\/\/staging.banneroftruth.org\/uk\/wp-json\/wp\/v2\/product\/869","targetHints":{"allow":["GET"]}}],"collection":[{"href":"https:\/\/staging.banneroftruth.org\/uk\/wp-json\/wp\/v2\/product"}],"about":[{"href":"https:\/\/staging.banneroftruth.org\/uk\/wp-json\/wp\/v2\/types\/product"}],"replies":[{"embeddable":true,"href":"https:\/\/staging.banneroftruth.org\/uk\/wp-json\/wp\/v2\/comments?post=869"}],"wp:featuredmedia":[{"embeddable":true,"href":"https:\/\/staging.banneroftruth.org\/uk\/wp-json\/wp\/v2\/media\/9795"}],"wp:attachment":[{"href":"https:\/\/staging.banneroftruth.org\/uk\/wp-json\/wp\/v2\/media?parent=869"}],"wp:term":[{"taxonomy":"product_brand","embeddable":true,"href":"https:\/\/staging.banneroftruth.org\/uk\/wp-json\/wp\/v2\/product_brand?post=869"},{"taxonomy":"product_cat","embeddable":true,"href":"https:\/\/staging.banneroftruth.org\/uk\/wp-json\/wp\/v2\/product_cat?post=869"},{"taxonomy":"product_tag","embeddable":true,"href":"https:\/\/staging.banneroftruth.org\/uk\/wp-json\/wp\/v2\/product_tag?post=869"}],"curies":[{"name":"wp","href":"https:\/\/api.w.org\/{rel}","templated":true}]}}