{"id":864,"date":"2013-01-30T17:38:00","date_gmt":"2013-01-30T17:38:00","guid":{"rendered":"http:\/\/54.225.232.228\/us\/store\/uncategorized\/genesis-3-un-estudio-devocional-y-expositivo\/"},"modified":"2017-08-09T14:58:12","modified_gmt":"2017-08-09T13:58:12","slug":"genesis-3-un-estudio-devocional-y-expositivo","status":"publish","type":"product","link":"https:\/\/staging.banneroftruth.org\/uk\/store\/sermons-and-expositions\/genesis-3-un-estudio-devocional-y-expositivo\/","title":{"rendered":"Genesis 3: Un Estudio Devocional Y Expositivo"},"content":{"rendered":"<h2>Book Description<\/h2>\n<p>La interpretacion del capitulo 3 de G\u00e9nesis es crucial para nuestra comprension de la Biblia y del Evangelio cristiano. \u00bfFue &#8220;la Ca\u00edda&#8221; realmente una etapa en la emancipaci\u00f3n y evoluci\u00f3n del hombre? \u00bfEs el relato del pecado de Ad\u00e1n y Eva simplemente una par\u00e1bola que describe c\u00f3mo los hombres y las mujeres no alcanzan sus mas altas aspiraciones? \u00bfO es que <em>Genesis 3<\/em> documenta los hechos historicos para involucrarnos en la culpa del pecado de nuestros primeros padres?<\/p>\n","protected":false},"excerpt":{"rendered":"<p>Book Description La interpretacion del capitulo 3 de G\u00e9nesis es crucial para nuestra comprension de la Biblia y del Evangelio cristiano. \u00bfFue &#8220;la Ca\u00edda&#8221; realmente una etapa en la emancipaci\u00f3n y evoluci\u00f3n del hombre? \u00bfEs el relato del pecado de Ad\u00e1n y Eva simplemente una par\u00e1bola que describe c\u00f3mo los hombres y las mujeres no [&hellip;]<\/p>\n","protected":false},"featured_media":9790,"comment_status":"open","ping_status":"closed","template":"","meta":[],"product_brand":[],"product_cat":[1228],"product_tag":[],"class_list":{"0":"post-864","1":"product","2":"type-product","3":"status-publish","4":"has-post-thumbnail","6":"product_cat-sermons-and-expositions","7":"pa_binding-paperback","8":"pa_class-sp","9":"pa_format-book","10":"pa_isbn-4993","11":"pa_language-spanish","12":"pa_original-pub-date-1459","13":"pa_page-count-4606","14":"pa_recent-pub-date-jul-1-2010","15":"pa_recent-pub-date-year-6078","16":"pa_scripture-genesis-old-testament","17":"pa_subtitle-genesis-3-devotional","18":"pa_theauthor-young-e-j","19":"pa_topic-biblical-studies","20":"pa_topic-man-sin","22":"first","23":"instock","24":"purchasable","25":"product-type-simple"},"bundled_by":[],"bundle_stock_status":"instock","bundle_stock_quantity":null,"bundle_virtual":false,"bundle_layout":"","bundle_add_to_cart_form_location":"","bundle_editable_in_cart":false,"bundle_sold_individually_context":"","bundle_item_grouping":"","bundle_min_size":"","bundle_max_size":"","bundle_price":[],"bundled_items":[],"bundle_sell_ids":[],"yoast_head":"<!-- This site is optimized with the Yoast SEO Premium plugin v27.3 (Yoast SEO v27.3) - https:\/\/yoast.com\/product\/yoast-seo-premium-wordpress\/ -->\n<title>Genesis 3: Un Estudio Devocional Y Expositivo - Banner of Truth UK<\/title>\n<meta name=\"robots\" content=\"noindex, follow, max-snippet:-1, max-image-preview:large, max-video-preview:-1\" \/>\n<meta property=\"og:locale\" content=\"en_GB\" \/>\n<meta property=\"og:type\" content=\"article\" \/>\n<meta property=\"og:title\" content=\"Genesis 3: Un Estudio Devocional Y Expositivo\" \/>\n<meta property=\"og:description\" content=\"Book Description La interpretacion del capitulo 3 de G\u00e9nesis es crucial para nuestra comprension de la Biblia y del Evangelio cristiano. \u00bfFue &#8220;la Ca\u00edda&#8221; realmente una etapa en la emancipaci\u00f3n y evoluci\u00f3n del hombre? \u00bfEs el relato del pecado de Ad\u00e1n y Eva simplemente una par\u00e1bola que describe c\u00f3mo los hombres y las mujeres no [&hellip;]\" \/>\n<meta property=\"og:url\" content=\"https:\/\/staging.banneroftruth.org\/uk\/store\/sermons-and-expositions\/genesis-3-un-estudio-devocional-y-expositivo\/\" \/>\n<meta property=\"og:site_name\" content=\"Banner of Truth UK\" \/>\n<meta property=\"article:publisher\" content=\"https:\/\/www.facebook.com\/TheBannerofTruth\" \/>\n<meta property=\"article:modified_time\" content=\"2017-08-09T13:58:12+00:00\" \/>\n<meta property=\"og:image\" content=\"https:\/\/staging.banneroftruth.org\/uk\/wp-content\/uploads\/sites\/6\/2013\/01\/Genesis3_FINAL.jpg\" \/>\n\t<meta property=\"og:image:width\" content=\"1492\" \/>\n\t<meta property=\"og:image:height\" content=\"2479\" \/>\n\t<meta property=\"og:image:type\" content=\"image\/jpeg\" \/>\n<meta name=\"twitter:card\" content=\"summary_large_image\" \/>\n<meta name=\"twitter:site\" content=\"@Banneroftruth\" \/>\n<meta name=\"twitter:label1\" content=\"Price\" \/>\n\t<meta name=\"twitter:data1\" content=\"&pound;7.00\" \/>\n\t<meta name=\"twitter:label2\" content=\"Availability\" \/>\n\t<meta name=\"twitter:data2\" content=\"In stock\" \/>\n<script type=\"application\/ld+json\" class=\"yoast-schema-graph\">{\"@context\":\"https:\\\/\\\/schema.org\",\"@graph\":[{\"@type\":\"WebPage\",\"@id\":\"https:\\\/\\\/staging.banneroftruth.org\\\/uk\\\/store\\\/sermons-and-expositions\\\/genesis-3-un-estudio-devocional-y-expositivo\\\/\",\"url\":\"https:\\\/\\\/staging.banneroftruth.org\\\/uk\\\/store\\\/sermons-and-expositions\\\/genesis-3-un-estudio-devocional-y-expositivo\\\/\",\"name\":\"Genesis 3: Un Estudio Devocional Y Expositivo - Banner of Truth UK\",\"isPartOf\":{\"@id\":\"https:\\\/\\\/staging.banneroftruth.org\\\/uk\\\/#website\"},\"primaryImageOfPage\":{\"@id\":\"https:\\\/\\\/staging.banneroftruth.org\\\/uk\\\/store\\\/sermons-and-expositions\\\/genesis-3-un-estudio-devocional-y-expositivo\\\/#primaryimage\"},\"image\":{\"@id\":\"https:\\\/\\\/staging.banneroftruth.org\\\/uk\\\/store\\\/sermons-and-expositions\\\/genesis-3-un-estudio-devocional-y-expositivo\\\/#primaryimage\"},\"thumbnailUrl\":\"https:\\\/\\\/staging.banneroftruth.org\\\/uk\\\/wp-content\\\/uploads\\\/sites\\\/6\\\/2013\\\/01\\\/Genesis3_FINAL.jpg\",\"datePublished\":\"2013-01-30T17:38:00+00:00\",\"dateModified\":\"2017-08-09T13:58:12+00:00\",\"breadcrumb\":{\"@id\":\"https:\\\/\\\/staging.banneroftruth.org\\\/uk\\\/store\\\/sermons-and-expositions\\\/genesis-3-un-estudio-devocional-y-expositivo\\\/#breadcrumb\"},\"inLanguage\":\"en-GB\",\"potentialAction\":[{\"@type\":\"ReadAction\",\"target\":[\"https:\\\/\\\/staging.banneroftruth.org\\\/uk\\\/store\\\/sermons-and-expositions\\\/genesis-3-un-estudio-devocional-y-expositivo\\\/\"]}]},{\"@type\":\"ImageObject\",\"inLanguage\":\"en-GB\",\"@id\":\"https:\\\/\\\/staging.banneroftruth.org\\\/uk\\\/store\\\/sermons-and-expositions\\\/genesis-3-un-estudio-devocional-y-expositivo\\\/#primaryimage\",\"url\":\"https:\\\/\\\/staging.banneroftruth.org\\\/uk\\\/wp-content\\\/uploads\\\/sites\\\/6\\\/2013\\\/01\\\/Genesis3_FINAL.jpg\",\"contentUrl\":\"https:\\\/\\\/staging.banneroftruth.org\\\/uk\\\/wp-content\\\/uploads\\\/sites\\\/6\\\/2013\\\/01\\\/Genesis3_FINAL.jpg\",\"width\":1492,\"height\":2479},{\"@type\":\"BreadcrumbList\",\"@id\":\"https:\\\/\\\/staging.banneroftruth.org\\\/uk\\\/store\\\/sermons-and-expositions\\\/genesis-3-un-estudio-devocional-y-expositivo\\\/#breadcrumb\",\"itemListElement\":[{\"@type\":\"ListItem\",\"position\":1,\"name\":\"Home\",\"item\":\"https:\\\/\\\/staging.banneroftruth.org\\\/uk\\\/\"},{\"@type\":\"ListItem\",\"position\":2,\"name\":\"Store\",\"item\":\"https:\\\/\\\/staging.banneroftruth.org\\\/uk\\\/store\\\/\"},{\"@type\":\"ListItem\",\"position\":3,\"name\":\"Genesis 3: Un Estudio Devocional Y Expositivo\"}]},{\"@type\":\"WebSite\",\"@id\":\"https:\\\/\\\/staging.banneroftruth.org\\\/uk\\\/#website\",\"url\":\"https:\\\/\\\/staging.banneroftruth.org\\\/uk\\\/\",\"name\":\"Banner of Truth UK\",\"description\":\"Christian Publisher of Reformed &amp; Puritan Books\",\"publisher\":{\"@id\":\"https:\\\/\\\/staging.banneroftruth.org\\\/uk\\\/#organization\"},\"potentialAction\":[{\"@type\":\"SearchAction\",\"target\":{\"@type\":\"EntryPoint\",\"urlTemplate\":\"https:\\\/\\\/staging.banneroftruth.org\\\/uk\\\/?s={search_term_string}\"},\"query-input\":{\"@type\":\"PropertyValueSpecification\",\"valueRequired\":true,\"valueName\":\"search_term_string\"}}],\"inLanguage\":\"en-GB\"},{\"@type\":\"Organization\",\"@id\":\"https:\\\/\\\/staging.banneroftruth.org\\\/uk\\\/#organization\",\"name\":\"Banner of Truth UK\",\"url\":\"https:\\\/\\\/staging.banneroftruth.org\\\/uk\\\/\",\"logo\":{\"@type\":\"ImageObject\",\"inLanguage\":\"en-GB\",\"@id\":\"https:\\\/\\\/staging.banneroftruth.org\\\/uk\\\/#\\\/schema\\\/logo\\\/image\\\/\",\"url\":\"https:\\\/\\\/staging.banneroftruth.org\\\/uk\\\/wp-content\\\/uploads\\\/sites\\\/6\\\/2021\\\/04\\\/logo_and_text_Jun2015.png\",\"contentUrl\":\"https:\\\/\\\/staging.banneroftruth.org\\\/uk\\\/wp-content\\\/uploads\\\/sites\\\/6\\\/2021\\\/04\\\/logo_and_text_Jun2015.png\",\"width\":377,\"height\":132,\"caption\":\"Banner of Truth UK\"},\"image\":{\"@id\":\"https:\\\/\\\/staging.banneroftruth.org\\\/uk\\\/#\\\/schema\\\/logo\\\/image\\\/\"},\"sameAs\":[\"https:\\\/\\\/www.facebook.com\\\/TheBannerofTruth\",\"https:\\\/\\\/x.com\\\/Banneroftruth\",\"https:\\\/\\\/www.instagram.com\\\/banneroftruth\\\/?hl=en\"]}]}<\/script>\n<meta property=\"product:price:amount\" content=\"7.00\" \/>\n<meta property=\"product:price:currency\" content=\"GBP\" \/>\n<meta property=\"og:availability\" content=\"instock\" \/>\n<meta property=\"product:availability\" content=\"instock\" \/>\n<meta property=\"product:retailer_item_id\" content=\"9781848710528\" \/>\n<meta property=\"product:condition\" content=\"new\" \/>\n<!-- \/ Yoast SEO Premium plugin. -->","yoast_head_json":{"title":"Genesis 3: Un Estudio Devocional Y Expositivo - Banner of Truth UK","robots":{"index":"noindex","follow":"follow","max-snippet":"max-snippet:-1","max-image-preview":"max-image-preview:large","max-video-preview":"max-video-preview:-1"},"og_locale":"en_GB","og_type":"article","og_title":"Genesis 3: Un Estudio Devocional Y Expositivo","og_description":"Book Description La interpretacion del capitulo 3 de G\u00e9nesis es crucial para nuestra comprension de la Biblia y del Evangelio cristiano. \u00bfFue &#8220;la Ca\u00edda&#8221; realmente una etapa en la emancipaci\u00f3n y evoluci\u00f3n del hombre? \u00bfEs el relato del pecado de Ad\u00e1n y Eva simplemente una par\u00e1bola que describe c\u00f3mo los hombres y las mujeres no [&hellip;]","og_url":"https:\/\/staging.banneroftruth.org\/uk\/store\/sermons-and-expositions\/genesis-3-un-estudio-devocional-y-expositivo\/","og_site_name":"Banner of Truth UK","article_publisher":"https:\/\/www.facebook.com\/TheBannerofTruth","article_modified_time":"2017-08-09T13:58:12+00:00","og_image":[{"width":1492,"height":2479,"url":"https:\/\/staging.banneroftruth.org\/uk\/wp-content\/uploads\/sites\/6\/2013\/01\/Genesis3_FINAL.jpg","type":"image\/jpeg"}],"twitter_card":"summary_large_image","twitter_site":"@Banneroftruth","twitter_misc":{"Price":"&pound;7.00","Availability":"In stock"},"schema":{"@context":"https:\/\/schema.org","@graph":[{"@type":"WebPage","@id":"https:\/\/staging.banneroftruth.org\/uk\/store\/sermons-and-expositions\/genesis-3-un-estudio-devocional-y-expositivo\/","url":"https:\/\/staging.banneroftruth.org\/uk\/store\/sermons-and-expositions\/genesis-3-un-estudio-devocional-y-expositivo\/","name":"Genesis 3: Un Estudio Devocional Y Expositivo - Banner of Truth UK","isPartOf":{"@id":"https:\/\/staging.banneroftruth.org\/uk\/#website"},"primaryImageOfPage":{"@id":"https:\/\/staging.banneroftruth.org\/uk\/store\/sermons-and-expositions\/genesis-3-un-estudio-devocional-y-expositivo\/#primaryimage"},"image":{"@id":"https:\/\/staging.banneroftruth.org\/uk\/store\/sermons-and-expositions\/genesis-3-un-estudio-devocional-y-expositivo\/#primaryimage"},"thumbnailUrl":"https:\/\/staging.banneroftruth.org\/uk\/wp-content\/uploads\/sites\/6\/2013\/01\/Genesis3_FINAL.jpg","datePublished":"2013-01-30T17:38:00+00:00","dateModified":"2017-08-09T13:58:12+00:00","breadcrumb":{"@id":"https:\/\/staging.banneroftruth.org\/uk\/store\/sermons-and-expositions\/genesis-3-un-estudio-devocional-y-expositivo\/#breadcrumb"},"inLanguage":"en-GB","potentialAction":[{"@type":"ReadAction","target":["https:\/\/staging.banneroftruth.org\/uk\/store\/sermons-and-expositions\/genesis-3-un-estudio-devocional-y-expositivo\/"]}]},{"@type":"ImageObject","inLanguage":"en-GB","@id":"https:\/\/staging.banneroftruth.org\/uk\/store\/sermons-and-expositions\/genesis-3-un-estudio-devocional-y-expositivo\/#primaryimage","url":"https:\/\/staging.banneroftruth.org\/uk\/wp-content\/uploads\/sites\/6\/2013\/01\/Genesis3_FINAL.jpg","contentUrl":"https:\/\/staging.banneroftruth.org\/uk\/wp-content\/uploads\/sites\/6\/2013\/01\/Genesis3_FINAL.jpg","width":1492,"height":2479},{"@type":"BreadcrumbList","@id":"https:\/\/staging.banneroftruth.org\/uk\/store\/sermons-and-expositions\/genesis-3-un-estudio-devocional-y-expositivo\/#breadcrumb","itemListElement":[{"@type":"ListItem","position":1,"name":"Home","item":"https:\/\/staging.banneroftruth.org\/uk\/"},{"@type":"ListItem","position":2,"name":"Store","item":"https:\/\/staging.banneroftruth.org\/uk\/store\/"},{"@type":"ListItem","position":3,"name":"Genesis 3: Un Estudio Devocional Y Expositivo"}]},{"@type":"WebSite","@id":"https:\/\/staging.banneroftruth.org\/uk\/#website","url":"https:\/\/staging.banneroftruth.org\/uk\/","name":"Banner of Truth UK","description":"Christian Publisher of Reformed &amp; Puritan Books","publisher":{"@id":"https:\/\/staging.banneroftruth.org\/uk\/#organization"},"potentialAction":[{"@type":"SearchAction","target":{"@type":"EntryPoint","urlTemplate":"https:\/\/staging.banneroftruth.org\/uk\/?s={search_term_string}"},"query-input":{"@type":"PropertyValueSpecification","valueRequired":true,"valueName":"search_term_string"}}],"inLanguage":"en-GB"},{"@type":"Organization","@id":"https:\/\/staging.banneroftruth.org\/uk\/#organization","name":"Banner of Truth UK","url":"https:\/\/staging.banneroftruth.org\/uk\/","logo":{"@type":"ImageObject","inLanguage":"en-GB","@id":"https:\/\/staging.banneroftruth.org\/uk\/#\/schema\/logo\/image\/","url":"https:\/\/staging.banneroftruth.org\/uk\/wp-content\/uploads\/sites\/6\/2021\/04\/logo_and_text_Jun2015.png","contentUrl":"https:\/\/staging.banneroftruth.org\/uk\/wp-content\/uploads\/sites\/6\/2021\/04\/logo_and_text_Jun2015.png","width":377,"height":132,"caption":"Banner of Truth UK"},"image":{"@id":"https:\/\/staging.banneroftruth.org\/uk\/#\/schema\/logo\/image\/"},"sameAs":["https:\/\/www.facebook.com\/TheBannerofTruth","https:\/\/x.com\/Banneroftruth","https:\/\/www.instagram.com\/banneroftruth\/?hl=en"]}]},"product_price_amount":"7.00","product_price_currency":"GBP","og_availability":"instock","product_availability":"instock","product_retailer_item_id":"9781848710528","product_condition":"new"},"_links":{"self":[{"href":"https:\/\/staging.banneroftruth.org\/uk\/wp-json\/wp\/v2\/product\/864","targetHints":{"allow":["GET"]}}],"collection":[{"href":"https:\/\/staging.banneroftruth.org\/uk\/wp-json\/wp\/v2\/product"}],"about":[{"href":"https:\/\/staging.banneroftruth.org\/uk\/wp-json\/wp\/v2\/types\/product"}],"replies":[{"embeddable":true,"href":"https:\/\/staging.banneroftruth.org\/uk\/wp-json\/wp\/v2\/comments?post=864"}],"wp:featuredmedia":[{"embeddable":true,"href":"https:\/\/staging.banneroftruth.org\/uk\/wp-json\/wp\/v2\/media\/9790"}],"wp:attachment":[{"href":"https:\/\/staging.banneroftruth.org\/uk\/wp-json\/wp\/v2\/media?parent=864"}],"wp:term":[{"taxonomy":"product_brand","embeddable":true,"href":"https:\/\/staging.banneroftruth.org\/uk\/wp-json\/wp\/v2\/product_brand?post=864"},{"taxonomy":"product_cat","embeddable":true,"href":"https:\/\/staging.banneroftruth.org\/uk\/wp-json\/wp\/v2\/product_cat?post=864"},{"taxonomy":"product_tag","embeddable":true,"href":"https:\/\/staging.banneroftruth.org\/uk\/wp-json\/wp\/v2\/product_tag?post=864"}],"curies":[{"name":"wp","href":"https:\/\/api.w.org\/{rel}","templated":true}]}}