{"id":843,"date":"2013-01-30T17:38:00","date_gmt":"2013-01-30T17:38:00","guid":{"rendered":"http:\/\/54.225.232.228\/us\/store\/uncategorized\/cristianismo-autzntico-tomo-1-hechos-1-3-sermones-sobre-hechos-de-los-apstoles\/"},"modified":"2020-10-05T14:34:03","modified_gmt":"2020-10-05T13:34:03","slug":"cristianismo-autzntico-tomo-1-hechos-1-3-sermones-sobre-hechos-de-los-apstoles","status":"publish","type":"product","link":"https:\/\/staging.banneroftruth.org\/uk\/store\/sermons-and-expositions\/cristianismo-autzntico-tomo-1-hechos-1-3-sermones-sobre-hechos-de-los-apstoles\/","title":{"rendered":"Cristianismo Aut\u00e9ntico, Tomo 1 Hechos 1-3 &#8212; Sermones Sobre Hechos De Los Ap\u00f3stoles"},"content":{"rendered":"<h2>Book Description<\/h2>\n<p>Este es el primero de una serie de tomos que recogen la predicaci\u00f3n del Dr. Lloyd-Jones sobre Hechos 39de los Ap\u00f3stoles. Incluye textos de los tres primeros cap\u00edtulos, que, seg\u00fan \u00e9l, presentan el &#8216;cristianismo aut\u00e9ntico y nada m\u00e1s&#8217;.<\/p>\n","protected":false},"excerpt":{"rendered":"<p>Book Description Este es el primero de una serie de tomos que recogen la predicaci\u00f3n del Dr. Lloyd-Jones sobre Hechos 39de los Ap\u00f3stoles. Incluye textos de los tres primeros cap\u00edtulos, que, seg\u00fan \u00e9l, presentan el &#8216;cristianismo aut\u00e9ntico y nada m\u00e1s&#8217;.<\/p>\n","protected":false},"featured_media":9744,"comment_status":"open","ping_status":"closed","template":"","meta":[],"product_brand":[],"product_cat":[1228],"product_tag":[],"class_list":{"0":"post-843","1":"product","2":"type-product","3":"status-publish","4":"has-post-thumbnail","6":"product_cat-sermons-and-expositions","7":"pa_binding-paperback","8":"pa_class-sp","9":"pa_format-book","10":"pa_isbn-4962","11":"pa_language-spanish","12":"pa_original-pub-date-1551","13":"pa_page-count-4553","14":"pa_recent-pub-date-jun-1-2007","15":"pa_recent-pub-date-year-6056","16":"pa_scripture-acts","17":"pa_subtitle-authentic-christianity-v1-acts-1-3","18":"pa_theauthor-lloyd-jones-d-martyn","19":"pa_topic-biblical-studies","20":"pa_topic-spiritual-growth","21":"pa_vol-1555","23":"first","24":"outofstock","25":"purchasable","26":"product-type-simple"},"bundled_by":[],"bundle_stock_status":"outofstock","bundle_stock_quantity":null,"bundle_virtual":false,"bundle_layout":"","bundle_add_to_cart_form_location":"","bundle_editable_in_cart":false,"bundle_sold_individually_context":"","bundle_item_grouping":"","bundle_min_size":"","bundle_max_size":"","bundle_price":[],"bundled_items":[],"bundle_sell_ids":[],"yoast_head":"<!-- This site is optimized with the Yoast SEO Premium plugin v27.3 (Yoast SEO v27.3) - https:\/\/yoast.com\/product\/yoast-seo-premium-wordpress\/ -->\n<title>Cristianismo Aut\u00e9ntico, Tomo 1 Hechos 1-3 - Sermones Sobre Hechos De Los Ap\u00f3stoles - Banner of Truth UK<\/title>\n<meta name=\"robots\" content=\"noindex, follow, max-snippet:-1, max-image-preview:large, max-video-preview:-1\" \/>\n<meta property=\"og:locale\" content=\"en_GB\" \/>\n<meta property=\"og:type\" content=\"article\" \/>\n<meta property=\"og:title\" content=\"Cristianismo Aut\u00e9ntico, Tomo 1 Hechos 1-3 -- Sermones Sobre Hechos De Los Ap\u00f3stoles\" \/>\n<meta property=\"og:description\" content=\"Book Description Este es el primero de una serie de tomos que recogen la predicaci\u00f3n del Dr. Lloyd-Jones sobre Hechos 39de los Ap\u00f3stoles. Incluye textos de los tres primeros cap\u00edtulos, que, seg\u00fan \u00e9l, presentan el &#8216;cristianismo aut\u00e9ntico y nada m\u00e1s&#8217;.\" \/>\n<meta property=\"og:url\" content=\"https:\/\/staging.banneroftruth.org\/uk\/store\/sermons-and-expositions\/cristianismo-autzntico-tomo-1-hechos-1-3-sermones-sobre-hechos-de-los-apstoles\/\" \/>\n<meta property=\"og:site_name\" content=\"Banner of Truth UK\" \/>\n<meta property=\"article:publisher\" content=\"https:\/\/www.facebook.com\/TheBannerofTruth\" \/>\n<meta property=\"article:modified_time\" content=\"2020-10-05T13:34:03+00:00\" \/>\n<meta property=\"og:image\" content=\"https:\/\/staging.banneroftruth.org\/uk\/wp-content\/uploads\/sites\/6\/2013\/01\/CristianismoAutentico_1_FINAL.jpg\" \/>\n\t<meta property=\"og:image:width\" content=\"1536\" \/>\n\t<meta property=\"og:image:height\" content=\"2507\" \/>\n\t<meta property=\"og:image:type\" content=\"image\/jpeg\" \/>\n<meta name=\"twitter:card\" content=\"summary_large_image\" \/>\n<meta name=\"twitter:site\" content=\"@Banneroftruth\" \/>\n<meta name=\"twitter:label1\" content=\"Price\" \/>\n\t<meta name=\"twitter:data1\" content=\"&pound;10.00\" \/>\n\t<meta name=\"twitter:label2\" content=\"Availability\" \/>\n\t<meta name=\"twitter:data2\" content=\"Out of stock\" \/>\n<script type=\"application\/ld+json\" class=\"yoast-schema-graph\">{\"@context\":\"https:\\\/\\\/schema.org\",\"@graph\":[{\"@type\":\"WebPage\",\"@id\":\"https:\\\/\\\/staging.banneroftruth.org\\\/uk\\\/store\\\/sermons-and-expositions\\\/cristianismo-autzntico-tomo-1-hechos-1-3-sermones-sobre-hechos-de-los-apstoles\\\/\",\"url\":\"https:\\\/\\\/staging.banneroftruth.org\\\/uk\\\/store\\\/sermons-and-expositions\\\/cristianismo-autzntico-tomo-1-hechos-1-3-sermones-sobre-hechos-de-los-apstoles\\\/\",\"name\":\"Cristianismo Aut\u00e9ntico, Tomo 1 Hechos 1-3 - Sermones Sobre Hechos De Los Ap\u00f3stoles - Banner of Truth UK\",\"isPartOf\":{\"@id\":\"https:\\\/\\\/staging.banneroftruth.org\\\/uk\\\/#website\"},\"primaryImageOfPage\":{\"@id\":\"https:\\\/\\\/staging.banneroftruth.org\\\/uk\\\/store\\\/sermons-and-expositions\\\/cristianismo-autzntico-tomo-1-hechos-1-3-sermones-sobre-hechos-de-los-apstoles\\\/#primaryimage\"},\"image\":{\"@id\":\"https:\\\/\\\/staging.banneroftruth.org\\\/uk\\\/store\\\/sermons-and-expositions\\\/cristianismo-autzntico-tomo-1-hechos-1-3-sermones-sobre-hechos-de-los-apstoles\\\/#primaryimage\"},\"thumbnailUrl\":\"https:\\\/\\\/staging.banneroftruth.org\\\/uk\\\/wp-content\\\/uploads\\\/sites\\\/6\\\/2013\\\/01\\\/CristianismoAutentico_1_FINAL.jpg\",\"datePublished\":\"2013-01-30T17:38:00+00:00\",\"dateModified\":\"2020-10-05T13:34:03+00:00\",\"breadcrumb\":{\"@id\":\"https:\\\/\\\/staging.banneroftruth.org\\\/uk\\\/store\\\/sermons-and-expositions\\\/cristianismo-autzntico-tomo-1-hechos-1-3-sermones-sobre-hechos-de-los-apstoles\\\/#breadcrumb\"},\"inLanguage\":\"en-GB\",\"potentialAction\":[{\"@type\":\"ReadAction\",\"target\":[\"https:\\\/\\\/staging.banneroftruth.org\\\/uk\\\/store\\\/sermons-and-expositions\\\/cristianismo-autzntico-tomo-1-hechos-1-3-sermones-sobre-hechos-de-los-apstoles\\\/\"]}]},{\"@type\":\"ImageObject\",\"inLanguage\":\"en-GB\",\"@id\":\"https:\\\/\\\/staging.banneroftruth.org\\\/uk\\\/store\\\/sermons-and-expositions\\\/cristianismo-autzntico-tomo-1-hechos-1-3-sermones-sobre-hechos-de-los-apstoles\\\/#primaryimage\",\"url\":\"https:\\\/\\\/staging.banneroftruth.org\\\/uk\\\/wp-content\\\/uploads\\\/sites\\\/6\\\/2013\\\/01\\\/CristianismoAutentico_1_FINAL.jpg\",\"contentUrl\":\"https:\\\/\\\/staging.banneroftruth.org\\\/uk\\\/wp-content\\\/uploads\\\/sites\\\/6\\\/2013\\\/01\\\/CristianismoAutentico_1_FINAL.jpg\",\"width\":1536,\"height\":2507},{\"@type\":\"BreadcrumbList\",\"@id\":\"https:\\\/\\\/staging.banneroftruth.org\\\/uk\\\/store\\\/sermons-and-expositions\\\/cristianismo-autzntico-tomo-1-hechos-1-3-sermones-sobre-hechos-de-los-apstoles\\\/#breadcrumb\",\"itemListElement\":[{\"@type\":\"ListItem\",\"position\":1,\"name\":\"Home\",\"item\":\"https:\\\/\\\/staging.banneroftruth.org\\\/uk\\\/\"},{\"@type\":\"ListItem\",\"position\":2,\"name\":\"Store\",\"item\":\"https:\\\/\\\/staging.banneroftruth.org\\\/uk\\\/store\\\/\"},{\"@type\":\"ListItem\",\"position\":3,\"name\":\"Cristianismo Aut\u00e9ntico, Tomo 1 Hechos 1-3 &#8212; Sermones Sobre Hechos De Los Ap\u00f3stoles\"}]},{\"@type\":\"WebSite\",\"@id\":\"https:\\\/\\\/staging.banneroftruth.org\\\/uk\\\/#website\",\"url\":\"https:\\\/\\\/staging.banneroftruth.org\\\/uk\\\/\",\"name\":\"Banner of Truth UK\",\"description\":\"Christian Publisher of Reformed &amp; Puritan Books\",\"publisher\":{\"@id\":\"https:\\\/\\\/staging.banneroftruth.org\\\/uk\\\/#organization\"},\"potentialAction\":[{\"@type\":\"SearchAction\",\"target\":{\"@type\":\"EntryPoint\",\"urlTemplate\":\"https:\\\/\\\/staging.banneroftruth.org\\\/uk\\\/?s={search_term_string}\"},\"query-input\":{\"@type\":\"PropertyValueSpecification\",\"valueRequired\":true,\"valueName\":\"search_term_string\"}}],\"inLanguage\":\"en-GB\"},{\"@type\":\"Organization\",\"@id\":\"https:\\\/\\\/staging.banneroftruth.org\\\/uk\\\/#organization\",\"name\":\"Banner of Truth UK\",\"url\":\"https:\\\/\\\/staging.banneroftruth.org\\\/uk\\\/\",\"logo\":{\"@type\":\"ImageObject\",\"inLanguage\":\"en-GB\",\"@id\":\"https:\\\/\\\/staging.banneroftruth.org\\\/uk\\\/#\\\/schema\\\/logo\\\/image\\\/\",\"url\":\"https:\\\/\\\/staging.banneroftruth.org\\\/uk\\\/wp-content\\\/uploads\\\/sites\\\/6\\\/2021\\\/04\\\/logo_and_text_Jun2015.png\",\"contentUrl\":\"https:\\\/\\\/staging.banneroftruth.org\\\/uk\\\/wp-content\\\/uploads\\\/sites\\\/6\\\/2021\\\/04\\\/logo_and_text_Jun2015.png\",\"width\":377,\"height\":132,\"caption\":\"Banner of Truth UK\"},\"image\":{\"@id\":\"https:\\\/\\\/staging.banneroftruth.org\\\/uk\\\/#\\\/schema\\\/logo\\\/image\\\/\"},\"sameAs\":[\"https:\\\/\\\/www.facebook.com\\\/TheBannerofTruth\",\"https:\\\/\\\/x.com\\\/Banneroftruth\",\"https:\\\/\\\/www.instagram.com\\\/banneroftruth\\\/?hl=en\"]}]}<\/script>\n<meta property=\"product:price:amount\" content=\"10.00\" \/>\n<meta property=\"product:price:currency\" content=\"GBP\" \/>\n<meta property=\"og:availability\" content=\"out of stock\" \/>\n<meta property=\"product:availability\" content=\"out of stock\" \/>\n<meta property=\"product:retailer_item_id\" content=\"9780851518381\" \/>\n<meta property=\"product:condition\" content=\"new\" \/>\n<!-- \/ Yoast SEO Premium plugin. -->","yoast_head_json":{"title":"Cristianismo Aut\u00e9ntico, Tomo 1 Hechos 1-3 - Sermones Sobre Hechos De Los Ap\u00f3stoles - Banner of Truth UK","robots":{"index":"noindex","follow":"follow","max-snippet":"max-snippet:-1","max-image-preview":"max-image-preview:large","max-video-preview":"max-video-preview:-1"},"og_locale":"en_GB","og_type":"article","og_title":"Cristianismo Aut\u00e9ntico, Tomo 1 Hechos 1-3 -- Sermones Sobre Hechos De Los Ap\u00f3stoles","og_description":"Book Description Este es el primero de una serie de tomos que recogen la predicaci\u00f3n del Dr. Lloyd-Jones sobre Hechos 39de los Ap\u00f3stoles. Incluye textos de los tres primeros cap\u00edtulos, que, seg\u00fan \u00e9l, presentan el &#8216;cristianismo aut\u00e9ntico y nada m\u00e1s&#8217;.","og_url":"https:\/\/staging.banneroftruth.org\/uk\/store\/sermons-and-expositions\/cristianismo-autzntico-tomo-1-hechos-1-3-sermones-sobre-hechos-de-los-apstoles\/","og_site_name":"Banner of Truth UK","article_publisher":"https:\/\/www.facebook.com\/TheBannerofTruth","article_modified_time":"2020-10-05T13:34:03+00:00","og_image":[{"width":1536,"height":2507,"url":"https:\/\/staging.banneroftruth.org\/uk\/wp-content\/uploads\/sites\/6\/2013\/01\/CristianismoAutentico_1_FINAL.jpg","type":"image\/jpeg"}],"twitter_card":"summary_large_image","twitter_site":"@Banneroftruth","twitter_misc":{"Price":"&pound;10.00","Availability":"Out of stock"},"schema":{"@context":"https:\/\/schema.org","@graph":[{"@type":"WebPage","@id":"https:\/\/staging.banneroftruth.org\/uk\/store\/sermons-and-expositions\/cristianismo-autzntico-tomo-1-hechos-1-3-sermones-sobre-hechos-de-los-apstoles\/","url":"https:\/\/staging.banneroftruth.org\/uk\/store\/sermons-and-expositions\/cristianismo-autzntico-tomo-1-hechos-1-3-sermones-sobre-hechos-de-los-apstoles\/","name":"Cristianismo Aut\u00e9ntico, Tomo 1 Hechos 1-3 - Sermones Sobre Hechos De Los Ap\u00f3stoles - Banner of Truth UK","isPartOf":{"@id":"https:\/\/staging.banneroftruth.org\/uk\/#website"},"primaryImageOfPage":{"@id":"https:\/\/staging.banneroftruth.org\/uk\/store\/sermons-and-expositions\/cristianismo-autzntico-tomo-1-hechos-1-3-sermones-sobre-hechos-de-los-apstoles\/#primaryimage"},"image":{"@id":"https:\/\/staging.banneroftruth.org\/uk\/store\/sermons-and-expositions\/cristianismo-autzntico-tomo-1-hechos-1-3-sermones-sobre-hechos-de-los-apstoles\/#primaryimage"},"thumbnailUrl":"https:\/\/staging.banneroftruth.org\/uk\/wp-content\/uploads\/sites\/6\/2013\/01\/CristianismoAutentico_1_FINAL.jpg","datePublished":"2013-01-30T17:38:00+00:00","dateModified":"2020-10-05T13:34:03+00:00","breadcrumb":{"@id":"https:\/\/staging.banneroftruth.org\/uk\/store\/sermons-and-expositions\/cristianismo-autzntico-tomo-1-hechos-1-3-sermones-sobre-hechos-de-los-apstoles\/#breadcrumb"},"inLanguage":"en-GB","potentialAction":[{"@type":"ReadAction","target":["https:\/\/staging.banneroftruth.org\/uk\/store\/sermons-and-expositions\/cristianismo-autzntico-tomo-1-hechos-1-3-sermones-sobre-hechos-de-los-apstoles\/"]}]},{"@type":"ImageObject","inLanguage":"en-GB","@id":"https:\/\/staging.banneroftruth.org\/uk\/store\/sermons-and-expositions\/cristianismo-autzntico-tomo-1-hechos-1-3-sermones-sobre-hechos-de-los-apstoles\/#primaryimage","url":"https:\/\/staging.banneroftruth.org\/uk\/wp-content\/uploads\/sites\/6\/2013\/01\/CristianismoAutentico_1_FINAL.jpg","contentUrl":"https:\/\/staging.banneroftruth.org\/uk\/wp-content\/uploads\/sites\/6\/2013\/01\/CristianismoAutentico_1_FINAL.jpg","width":1536,"height":2507},{"@type":"BreadcrumbList","@id":"https:\/\/staging.banneroftruth.org\/uk\/store\/sermons-and-expositions\/cristianismo-autzntico-tomo-1-hechos-1-3-sermones-sobre-hechos-de-los-apstoles\/#breadcrumb","itemListElement":[{"@type":"ListItem","position":1,"name":"Home","item":"https:\/\/staging.banneroftruth.org\/uk\/"},{"@type":"ListItem","position":2,"name":"Store","item":"https:\/\/staging.banneroftruth.org\/uk\/store\/"},{"@type":"ListItem","position":3,"name":"Cristianismo Aut\u00e9ntico, Tomo 1 Hechos 1-3 &#8212; Sermones Sobre Hechos De Los Ap\u00f3stoles"}]},{"@type":"WebSite","@id":"https:\/\/staging.banneroftruth.org\/uk\/#website","url":"https:\/\/staging.banneroftruth.org\/uk\/","name":"Banner of Truth UK","description":"Christian Publisher of Reformed &amp; Puritan Books","publisher":{"@id":"https:\/\/staging.banneroftruth.org\/uk\/#organization"},"potentialAction":[{"@type":"SearchAction","target":{"@type":"EntryPoint","urlTemplate":"https:\/\/staging.banneroftruth.org\/uk\/?s={search_term_string}"},"query-input":{"@type":"PropertyValueSpecification","valueRequired":true,"valueName":"search_term_string"}}],"inLanguage":"en-GB"},{"@type":"Organization","@id":"https:\/\/staging.banneroftruth.org\/uk\/#organization","name":"Banner of Truth UK","url":"https:\/\/staging.banneroftruth.org\/uk\/","logo":{"@type":"ImageObject","inLanguage":"en-GB","@id":"https:\/\/staging.banneroftruth.org\/uk\/#\/schema\/logo\/image\/","url":"https:\/\/staging.banneroftruth.org\/uk\/wp-content\/uploads\/sites\/6\/2021\/04\/logo_and_text_Jun2015.png","contentUrl":"https:\/\/staging.banneroftruth.org\/uk\/wp-content\/uploads\/sites\/6\/2021\/04\/logo_and_text_Jun2015.png","width":377,"height":132,"caption":"Banner of Truth UK"},"image":{"@id":"https:\/\/staging.banneroftruth.org\/uk\/#\/schema\/logo\/image\/"},"sameAs":["https:\/\/www.facebook.com\/TheBannerofTruth","https:\/\/x.com\/Banneroftruth","https:\/\/www.instagram.com\/banneroftruth\/?hl=en"]}]},"product_price_amount":"10.00","product_price_currency":"GBP","og_availability":"out of stock","product_availability":"out of stock","product_retailer_item_id":"9780851518381","product_condition":"new"},"_links":{"self":[{"href":"https:\/\/staging.banneroftruth.org\/uk\/wp-json\/wp\/v2\/product\/843","targetHints":{"allow":["GET"]}}],"collection":[{"href":"https:\/\/staging.banneroftruth.org\/uk\/wp-json\/wp\/v2\/product"}],"about":[{"href":"https:\/\/staging.banneroftruth.org\/uk\/wp-json\/wp\/v2\/types\/product"}],"replies":[{"embeddable":true,"href":"https:\/\/staging.banneroftruth.org\/uk\/wp-json\/wp\/v2\/comments?post=843"}],"wp:featuredmedia":[{"embeddable":true,"href":"https:\/\/staging.banneroftruth.org\/uk\/wp-json\/wp\/v2\/media\/9744"}],"wp:attachment":[{"href":"https:\/\/staging.banneroftruth.org\/uk\/wp-json\/wp\/v2\/media?parent=843"}],"wp:term":[{"taxonomy":"product_brand","embeddable":true,"href":"https:\/\/staging.banneroftruth.org\/uk\/wp-json\/wp\/v2\/product_brand?post=843"},{"taxonomy":"product_cat","embeddable":true,"href":"https:\/\/staging.banneroftruth.org\/uk\/wp-json\/wp\/v2\/product_cat?post=843"},{"taxonomy":"product_tag","embeddable":true,"href":"https:\/\/staging.banneroftruth.org\/uk\/wp-json\/wp\/v2\/product_tag?post=843"}],"curies":[{"name":"wp","href":"https:\/\/api.w.org\/{rel}","templated":true}]}}