{"id":17463,"date":"2015-03-19T17:29:23","date_gmt":"2015-03-19T17:29:23","guid":{"rendered":"http:\/\/\/uk\/find-a-list\/"},"modified":"2015-03-19T17:29:23","modified_gmt":"2015-03-19T17:29:23","slug":"find-a-list","status":"publish","type":"page","link":"https:\/\/staging.banneroftruth.org\/uk\/find-a-list\/","title":{"rendered":"Find a List"},"content":{"rendered":"\n    <div id=\"wl-wrapper\" class=\"woocommerce\">\n\n\t\t\t\t\t\t\t\n        <form class=\"wl-search-form\" method=\"get\">\n            <label for=\"f-list\">Find Someone&#039;s List<\/label>\n            <input type=\"text\" name=\"f-list\" id=\"f-list\" class=\"find-input\" value=\"\" placeholder=\"Enter name or email\"\/>\n            <input type=\"submit\" class=\"button\" value=\"Search\"\/>\n        <\/form>\n        <hr\/>\n\n\t\t\t\t\t            <table class=\"shop_table cart wl-table wl-manage wl-find-table\" cellspacing=\"0\">\n                <thead>\n                <tr>\n                    <th class=\"product-name\">List Name<\/th>\n                    <th class=\"wl-pers-name\">Name<\/th>\n                    <th class=\"wl-date-added\">Date Added<\/th>\n                <\/tr>\n                <\/thead>\n\n\t\t\t\t                    <tr>\n                        <td><a href=\"https:\/\/staging.banneroftruth.org\/uk\/view-a-list\/?wlid=89969\">123<\/a><\/td>\n                        <td> <\/td>\n                        <td class=\"wl-date-added\">19 November 2021<\/td>\n                    <\/tr>\n\t\t\t\t                    <tr>\n                        <td><a href=\"https:\/\/staging.banneroftruth.org\/uk\/view-a-list\/?wlid=96757\">2022 nov<\/a><\/td>\n                        <td>fiona tran<\/td>\n                        <td class=\"wl-date-added\">24 November 2022<\/td>\n                    <\/tr>\n\t\t\t\t                    <tr>\n                        <td><a href=\"https:\/\/staging.banneroftruth.org\/uk\/view-a-list\/?wlid=95987\">2022 Oct<\/a><\/td>\n                        <td>John Wong<\/td>\n                        <td class=\"wl-date-added\">25 October 2022<\/td>\n                    <\/tr>\n\t\t\t\t                    <tr>\n                        <td><a href=\"https:\/\/staging.banneroftruth.org\/uk\/view-a-list\/?wlid=94014\">A<\/a><\/td>\n                        <td> <\/td>\n                        <td class=\"wl-date-added\">28 May 2022<\/td>\n                    <\/tr>\n\t\t\t\t                    <tr>\n                        <td><a href=\"https:\/\/staging.banneroftruth.org\/uk\/view-a-list\/?wlid=79845\">Banner List 1<\/a><\/td>\n                        <td>Francis Dalrymple-Hamilton<\/td>\n                        <td class=\"wl-date-added\">17 July 2020<\/td>\n                    <\/tr>\n\t\t\t\t                    <tr>\n                        <td><a href=\"https:\/\/staging.banneroftruth.org\/uk\/view-a-list\/?wlid=84631\">Banner of Truth<\/a><\/td>\n                        <td>M.J. Keesmaat<\/td>\n                        <td class=\"wl-date-added\">15 January 2021<\/td>\n                    <\/tr>\n\t\t\t\t                    <tr>\n                        <td><a href=\"https:\/\/staging.banneroftruth.org\/uk\/view-a-list\/?wlid=90609\">Berkoff<\/a><\/td>\n                        <td>Jos\u00e9 Alejandro Gonz\u00e1lez Hern\u00e1ndez<\/td>\n                        <td class=\"wl-date-added\">1 December 2021<\/td>\n                    <\/tr>\n\t\t\t\t                    <tr>\n                        <td><a href=\"https:\/\/staging.banneroftruth.org\/uk\/view-a-list\/?wlid=90061\">Bible<\/a><\/td>\n                        <td>Jos\u00e9 Alejandro Gonz\u00e1lez Hern\u00e1ndez<\/td>\n                        <td class=\"wl-date-added\">22 November 2021<\/td>\n                    <\/tr>\n\t\t\t\t                    <tr>\n                        <td><a href=\"https:\/\/staging.banneroftruth.org\/uk\/view-a-list\/?wlid=87533\">Bible Study Series<\/a><\/td>\n                        <td>Stephen Tomlinson<\/td>\n                        <td class=\"wl-date-added\">28 June 2021<\/td>\n                    <\/tr>\n\t\t\t\t                    <tr>\n                        <td><a href=\"https:\/\/staging.banneroftruth.org\/uk\/view-a-list\/?wlid=72758\">Biblical theology book<\/a><\/td>\n                        <td>Apostle Isaac<\/td>\n                        <td class=\"wl-date-added\">26 February 2020<\/td>\n                    <\/tr>\n\t\t\t\t            <\/table>\n\n\t\t\t        <nav id=\"\" class=\"navigation\" role=\"navigation\">\n            <div class=\"nav-previous alignleft\"><a href=\"https:\/\/staging.banneroftruth.org\/uk\/wp-json\/wp\/v2\/pages\/17463\/page\/2\/\" ><span class=\"meta-nav\">&larr;<\/span> Older lists<\/a><\/div>\n            <div class=\"nav-next alignright\"><\/div>\n        <\/nav><!-- #nav-below .navigation -->\n    \n\t\t    <\/div>\n\n","protected":false},"excerpt":{"rendered":"","protected":false},"author":1,"featured_media":0,"parent":0,"menu_order":0,"comment_status":"closed","ping_status":"closed","template":"","meta":{"footnotes":""},"class_list":["post-17463","page","type-page","status-publish","hentry"],"yoast_head":"<!-- This site is optimized with the Yoast SEO Premium plugin v27.3 (Yoast SEO v27.3) - https:\/\/yoast.com\/product\/yoast-seo-premium-wordpress\/ -->\n<title>Find a List - Banner of Truth UK<\/title>\n<meta name=\"robots\" content=\"noindex, follow, max-snippet:-1, max-image-preview:large, max-video-preview:-1\" \/>\n<meta property=\"og:locale\" content=\"en_GB\" \/>\n<meta property=\"og:type\" content=\"article\" \/>\n<meta property=\"og:title\" content=\"Find a List\" \/>\n<meta property=\"og:url\" content=\"https:\/\/staging.banneroftruth.org\/uk\/find-a-list\/\" \/>\n<meta property=\"og:site_name\" content=\"Banner of Truth UK\" \/>\n<meta property=\"article:publisher\" content=\"https:\/\/www.facebook.com\/TheBannerofTruth\" \/>\n<meta property=\"og:image\" content=\"https:\/\/staging.banneroftruth.org\/uk\/wp-content\/uploads\/sites\/6\/2015\/09\/1619303_10152009227311976_3978164821797516248_n.jpg\" \/>\n<meta name=\"twitter:card\" content=\"summary_large_image\" \/>\n<meta name=\"twitter:site\" content=\"@Banneroftruth\" \/>\n<script type=\"application\/ld+json\" class=\"yoast-schema-graph\">{\"@context\":\"https:\\\/\\\/schema.org\",\"@graph\":[{\"@type\":\"WebPage\",\"@id\":\"https:\\\/\\\/staging.banneroftruth.org\\\/uk\\\/find-a-list\\\/\",\"url\":\"https:\\\/\\\/staging.banneroftruth.org\\\/uk\\\/find-a-list\\\/\",\"name\":\"Find a List - Banner of Truth UK\",\"isPartOf\":{\"@id\":\"https:\\\/\\\/staging.banneroftruth.org\\\/uk\\\/#website\"},\"datePublished\":\"2015-03-19T17:29:23+00:00\",\"breadcrumb\":{\"@id\":\"https:\\\/\\\/staging.banneroftruth.org\\\/uk\\\/find-a-list\\\/#breadcrumb\"},\"inLanguage\":\"en-GB\",\"potentialAction\":[{\"@type\":\"ReadAction\",\"target\":[\"https:\\\/\\\/staging.banneroftruth.org\\\/uk\\\/find-a-list\\\/\"]}]},{\"@type\":\"BreadcrumbList\",\"@id\":\"https:\\\/\\\/staging.banneroftruth.org\\\/uk\\\/find-a-list\\\/#breadcrumb\",\"itemListElement\":[{\"@type\":\"ListItem\",\"position\":1,\"name\":\"Home\",\"item\":\"https:\\\/\\\/staging.banneroftruth.org\\\/uk\\\/\"},{\"@type\":\"ListItem\",\"position\":2,\"name\":\"Find a List\"}]},{\"@type\":\"WebSite\",\"@id\":\"https:\\\/\\\/staging.banneroftruth.org\\\/uk\\\/#website\",\"url\":\"https:\\\/\\\/staging.banneroftruth.org\\\/uk\\\/\",\"name\":\"Banner of Truth UK\",\"description\":\"Christian Publisher of Reformed &amp; Puritan Books\",\"publisher\":{\"@id\":\"https:\\\/\\\/staging.banneroftruth.org\\\/uk\\\/#organization\"},\"potentialAction\":[{\"@type\":\"SearchAction\",\"target\":{\"@type\":\"EntryPoint\",\"urlTemplate\":\"https:\\\/\\\/staging.banneroftruth.org\\\/uk\\\/?s={search_term_string}\"},\"query-input\":{\"@type\":\"PropertyValueSpecification\",\"valueRequired\":true,\"valueName\":\"search_term_string\"}}],\"inLanguage\":\"en-GB\"},{\"@type\":\"Organization\",\"@id\":\"https:\\\/\\\/staging.banneroftruth.org\\\/uk\\\/#organization\",\"name\":\"Banner of Truth UK\",\"url\":\"https:\\\/\\\/staging.banneroftruth.org\\\/uk\\\/\",\"logo\":{\"@type\":\"ImageObject\",\"inLanguage\":\"en-GB\",\"@id\":\"https:\\\/\\\/staging.banneroftruth.org\\\/uk\\\/#\\\/schema\\\/logo\\\/image\\\/\",\"url\":\"https:\\\/\\\/staging.banneroftruth.org\\\/uk\\\/wp-content\\\/uploads\\\/sites\\\/6\\\/2021\\\/04\\\/logo_and_text_Jun2015.png\",\"contentUrl\":\"https:\\\/\\\/staging.banneroftruth.org\\\/uk\\\/wp-content\\\/uploads\\\/sites\\\/6\\\/2021\\\/04\\\/logo_and_text_Jun2015.png\",\"width\":377,\"height\":132,\"caption\":\"Banner of Truth UK\"},\"image\":{\"@id\":\"https:\\\/\\\/staging.banneroftruth.org\\\/uk\\\/#\\\/schema\\\/logo\\\/image\\\/\"},\"sameAs\":[\"https:\\\/\\\/www.facebook.com\\\/TheBannerofTruth\",\"https:\\\/\\\/x.com\\\/Banneroftruth\",\"https:\\\/\\\/www.instagram.com\\\/banneroftruth\\\/?hl=en\"]}]}<\/script>\n<!-- \/ Yoast SEO Premium plugin. -->","yoast_head_json":{"title":"Find a List - Banner of Truth UK","robots":{"index":"noindex","follow":"follow","max-snippet":"max-snippet:-1","max-image-preview":"max-image-preview:large","max-video-preview":"max-video-preview:-1"},"og_locale":"en_GB","og_type":"article","og_title":"Find a List","og_url":"https:\/\/staging.banneroftruth.org\/uk\/find-a-list\/","og_site_name":"Banner of Truth UK","article_publisher":"https:\/\/www.facebook.com\/TheBannerofTruth","og_image":[{"url":"https:\/\/staging.banneroftruth.org\/uk\/wp-content\/uploads\/sites\/6\/2015\/09\/1619303_10152009227311976_3978164821797516248_n.jpg","type":"","width":"","height":""}],"twitter_card":"summary_large_image","twitter_site":"@Banneroftruth","schema":{"@context":"https:\/\/schema.org","@graph":[{"@type":"WebPage","@id":"https:\/\/staging.banneroftruth.org\/uk\/find-a-list\/","url":"https:\/\/staging.banneroftruth.org\/uk\/find-a-list\/","name":"Find a List - Banner of Truth UK","isPartOf":{"@id":"https:\/\/staging.banneroftruth.org\/uk\/#website"},"datePublished":"2015-03-19T17:29:23+00:00","breadcrumb":{"@id":"https:\/\/staging.banneroftruth.org\/uk\/find-a-list\/#breadcrumb"},"inLanguage":"en-GB","potentialAction":[{"@type":"ReadAction","target":["https:\/\/staging.banneroftruth.org\/uk\/find-a-list\/"]}]},{"@type":"BreadcrumbList","@id":"https:\/\/staging.banneroftruth.org\/uk\/find-a-list\/#breadcrumb","itemListElement":[{"@type":"ListItem","position":1,"name":"Home","item":"https:\/\/staging.banneroftruth.org\/uk\/"},{"@type":"ListItem","position":2,"name":"Find a List"}]},{"@type":"WebSite","@id":"https:\/\/staging.banneroftruth.org\/uk\/#website","url":"https:\/\/staging.banneroftruth.org\/uk\/","name":"Banner of Truth UK","description":"Christian Publisher of Reformed &amp; Puritan Books","publisher":{"@id":"https:\/\/staging.banneroftruth.org\/uk\/#organization"},"potentialAction":[{"@type":"SearchAction","target":{"@type":"EntryPoint","urlTemplate":"https:\/\/staging.banneroftruth.org\/uk\/?s={search_term_string}"},"query-input":{"@type":"PropertyValueSpecification","valueRequired":true,"valueName":"search_term_string"}}],"inLanguage":"en-GB"},{"@type":"Organization","@id":"https:\/\/staging.banneroftruth.org\/uk\/#organization","name":"Banner of Truth UK","url":"https:\/\/staging.banneroftruth.org\/uk\/","logo":{"@type":"ImageObject","inLanguage":"en-GB","@id":"https:\/\/staging.banneroftruth.org\/uk\/#\/schema\/logo\/image\/","url":"https:\/\/staging.banneroftruth.org\/uk\/wp-content\/uploads\/sites\/6\/2021\/04\/logo_and_text_Jun2015.png","contentUrl":"https:\/\/staging.banneroftruth.org\/uk\/wp-content\/uploads\/sites\/6\/2021\/04\/logo_and_text_Jun2015.png","width":377,"height":132,"caption":"Banner of Truth UK"},"image":{"@id":"https:\/\/staging.banneroftruth.org\/uk\/#\/schema\/logo\/image\/"},"sameAs":["https:\/\/www.facebook.com\/TheBannerofTruth","https:\/\/x.com\/Banneroftruth","https:\/\/www.instagram.com\/banneroftruth\/?hl=en"]}]}},"_links":{"self":[{"href":"https:\/\/staging.banneroftruth.org\/uk\/wp-json\/wp\/v2\/pages\/17463","targetHints":{"allow":["GET"]}}],"collection":[{"href":"https:\/\/staging.banneroftruth.org\/uk\/wp-json\/wp\/v2\/pages"}],"about":[{"href":"https:\/\/staging.banneroftruth.org\/uk\/wp-json\/wp\/v2\/types\/page"}],"author":[{"embeddable":true,"href":"https:\/\/staging.banneroftruth.org\/uk\/wp-json\/wp\/v2\/users\/1"}],"replies":[{"embeddable":true,"href":"https:\/\/staging.banneroftruth.org\/uk\/wp-json\/wp\/v2\/comments?post=17463"}],"version-history":[{"count":0,"href":"https:\/\/staging.banneroftruth.org\/uk\/wp-json\/wp\/v2\/pages\/17463\/revisions"}],"wp:attachment":[{"href":"https:\/\/staging.banneroftruth.org\/uk\/wp-json\/wp\/v2\/media?parent=17463"}],"curies":[{"name":"wp","href":"https:\/\/api.w.org\/{rel}","templated":true}]}}